{"id":7936,"date":"2022-05-17T09:39:01","date_gmt":"2022-05-17T07:39:01","guid":{"rendered":"https:\/\/stolavsleden.com\/?page_id=7936"},"modified":"2022-05-17T09:42:57","modified_gmt":"2022-05-17T07:42:57","slug":"streif-bakeri-och-cafe","status":"publish","type":"page","link":"https:\/\/stolavsleden.com\/sv\/streif-bakeri-och-cafe\/","title":{"rendered":"STREIF bakeri och caf\u00e9"},"content":{"rendered":"\t\t<div data-elementor-type=\"wp-page\" data-elementor-id=\"7936\" class=\"elementor elementor-7936\" data-elementor-post-type=\"page\">\n\t\t\t\t\t\t<section class=\"elementor-section elementor-top-section elementor-element elementor-element-c380c63 elementor-section-content-middle elementor-section-stretched elementor-section-boxed elementor-section-height-default elementor-section-height-default\" data-id=\"c380c63\" data-element_type=\"section\" data-e-type=\"section\" data-settings=\"{&quot;background_background&quot;:&quot;classic&quot;,&quot;stretch_section&quot;:&quot;section-stretched&quot;}\">\n\t\t\t\t\t\t<div class=\"elementor-container elementor-column-gap-wider\">\n\t\t\t\t\t<div class=\"elementor-column elementor-col-50 elementor-top-column elementor-element elementor-element-3b3c86d\" data-id=\"3b3c86d\" data-element_type=\"column\" data-e-type=\"column\">\n\t\t\t<div class=\"elementor-widget-wrap elementor-element-populated\">\n\t\t\t\t\t\t<div class=\"elementor-element elementor-element-f8ba9f3 elementor-widget elementor-widget-text-editor\" data-id=\"f8ba9f3\" data-element_type=\"widget\" data-e-type=\"widget\" data-widget_type=\"text-editor.default\">\n\t\t\t\t<div class=\"elementor-widget-container\">\n\t\t\t\t\t\t\t\t\t<p>Morotskakan med dubbelglasyr \u00e4r sidenlen mot gommen p\u00e5 Streif Bakeri &amp; Caf\u00e9. H\u00e4r plumsar tr\u00f6tta pilgrimer ner i djupa f\u00e5t\u00f6ljer och avnjuter lugnet, smakerna och atmosf\u00e4ren. Teet \u00e4r mjukt och lite str\u00e4vt p\u00e5 tungan. Sammetsgardinerna d\u00e4mpar sorlet fr\u00e5n g\u00e4stande turister och lokalbor.<\/p><p>Vid kassan finns f\u00e4rgglada bakverk, sm\u00f6rg\u00e5sar och enklare matr\u00e4tter p\u00e5 display. Allt \u00e4r ekologiskt och s\u00e5 l\u00e5ngt det g\u00e5r lokalproducerat. Ryktet s\u00e4ger att v\u00e5fflorna \u00e4r b\u00e4st i stan eftersom de alltid \u00e4r nygr\u00e4ddade. P\u00e5 griffeltavlan st\u00e5r att l\u00e4sa: Pilgrimspaj med fetaost. <br \/>Pilgrimstoast med pulled pork fr\u00e5n lokal leverant\u00f6r. Sm\u00f6rg\u00e5sar med lokale honungsmarinerad lax och brie. Toast med ost, bacon och avokado. Sm\u00f6rg\u00e5sar med lax, brie, klippfiskr\u00f6ra eller spekeskinka. Bacalao. Myklagard pizza.<br \/>Allt detta tillagas i en avslappnad och lugn milj\u00f6 med en fridfull uteservering p\u00e5 \u00e4lvstranden helt n\u00e4ra men \u00e4nd\u00e5 totalt avskilt fr\u00e5n stadens brus.<\/p><p>&#8211; Vi bakar med ekologiskt mj\u00f6l och mycket med de gamla kornsorterna. Kornet odlas i Tr\u00f6ndelag och \u00e4r en viktig del i matkonceptet, ber\u00e4ttar Elin Anita Aasland som jobbat med urkorn i 20 \u00e5r.<br \/>-Pilgrimerna har ju vandrat genom v\u00e5rt matland, vi f\u00e5r visa att vi anv\u00e4nder det. Streif har f\u00e5tt en utm\u00e4rkelse f\u00f6r att vi anv\u00e4nder en stor andel lokalproducerade r\u00e5varor, mer \u00e4n 60 procent, s\u00e4ger Elin Anita.<\/p><p>\u00c4ven om Streif Bakeri &amp; Caf\u00e9 \u00f6ppnade f\u00f6r endast ett par \u00e5r sedan b\u00e4r den gr\u00f6na tr\u00e4byggnaden p\u00e5 sin historia. Den uppf\u00f6rdes som bef\u00e4lsm\u00e4ss av tyska ockupationsmakten under andra v\u00e4rldskriget. Idag \u00e4r det en del av stiftelsen Nidaros pilgrimsg\u00e5rd som driver mottagningscenter, bed &amp; breakfast och hotell.<\/p><p>Fr\u00e5n caf\u00e9ets uteservering blickar bes\u00f6karen ut \u00f6ver Nidelven som kantas av de f\u00e4rgglada handelshusen som stammar fr\u00e5n 1600-talet d\u00e5 handelsskepp landade h\u00e4r. Men ocks\u00e5 \u00f6ver den Gamla bybron d\u00e4r en str\u00f6m av m\u00e4nniskor strosar, en passande skildring d\u00e5 norska ordet f\u00f6r strosa namngivit st\u00e4llet, streif.<\/p><p>Oavsett om du vandrat 58 mil pilgrimsled och anl\u00e4nt till slutm\u00e5let, domkyrkan i Trondheim eller gjort dig en dagstur p\u00e5 stan kan du h\u00e4r komma ikapp dig sj\u00e4lv. Str\u00f6va in p\u00e5 Streif och prova nybakade kanelbullar med vaniljkr\u00e4m, traditionell norsk fyrstekake eller det delikata streifbr\u00f6det. <\/p>\t\t\t\t\t\t\t\t<\/div>\n\t\t\t\t<\/div>\n\t\t\t\t<div class=\"elementor-element elementor-element-5f39bb8 gallery-spacing-custom elementor-widget elementor-widget-image-gallery\" data-id=\"5f39bb8\" data-element_type=\"widget\" data-e-type=\"widget\" data-widget_type=\"image-gallery.default\">\n\t\t\t\t<div class=\"elementor-widget-container\">\n\t\t\t\t\t\t\t<div class=\"elementor-image-gallery\">\n\t\t\t<div id='gallery-1' class='gallery galleryid-7936 gallery-columns-2 gallery-size-thumbnail'><figure class='gallery-item'>\n\t\t\t<div class='gallery-icon landscape'>\n\t\t\t\t<a data-elementor-open-lightbox=\"yes\" data-elementor-lightbox-slideshow=\"5f39bb8\" data-elementor-lightbox-title=\"Streif-bakverk2-1024\" data-e-action-hash=\"#elementor-action%3Aaction%3Dlightbox%26settings%3DeyJpZCI6Nzk0MiwidXJsIjoiaHR0cHM6XC9cL3N0b2xhdnNsZWRlbi5jb21cL3dwLWNvbnRlbnRcL3VwbG9hZHNcLzIwMjJcLzA1XC9TdHJlaWYtYmFrdmVyazItMTAyNC5qcGciLCJzbGlkZXNob3ciOiI1ZjM5YmI4In0%3D\" href='https:\/\/stolavsleden.com\/wp-content\/uploads\/2022\/05\/Streif-bakverk2-1024.jpg'><img fetchpriority=\"high\" width=\"1024\" height=\"576\" src=\"https:\/\/stolavsleden.com\/wp-content\/uploads\/2022\/05\/Streif-bakverk2-1024.jpg\" class=\"attachment-thumbnail size-thumbnail\" alt=\"Streif bakverk\" decoding=\"async\" srcset=\"https:\/\/stolavsleden.com\/wp-content\/uploads\/2022\/05\/Streif-bakverk2-1024.jpg 1024w, https:\/\/stolavsleden.com\/wp-content\/uploads\/2022\/05\/Streif-bakverk2-1024-768x432.jpg 768w\" sizes=\"(max-width: 1024px) 100vw, 1024px\" \/><\/a>\n\t\t\t<\/div><\/figure><figure class='gallery-item'>\n\t\t\t<div class='gallery-icon landscape'>\n\t\t\t\t<a data-elementor-open-lightbox=\"yes\" data-elementor-lightbox-slideshow=\"5f39bb8\" data-elementor-lightbox-title=\"Streif-utomhus\" data-e-action-hash=\"#elementor-action%3Aaction%3Dlightbox%26settings%3DeyJpZCI6Nzk0NCwidXJsIjoiaHR0cHM6XC9cL3N0b2xhdnNsZWRlbi5jb21cL3dwLWNvbnRlbnRcL3VwbG9hZHNcLzIwMjJcLzA1XC9TdHJlaWYtdXRvbWh1cy5qcGciLCJzbGlkZXNob3ciOiI1ZjM5YmI4In0%3D\" href='https:\/\/stolavsleden.com\/wp-content\/uploads\/2022\/05\/Streif-utomhus.jpg'><img width=\"1024\" height=\"576\" src=\"https:\/\/stolavsleden.com\/wp-content\/uploads\/2022\/05\/Streif-utomhus.jpg\" class=\"attachment-thumbnail size-thumbnail\" alt=\"Streif uteservering\" decoding=\"async\" srcset=\"https:\/\/stolavsleden.com\/wp-content\/uploads\/2022\/05\/Streif-utomhus.jpg 1024w, https:\/\/stolavsleden.com\/wp-content\/uploads\/2022\/05\/Streif-utomhus-768x432.jpg 768w\" sizes=\"(max-width: 1024px) 100vw, 1024px\" \/><\/a>\n\t\t\t<\/div><\/figure><figure class='gallery-item'>\n\t\t\t<div class='gallery-icon landscape'>\n\t\t\t\t<a data-elementor-open-lightbox=\"yes\" data-elementor-lightbox-slideshow=\"5f39bb8\" data-elementor-lightbox-title=\"Streif-Elin\" data-e-action-hash=\"#elementor-action%3Aaction%3Dlightbox%26settings%3DeyJpZCI6Nzk0NiwidXJsIjoiaHR0cHM6XC9cL3N0b2xhdnNsZWRlbi5jb21cL3dwLWNvbnRlbnRcL3VwbG9hZHNcLzIwMjJcLzA1XC9TdHJlaWYtRWxpbi5qcGciLCJzbGlkZXNob3ciOiI1ZjM5YmI4In0%3D\" href='https:\/\/stolavsleden.com\/wp-content\/uploads\/2022\/05\/Streif-Elin.jpg'><img width=\"1024\" height=\"576\" src=\"https:\/\/stolavsleden.com\/wp-content\/uploads\/2022\/05\/Streif-Elin.jpg\" class=\"attachment-thumbnail size-thumbnail\" alt=\"Streif Elin\" decoding=\"async\" srcset=\"https:\/\/stolavsleden.com\/wp-content\/uploads\/2022\/05\/Streif-Elin.jpg 1024w, https:\/\/stolavsleden.com\/wp-content\/uploads\/2022\/05\/Streif-Elin-768x432.jpg 768w\" sizes=\"(max-width: 1024px) 100vw, 1024px\" \/><\/a>\n\t\t\t<\/div><\/figure>\n\t\t<\/div>\n\t\t<\/div>\n\t\t\t\t\t\t<\/div>\n\t\t\t\t<\/div>\n\t\t\t\t\t<\/div>\n\t\t<\/div>\n\t\t\t\t<div class=\"elementor-column elementor-col-50 elementor-top-column elementor-element elementor-element-ffc7f08\" data-id=\"ffc7f08\" data-element_type=\"column\" data-e-type=\"column\" data-settings=\"{&quot;background_background&quot;:&quot;classic&quot;}\">\n\t\t\t<div class=\"elementor-widget-wrap elementor-element-populated\">\n\t\t\t\t\t\t<div class=\"elementor-element elementor-element-a0a7bbb elementor-widget elementor-widget-heading\" data-id=\"a0a7bbb\" data-element_type=\"widget\" data-e-type=\"widget\" data-widget_type=\"heading.default\">\n\t\t\t\t<div class=\"elementor-widget-container\">\n\t\t\t\t\t<h2 class=\"elementor-heading-title elementor-size-default\">FAKTA<\/h2>\t\t\t\t<\/div>\n\t\t\t\t<\/div>\n\t\t\t\t<div class=\"elementor-element elementor-element-d54d671 elementor-widget elementor-widget-text-editor\" data-id=\"d54d671\" data-element_type=\"widget\" data-e-type=\"widget\" data-widget_type=\"text-editor.default\">\n\t\t\t\t<div class=\"elementor-widget-container\">\n\t\t\t\t\t\t\t\t\t<p><em>Var: <\/em>Ett stenkast fr\u00e5n domkyrkan i Trondheim, blickar ut \u00f6ver \u00e4lven och bybrua (stadsbron)<\/p><p><em>Missa inte: <\/em>Supersaftig morotskaka med dubbel glasyr. Pilgrimspaj med fetaost.<\/p><p><em>Annat: <\/em>Allt br\u00f6d bakas p\u00e5 lokalodlat urkorn vilket ger smak, konsistens och n\u00e4ring. <em>\u00a0<\/em><\/p><p><em>\u00d6ppettider &amp; kontakt:<br \/><\/em><a href=\"https:\/\/www.nidarospilegrimsgard.no\/side\/streif-bakeri-og-cafe\/\" target=\"_blank\" rel=\"noopener\">Hemsida \u00bb<\/a><br \/><a href=\"https:\/\/www.facebook.com\/streifbakeriogcafe.no\" target=\"_blank\" rel=\"noopener\">Facebook:<\/a><\/p>\t\t\t\t\t\t\t\t<\/div>\n\t\t\t\t<\/div>\n\t\t\t\t\t<\/div>\n\t\t<\/div>\n\t\t\t\t\t<\/div>\n\t\t<\/section>\n\t\t\t\t<\/div>\n\t\t","protected":false},"excerpt":{"rendered":"<p>Morotskakan med dubbelglasyr \u00e4r sidenlen mot gommen p\u00e5 Streif Bakeri &amp; Caf\u00e9. H\u00e4r plumsar tr\u00f6tta pilgrimer ner i djupa f\u00e5t\u00f6ljer och avnjuter lugnet, smakerna och atmosf\u00e4ren. Teet \u00e4r mjukt och lite str\u00e4vt p\u00e5 tungan. Sammetsgardinerna d\u00e4mpar sorlet fr\u00e5n g\u00e4stande turister och lokalbor. Vid kassan finns f\u00e4rgglada bakverk, sm\u00f6rg\u00e5sar och enklare matr\u00e4tter p\u00e5 display. Allt \u00e4r [&hellip;]<\/p>\n","protected":false},"author":12,"featured_media":7901,"parent":0,"menu_order":0,"comment_status":"closed","ping_status":"closed","template":"","meta":{"_acf_changed":false,"footnotes":""},"class_list":["post-7936","page","type-page","status-publish","has-post-thumbnail","hentry"],"acf":[],"_links":{"self":[{"href":"https:\/\/stolavsleden.com\/sv\/wp-json\/wp\/v2\/pages\/7936","targetHints":{"allow":["GET"]}}],"collection":[{"href":"https:\/\/stolavsleden.com\/sv\/wp-json\/wp\/v2\/pages"}],"about":[{"href":"https:\/\/stolavsleden.com\/sv\/wp-json\/wp\/v2\/types\/page"}],"author":[{"embeddable":true,"href":"https:\/\/stolavsleden.com\/sv\/wp-json\/wp\/v2\/users\/12"}],"replies":[{"embeddable":true,"href":"https:\/\/stolavsleden.com\/sv\/wp-json\/wp\/v2\/comments?post=7936"}],"version-history":[{"count":3,"href":"https:\/\/stolavsleden.com\/sv\/wp-json\/wp\/v2\/pages\/7936\/revisions"}],"predecessor-version":[{"id":7950,"href":"https:\/\/stolavsleden.com\/sv\/wp-json\/wp\/v2\/pages\/7936\/revisions\/7950"}],"wp:featuredmedia":[{"embeddable":true,"href":"https:\/\/stolavsleden.com\/sv\/wp-json\/wp\/v2\/media\/7901"}],"wp:attachment":[{"href":"https:\/\/stolavsleden.com\/sv\/wp-json\/wp\/v2\/media?parent=7936"}],"curies":[{"name":"wp","href":"https:\/\/api.w.org\/{rel}","templated":true}]}}