{"id":7595,"date":"2022-03-24T16:39:40","date_gmt":"2022-03-24T15:39:40","guid":{"rendered":"https:\/\/stolavsleden.com\/hussborg-herrgard\/"},"modified":"2022-03-24T18:41:05","modified_gmt":"2022-03-24T17:41:05","slug":"hussborg-herrgard","status":"publish","type":"page","link":"https:\/\/stolavsleden.com\/sv\/hussborg-herrgard\/","title":{"rendered":"Hussborg Herrg\u00e5rd"},"content":{"rendered":"\t\t<div data-elementor-type=\"wp-page\" data-elementor-id=\"7595\" class=\"elementor elementor-7595 elementor-7229\" data-elementor-post-type=\"page\">\n\t\t\t\t\t\t<section class=\"elementor-section elementor-top-section elementor-element elementor-element-c380c63 elementor-section-content-middle elementor-section-stretched elementor-section-boxed elementor-section-height-default elementor-section-height-default\" data-id=\"c380c63\" data-element_type=\"section\" data-e-type=\"section\" data-settings=\"{&quot;background_background&quot;:&quot;classic&quot;,&quot;stretch_section&quot;:&quot;section-stretched&quot;}\">\n\t\t\t\t\t\t<div class=\"elementor-container elementor-column-gap-wider\">\n\t\t\t\t\t<div class=\"elementor-column elementor-col-50 elementor-top-column elementor-element elementor-element-3b3c86d\" data-id=\"3b3c86d\" data-element_type=\"column\" data-e-type=\"column\">\n\t\t\t<div class=\"elementor-widget-wrap elementor-element-populated\">\n\t\t\t\t\t\t<div class=\"elementor-element elementor-element-f8ba9f3 elementor-widget elementor-widget-text-editor\" data-id=\"f8ba9f3\" data-element_type=\"widget\" data-e-type=\"widget\" data-widget_type=\"text-editor.default\">\n\t\t\t\t<div class=\"elementor-widget-container\">\n\t\t\t\t\t\t\t\t\t<p>Solen str\u00e5lar \u00f6ver g\u00e5rdsplanen framf\u00f6r Hussborg Herrg\u00e5rd. Det \u00e4r tidig f\u00f6rmiddag och hotellchefen Katarina Dahl har en stunds lugn i restaurangens kombinerade foaj\u00e9 och reception. P\u00e5 gr\u00e4sytan utanf\u00f6r \u00f6var ett par golfare inf\u00f6r sin kommande runda.\r\n\r\n<p>\u2013 Titta g\u00e4rna runt en stund i parken innan vi \u00f6ppnar, det \u00e4r v\u00e4ldigt fint nu p\u00e5 f\u00f6rsommaren, s\u00e4ger hon innan hon styr in i k\u00f6ket f\u00f6r att st\u00e4mma av det sista inf\u00f6r lunchen.\r\n\r\n<p>Hussborg Herrg\u00e5rd har en anrik historia, byggnaden uppf\u00f6rdes i mitten av 1800-talet av s\u00f6nerna till bygdens prost Johan Huss och omgivningarna andas ett v\u00e4rdigt lugn. Det lockar b\u00e5de folk fr\u00e5n n\u00e4romr\u00e5det och mer l\u00e5ngv\u00e4ga aff\u00e4rsresen\u00e4rer, ber\u00e4ttar Katarina. Bland bes\u00f6karna m\u00e4rks ocks\u00e5 en hel del av S:t Olavsledens vandrare, som ofta ocks\u00e5 v\u00e4ljer att \u00f6vernatta h\u00e4r.\r\n\r\n<p>Just idag syns dock inga ryggs\u00e4ckar i hotellmatsalen, och inte heller p\u00e5 den soliga verandan utanf\u00f6r, men v\u00e4l n\u00e5gra av traktens hantverkare och ett golfs\u00e4llskap. En man ber\u00e4ttar att han ofta \u00e4ter h\u00e4r, f\u00f6r att \u201dmaten \u00e4r riktigt bra\u201d. N\u00e4r Katarina f\u00e5r h\u00f6ra det lyser hon upp.\r\n\r\n<p>\u2013 Vi satsar mycket p\u00e5 v\u00e5rt k\u00f6k och f\u00f6rs\u00f6ker hitta r\u00e5varorna lokalt i den m\u00e5n det g\u00e5r. Dessutom ser vi till att det alltid finns fisk p\u00e5 menyn, det \u00e4r m\u00e5nga som uppskattar det till lunch, s\u00e4ger hon.\r\n\r\n<p>Just denna sommardags fiskr\u00e4tt \u00e4r en torsk under ett \u00f6rtigt t\u00e4cke. Den ackompanjeras av f\u00e4rskpotatis och sm\u00e4lt sm\u00f6r, och med fr\u00e4scha gr\u00f6nsaker fr\u00e5n salladsbuff\u00e9n. Fr\u00e5n verandabordet erbjuds obegr\u00e4nsad utsikt \u00f6ver skogar, f\u00e4lt och golfbanans 18:e h\u00e5l \u2013 en oftast odramatisk underh\u00e5llning f\u00f6r den som vill ha n\u00e5got att vila \u00f6gonen p\u00e5.\r\n\r\n<p>Smakpatrullen hugger in och fisken \u00e4r smakrik och mj\u00e4ll, varsamt tillagad s\u00e5 att den har kvar sin sp\u00e4nst och saftighet. Tunnskalig potatis, ugnsbakade k\u00f6rsb\u00e4rstomater och sm\u00f6r med \u00f6rtiga toner ger balans \u00e5t kompositionen. En kaffe och en n\u00e5got f\u00f6rl\u00e4ngd njutarpaus i solen ovanp\u00e5 det, sen \u00e4r kroppen redo f\u00f6r eftermiddagens vandring.\t\t\t\t\t\t\t\t<\/div>\n\t\t\t\t<\/div>\n\t\t\t\t<div class=\"elementor-element elementor-element-5f39bb8 gallery-spacing-custom elementor-widget elementor-widget-image-gallery\" data-id=\"5f39bb8\" data-element_type=\"widget\" data-e-type=\"widget\" data-widget_type=\"image-gallery.default\">\n\t\t\t\t<div class=\"elementor-widget-container\">\n\t\t\t\t\t\t\t<div class=\"elementor-image-gallery\">\n\t\t\t<div id='gallery-1' class='gallery galleryid-7595 gallery-columns-2 gallery-size-thumbnail'><figure class='gallery-item'>\n\t\t\t<div class='gallery-icon landscape'>\n\t\t\t\t<a data-elementor-open-lightbox=\"yes\" data-elementor-lightbox-slideshow=\"5f39bb8\" data-elementor-lightbox-title=\"Hussborg_S0A0392-ny\" data-e-action-hash=\"#elementor-action%3Aaction%3Dlightbox%26settings%3DeyJpZCI6NzE0NSwidXJsIjoiaHR0cHM6XC9cL3N0b2xhdnNsZWRlbi5jb21cL3dwLWNvbnRlbnRcL3VwbG9hZHNcLzIwMjJcLzAzXC9IdXNzYm9yZ19TMEEwMzkyLW55LmpwZyIsInNsaWRlc2hvdyI6IjVmMzliYjgifQ%3D%3D\" href='https:\/\/stolavsleden.com\/wp-content\/uploads\/2022\/03\/Hussborg_S0A0392-ny.jpg'><img fetchpriority=\"high\" width=\"1024\" height=\"576\" src=\"https:\/\/stolavsleden.com\/wp-content\/uploads\/2022\/03\/Hussborg_S0A0392-ny.jpg\" class=\"attachment-thumbnail size-thumbnail\" alt=\"Hussborg Manor\" decoding=\"async\" srcset=\"https:\/\/stolavsleden.com\/wp-content\/uploads\/2022\/03\/Hussborg_S0A0392-ny.jpg 1024w, https:\/\/stolavsleden.com\/wp-content\/uploads\/2022\/03\/Hussborg_S0A0392-ny-768x432.jpg 768w\" sizes=\"(max-width: 1024px) 100vw, 1024px\" \/><\/a>\n\t\t\t<\/div><\/figure><figure class='gallery-item'>\n\t\t\t<div class='gallery-icon landscape'>\n\t\t\t\t<a data-elementor-open-lightbox=\"yes\" data-elementor-lightbox-slideshow=\"5f39bb8\" data-elementor-lightbox-title=\"Hussborg_S0A0353\" data-e-action-hash=\"#elementor-action%3Aaction%3Dlightbox%26settings%3DeyJpZCI6NzEzNywidXJsIjoiaHR0cHM6XC9cL3N0b2xhdnNsZWRlbi5jb21cL3dwLWNvbnRlbnRcL3VwbG9hZHNcLzIwMjJcLzAzXC9IdXNzYm9yZ19TMEEwMzUzLmpwZyIsInNsaWRlc2hvdyI6IjVmMzliYjgifQ%3D%3D\" href='https:\/\/stolavsleden.com\/wp-content\/uploads\/2022\/03\/Hussborg_S0A0353.jpg'><img width=\"1024\" height=\"576\" src=\"https:\/\/stolavsleden.com\/wp-content\/uploads\/2022\/03\/Hussborg_S0A0353.jpg\" class=\"attachment-thumbnail size-thumbnail\" alt=\"Hussborg Herrg\u00e5rd\" decoding=\"async\" srcset=\"https:\/\/stolavsleden.com\/wp-content\/uploads\/2022\/03\/Hussborg_S0A0353.jpg 1024w, https:\/\/stolavsleden.com\/wp-content\/uploads\/2022\/03\/Hussborg_S0A0353-768x432.jpg 768w\" sizes=\"(max-width: 1024px) 100vw, 1024px\" \/><\/a>\n\t\t\t<\/div><\/figure><figure class='gallery-item'>\n\t\t\t<div class='gallery-icon landscape'>\n\t\t\t\t<a data-elementor-open-lightbox=\"yes\" data-elementor-lightbox-slideshow=\"5f39bb8\" data-elementor-lightbox-title=\"Hussborg_S0A0525\" data-e-action-hash=\"#elementor-action%3Aaction%3Dlightbox%26settings%3DeyJpZCI6NzE0MywidXJsIjoiaHR0cHM6XC9cL3N0b2xhdnNsZWRlbi5jb21cL3dwLWNvbnRlbnRcL3VwbG9hZHNcLzIwMjJcLzAzXC9IdXNzYm9yZ19TMEEwNTI1LmpwZyIsInNsaWRlc2hvdyI6IjVmMzliYjgifQ%3D%3D\" href='https:\/\/stolavsleden.com\/wp-content\/uploads\/2022\/03\/Hussborg_S0A0525.jpg'><img width=\"1024\" height=\"576\" src=\"https:\/\/stolavsleden.com\/wp-content\/uploads\/2022\/03\/Hussborg_S0A0525.jpg\" class=\"attachment-thumbnail size-thumbnail\" alt=\"Hussborg Herrg\u00e5rd\" decoding=\"async\" srcset=\"https:\/\/stolavsleden.com\/wp-content\/uploads\/2022\/03\/Hussborg_S0A0525.jpg 1024w, https:\/\/stolavsleden.com\/wp-content\/uploads\/2022\/03\/Hussborg_S0A0525-768x432.jpg 768w\" sizes=\"(max-width: 1024px) 100vw, 1024px\" \/><\/a>\n\t\t\t<\/div><\/figure><figure class='gallery-item'>\n\t\t\t<div class='gallery-icon landscape'>\n\t\t\t\t<a data-elementor-open-lightbox=\"yes\" data-elementor-lightbox-slideshow=\"5f39bb8\" data-elementor-lightbox-title=\"Hussborg_S0A0486\" data-e-action-hash=\"#elementor-action%3Aaction%3Dlightbox%26settings%3DeyJpZCI6NzE0MSwidXJsIjoiaHR0cHM6XC9cL3N0b2xhdnNsZWRlbi5jb21cL3dwLWNvbnRlbnRcL3VwbG9hZHNcLzIwMjJcLzAzXC9IdXNzYm9yZ19TMEEwNDg2LmpwZyIsInNsaWRlc2hvdyI6IjVmMzliYjgifQ%3D%3D\" href='https:\/\/stolavsleden.com\/wp-content\/uploads\/2022\/03\/Hussborg_S0A0486.jpg'><img loading=\"lazy\" width=\"1024\" height=\"576\" src=\"https:\/\/stolavsleden.com\/wp-content\/uploads\/2022\/03\/Hussborg_S0A0486.jpg\" class=\"attachment-thumbnail size-thumbnail\" alt=\"Hussborg Herrg\u00e5rd\" decoding=\"async\" srcset=\"https:\/\/stolavsleden.com\/wp-content\/uploads\/2022\/03\/Hussborg_S0A0486.jpg 1024w, https:\/\/stolavsleden.com\/wp-content\/uploads\/2022\/03\/Hussborg_S0A0486-768x432.jpg 768w\" sizes=\"(max-width: 1024px) 100vw, 1024px\" \/><\/a>\n\t\t\t<\/div><\/figure>\n\t\t<\/div>\n\t\t<\/div>\n\t\t\t\t\t\t<\/div>\n\t\t\t\t<\/div>\n\t\t\t\t\t<\/div>\n\t\t<\/div>\n\t\t\t\t<div class=\"elementor-column elementor-col-50 elementor-top-column elementor-element elementor-element-ffc7f08\" data-id=\"ffc7f08\" data-element_type=\"column\" data-e-type=\"column\" data-settings=\"{&quot;background_background&quot;:&quot;classic&quot;}\">\n\t\t\t<div class=\"elementor-widget-wrap elementor-element-populated\">\n\t\t\t\t\t\t<div class=\"elementor-element elementor-element-a0a7bbb elementor-widget elementor-widget-heading\" data-id=\"a0a7bbb\" data-element_type=\"widget\" data-e-type=\"widget\" data-widget_type=\"heading.default\">\n\t\t\t\t<div class=\"elementor-widget-container\">\n\t\t\t\t\t<h2 class=\"elementor-heading-title elementor-size-default\">FAKTA<\/h2>\t\t\t\t<\/div>\n\t\t\t\t<\/div>\n\t\t\t\t<div class=\"elementor-element elementor-element-d54d671 elementor-widget elementor-widget-text-editor\" data-id=\"d54d671\" data-element_type=\"widget\" data-e-type=\"widget\" data-widget_type=\"text-editor.default\">\n\t\t\t\t<div class=\"elementor-widget-container\">\n\t\t\t\t\t\t\t\t\t<p><em>Var:<\/em> 650 meter fr\u00e5n S:t Olavsleden, strax efter att du passerat den lilla byn Johannisberg, cirka \u00e5tta kilometer innan Borgsj\u00f6.\r\n\r\n<p><em>Missa inte:<\/em> V\u00e4llagade luncher, ofta med lokala r\u00e5varor. H\u00e4r finns ocks\u00e5 en verandameny med enklare \u00e0 la carte-r\u00e4tter.\r\n\r\n<p><em>Annat:<\/em> Herrg\u00e5rden har \u00e4ven \u00f6vernattning, b\u00e5de hotellrum och vandrarhemsboende.\r\n\r\n<p><em>\u00d6ppettider &amp; kontakt:<\/em><br>\r\n<a href=\"https:\/\/www.hussborg.com\" target=\"_blank\" rel=\"noopener\">www.hussborg.com<\/a>\t\t\t\t\t\t\t\t<\/div>\n\t\t\t\t<\/div>\n\t\t\t\t\t<\/div>\n\t\t<\/div>\n\t\t\t\t\t<\/div>\n\t\t<\/section>\n\t\t\t\t<\/div>\n\t\t","protected":false},"excerpt":{"rendered":"<p>Solen str\u00e5lar \u00f6ver g\u00e5rdsplanen framf\u00f6r Hussborg Herrg\u00e5rd. Det \u00e4r tidig f\u00f6rmiddag och hotellchefen Katarina Dahl har en stunds lugn i restaurangens kombinerade foaj\u00e9 och reception. P\u00e5 gr\u00e4sytan utanf\u00f6r \u00f6var ett par golfare inf\u00f6r sin kommande runda. \u2013 Titta g\u00e4rna runt en stund i parken innan vi \u00f6ppnar, det \u00e4r v\u00e4ldigt fint nu p\u00e5 f\u00f6rsommaren, s\u00e4ger [&hellip;]<\/p>\n","protected":false},"author":12,"featured_media":7247,"parent":0,"menu_order":0,"comment_status":"closed","ping_status":"closed","template":"","meta":{"_acf_changed":false,"footnotes":""},"class_list":["post-7595","page","type-page","status-publish","has-post-thumbnail","hentry"],"acf":[],"_links":{"self":[{"href":"https:\/\/stolavsleden.com\/sv\/wp-json\/wp\/v2\/pages\/7595","targetHints":{"allow":["GET"]}}],"collection":[{"href":"https:\/\/stolavsleden.com\/sv\/wp-json\/wp\/v2\/pages"}],"about":[{"href":"https:\/\/stolavsleden.com\/sv\/wp-json\/wp\/v2\/types\/page"}],"author":[{"embeddable":true,"href":"https:\/\/stolavsleden.com\/sv\/wp-json\/wp\/v2\/users\/12"}],"replies":[{"embeddable":true,"href":"https:\/\/stolavsleden.com\/sv\/wp-json\/wp\/v2\/comments?post=7595"}],"version-history":[{"count":3,"href":"https:\/\/stolavsleden.com\/sv\/wp-json\/wp\/v2\/pages\/7595\/revisions"}],"predecessor-version":[{"id":7650,"href":"https:\/\/stolavsleden.com\/sv\/wp-json\/wp\/v2\/pages\/7595\/revisions\/7650"}],"wp:featuredmedia":[{"embeddable":true,"href":"https:\/\/stolavsleden.com\/sv\/wp-json\/wp\/v2\/media\/7247"}],"wp:attachment":[{"href":"https:\/\/stolavsleden.com\/sv\/wp-json\/wp\/v2\/media?parent=7595"}],"curies":[{"name":"wp","href":"https:\/\/api.w.org\/{rel}","templated":true}]}}