{"id":7589,"date":"2022-03-24T16:29:13","date_gmt":"2022-03-24T15:29:13","guid":{"rendered":"https:\/\/stolavsleden.com\/skogens-skona-grona\/"},"modified":"2024-03-11T14:38:43","modified_gmt":"2024-03-11T13:38:43","slug":"skogens-skona-grona","status":"publish","type":"page","link":"https:\/\/stolavsleden.com\/sv\/skogens-skona-grona\/","title":{"rendered":"Skogens sk\u00f6na gr\u00f6na"},"content":{"rendered":"\t\t<div data-elementor-type=\"wp-page\" data-elementor-id=\"7589\" class=\"elementor elementor-7589 elementor-7307\" data-elementor-post-type=\"page\">\n\t\t\t\t\t\t<section class=\"elementor-section elementor-top-section elementor-element elementor-element-c380c63 elementor-section-content-middle elementor-section-stretched elementor-section-boxed elementor-section-height-default elementor-section-height-default\" data-id=\"c380c63\" data-element_type=\"section\" data-e-type=\"section\" data-settings=\"{&quot;background_background&quot;:&quot;classic&quot;,&quot;stretch_section&quot;:&quot;section-stretched&quot;}\">\n\t\t\t\t\t\t<div class=\"elementor-container elementor-column-gap-wider\">\n\t\t\t\t\t<div class=\"elementor-column elementor-col-50 elementor-top-column elementor-element elementor-element-3b3c86d\" data-id=\"3b3c86d\" data-element_type=\"column\" data-e-type=\"column\">\n\t\t\t<div class=\"elementor-widget-wrap elementor-element-populated\">\n\t\t\t\t\t\t<div class=\"elementor-element elementor-element-ab9f203 elementor-widget elementor-widget-text-editor\" data-id=\"ab9f203\" data-element_type=\"widget\" data-e-type=\"widget\" data-widget_type=\"text-editor.default\">\n\t\t\t\t<div class=\"elementor-widget-container\">\n\t\t\t\t\t\t\t\t\t<p>\u2013 Gran inneh\u00e5ller mycket C-vitamin och har i alla tider anv\u00e4nts p\u00e5 olika s\u00e4tt, som hostmedicin bland annat. Jag har h\u00f6rt att den f\u00f6rr var s\u00e5 viktig att den p\u00e5 vissa h\u00e5ll helt enkelt kallades \u201dTr\u00e4det\u201d, s\u00e4ger Eva Magnusson.\r\n\r\n<p>\u201dTr\u00e4det\u201d var fr\u00f6et till det som skulle bli Skogens Sk\u00f6na Gr\u00f6na, Evas f\u00f6retag som f\u00f6r\u00e4dlar smaker fr\u00e5n skogen. Efter en kurs i mathantverk 2007 kokade hon sin f\u00f6rsta sirap som fick fint mottagande, bland annat inom restaurangv\u00e4rlden. Hon har tagit emot flera utm\u00e4rkelser, b\u00e5de f\u00f6r sirapen och andra produkter.\r\n\r\n<p>\u2013 Konsistensen p\u00e5minner om l\u00f6nnsirap men den har sin unika smak. Det \u00e4r v\u00e4ldigt gott p\u00e5 yoghurt, till pannacotta, torkat\/r\u00f6kt k\u00f6tt eller ost. Och \u00e4r du ute och vandrar \u00e4r det gott att droppa lite i en kopp th\u00e9, s\u00e4ger Eva.\r\n\r\n<p><h3>\u00d6rtigt och friskt<\/h3>\r\nEva kokar n\u00e5gra \u00e4gg i sitt produktionsk\u00f6k i \u00c5nge, n\u00e5gra kilometer fr\u00e5n S:t Olavsleden. Skivar och l\u00e4gger upp p\u00e5 en kn\u00e4ckemacka. Sen tar hon en annan av sina produkter, gransaltet, och str\u00f6sslar \u00f6ver. Resultatet \u00e4r \u00f6verraskande \u00f6rtigt och friskt.\r\n\r\n<p>R\u00e5varan till sirapen och saltet plockar hon l\u00e4ngs Ljungans strand, fr\u00e5n b\u00f6rjan av juni och ett par veckor fram\u00e5t n\u00e4r granen skjuter skott. D\u00e4refter \u00e4r det \u00e4lg\u00f6rtens tur, basen f\u00f6r hennes uppskattade \u00c4lvdrottningssaft.\r\n\r\n<p>\u2013 Den s\u00e4ljs p\u00e5 pilgrimscentret i Sel\u00e5nger, turistbyr\u00e5n i Borgsj\u00f6 och flera andra st\u00e4llen l\u00e4ngs leden.\r\n\r\n<p>Det hon inte hittar i skogen odlas i k\u00f6kstr\u00e4dg\u00e5rden hemma i K\u00f6lsillre i n\u00e4rheten av \u00c5nge. Fj\u00e4llkvanne, libbsticka, svarta vinb\u00e4r och jordgubbar. Det mesta tas till vara och Eva delar g\u00e4rna med sig av tips om \u00f6rter och gr\u00f6nt. En blomsterbukett som hon plockar l\u00e4ngs stigen visar sig inneh\u00e5lla en hel del \u00e4tbart: midsommarblomster, r\u00f6dkl\u00f6ver och mj\u00f6lk\u00f6rt till exempel.\r\n\r\n<p>\u2013 Idag pratar man mycket om att skogen har en lugnande effekt \u2013 lukter och ljud som g\u00f6r att vi stressar av. Att ha en burk som smakar av det tycker jag \u00e4r fantastiskt.\t\t\t\t\t\t\t\t<\/div>\n\t\t\t\t<\/div>\n\t\t\t\t<div class=\"elementor-element elementor-element-9ea0fc2 elementor-widget elementor-widget-image\" data-id=\"9ea0fc2\" data-element_type=\"widget\" data-e-type=\"widget\" data-widget_type=\"image.default\">\n\t\t\t\t<div class=\"elementor-widget-container\">\n\t\t\t\t\t\t\t\t\t\t\t\t\t\t\t<img fetchpriority=\"high\" decoding=\"async\" width=\"1772\" height=\"994\" src=\"https:\/\/stolavsleden.com\/wp-content\/uploads\/2024\/03\/EvaMagnusson02.jpg\" class=\"attachment-full size-full wp-image-8934\" alt=\"\" srcset=\"https:\/\/stolavsleden.com\/wp-content\/uploads\/2024\/03\/EvaMagnusson02.jpg 1772w, https:\/\/stolavsleden.com\/wp-content\/uploads\/2024\/03\/EvaMagnusson02-1024x574.jpg 1024w, https:\/\/stolavsleden.com\/wp-content\/uploads\/2024\/03\/EvaMagnusson02-768x431.jpg 768w, https:\/\/stolavsleden.com\/wp-content\/uploads\/2024\/03\/EvaMagnusson02-1536x862.jpg 1536w\" sizes=\"(max-width: 1772px) 100vw, 1772px\" \/>\t\t\t\t\t\t\t\t\t\t\t\t\t\t\t<\/div>\n\t\t\t\t<\/div>\n\t\t\t\t<div class=\"elementor-element elementor-element-422dab6 gallery-spacing-custom elementor-widget elementor-widget-image-gallery\" data-id=\"422dab6\" data-element_type=\"widget\" data-e-type=\"widget\" data-widget_type=\"image-gallery.default\">\n\t\t\t\t<div class=\"elementor-widget-container\">\n\t\t\t\t\t\t\t<div class=\"elementor-image-gallery\">\n\t\t\t<div id='gallery-1' class='gallery galleryid-7589 gallery-columns-2 gallery-size-thumbnail'><figure class='gallery-item'>\n\t\t\t<div class='gallery-icon landscape'>\n\t\t\t\t<a data-elementor-open-lightbox=\"yes\" data-elementor-lightbox-slideshow=\"422dab6\" data-elementor-lightbox-title=\"SkogensSkonaGrona_StOlav_Smak_9794\" data-e-action-hash=\"#elementor-action%3Aaction%3Dlightbox%26settings%3DeyJpZCI6NzMxNiwidXJsIjoiaHR0cHM6XC9cL3N0b2xhdnNsZWRlbi5jb21cL3dwLWNvbnRlbnRcL3VwbG9hZHNcLzIwMjJcLzAzXC9Ta29nZW5zU2tvbmFHcm9uYV9TdE9sYXZfU21ha185Nzk0LTEuanBnIiwic2xpZGVzaG93IjoiNDIyZGFiNiJ9\" href='https:\/\/stolavsleden.com\/wp-content\/uploads\/2022\/03\/SkogensSkonaGrona_StOlav_Smak_9794-1.jpg'><img width=\"1024\" height=\"576\" src=\"https:\/\/stolavsleden.com\/wp-content\/uploads\/2022\/03\/SkogensSkonaGrona_StOlav_Smak_9794-1.jpg\" class=\"attachment-thumbnail size-thumbnail\" alt=\"Skogens sk\u00f6na gr\u00f6na\" decoding=\"async\" srcset=\"https:\/\/stolavsleden.com\/wp-content\/uploads\/2022\/03\/SkogensSkonaGrona_StOlav_Smak_9794-1.jpg 1024w, https:\/\/stolavsleden.com\/wp-content\/uploads\/2022\/03\/SkogensSkonaGrona_StOlav_Smak_9794-1-768x432.jpg 768w\" sizes=\"(max-width: 1024px) 100vw, 1024px\" \/><\/a>\n\t\t\t<\/div><\/figure><figure class='gallery-item'>\n\t\t\t<div class='gallery-icon landscape'>\n\t\t\t\t<a data-elementor-open-lightbox=\"yes\" data-elementor-lightbox-slideshow=\"422dab6\" data-elementor-lightbox-title=\"SkogensSkonaGrona_StOlav_Smak_9759\" data-e-action-hash=\"#elementor-action%3Aaction%3Dlightbox%26settings%3DeyJpZCI6NzMyMiwidXJsIjoiaHR0cHM6XC9cL3N0b2xhdnNsZWRlbi5jb21cL3dwLWNvbnRlbnRcL3VwbG9hZHNcLzIwMjJcLzAzXC9Ta29nZW5zU2tvbmFHcm9uYV9TdE9sYXZfU21ha185NzU5LTEuanBnIiwic2xpZGVzaG93IjoiNDIyZGFiNiJ9\" href='https:\/\/stolavsleden.com\/wp-content\/uploads\/2022\/03\/SkogensSkonaGrona_StOlav_Smak_9759-1.jpg'><img width=\"1024\" height=\"576\" src=\"https:\/\/stolavsleden.com\/wp-content\/uploads\/2022\/03\/SkogensSkonaGrona_StOlav_Smak_9759-1.jpg\" class=\"attachment-thumbnail size-thumbnail\" alt=\"Skogens sk\u00f6na gr\u00f6na\" decoding=\"async\" srcset=\"https:\/\/stolavsleden.com\/wp-content\/uploads\/2022\/03\/SkogensSkonaGrona_StOlav_Smak_9759-1.jpg 1024w, https:\/\/stolavsleden.com\/wp-content\/uploads\/2022\/03\/SkogensSkonaGrona_StOlav_Smak_9759-1-768x432.jpg 768w\" sizes=\"(max-width: 1024px) 100vw, 1024px\" \/><\/a>\n\t\t\t<\/div><\/figure>\n\t\t<\/div>\n\t\t<\/div>\n\t\t\t\t\t\t<\/div>\n\t\t\t\t<\/div>\n\t\t\t\t\t<\/div>\n\t\t<\/div>\n\t\t\t\t<div class=\"elementor-column elementor-col-50 elementor-top-column elementor-element elementor-element-ffc7f08\" data-id=\"ffc7f08\" data-element_type=\"column\" data-e-type=\"column\" data-settings=\"{&quot;background_background&quot;:&quot;classic&quot;}\">\n\t\t\t<div class=\"elementor-widget-wrap elementor-element-populated\">\n\t\t\t\t\t\t<div class=\"elementor-element elementor-element-a0a7bbb elementor-widget elementor-widget-heading\" data-id=\"a0a7bbb\" data-element_type=\"widget\" data-e-type=\"widget\" data-widget_type=\"heading.default\">\n\t\t\t\t<div class=\"elementor-widget-container\">\n\t\t\t\t\t<h2 class=\"elementor-heading-title elementor-size-default\">FAKTA<\/h2>\t\t\t\t<\/div>\n\t\t\t\t<\/div>\n\t\t\t\t<div class=\"elementor-element elementor-element-d54d671 elementor-widget elementor-widget-text-editor\" data-id=\"d54d671\" data-element_type=\"widget\" data-e-type=\"widget\" data-widget_type=\"text-editor.default\">\n\t\t\t\t<div class=\"elementor-widget-container\">\n\t\t\t\t\t\t\t\t\t<p><em>Var:<\/em> Sel\u00e5ngers Pilgrimscenter, Turistbyr\u00e5n vid Borgsj\u00f6 Naturum och i vissa butiker och restauranger, fr\u00e5n Sundsvall och hela v\u00e4gen till \u00d6stersund.\r\n\r\n<p><em>Missa inte:<\/em> Gransirap i en kopp th\u00e9 eller p\u00e5 frukostyoghurten. Ett glas kall \u00c4lvdrottningsaft av \u00e4lg\u00f6rt, en medicinalv\u00e4xt som ibland kallas Norrlands fl\u00e4der.\r\n\r\n<p><em>Annat:<\/em> S\u00e4ljer \u00e4ven via egen webbutik. Kan vid best\u00e4llning ta fram matpaket med lokala matupplevelser \u2013 ost, torkat k\u00f6tt, med mera i kombination med hennes egna produkter\r\n\r\n<p><em>Kontakt:<\/em><br>\r\n<a href=\"http:\/\/www.skogensskonagrona.se\" target=\"_blank\" rel=\"noopener\">www.skogensskonagrona.se<\/a>\t\t\t\t\t\t\t\t<\/div>\n\t\t\t\t<\/div>\n\t\t\t\t\t<\/div>\n\t\t<\/div>\n\t\t\t\t\t<\/div>\n\t\t<\/section>\n\t\t\t\t<\/div>\n\t\t","protected":false},"excerpt":{"rendered":"<p>\u2013 Gran inneh\u00e5ller mycket C-vitamin och har i alla tider anv\u00e4nts p\u00e5 olika s\u00e4tt, som hostmedicin bland annat. Jag har h\u00f6rt att den f\u00f6rr var s\u00e5 viktig att den p\u00e5 vissa h\u00e5ll helt enkelt kallades \u201dTr\u00e4det\u201d, s\u00e4ger Eva Magnusson. \u201dTr\u00e4det\u201d var fr\u00f6et till det som skulle bli Skogens Sk\u00f6na Gr\u00f6na, Evas f\u00f6retag som f\u00f6r\u00e4dlar smaker [&hellip;]<\/p>\n","protected":false},"author":12,"featured_media":7309,"parent":0,"menu_order":0,"comment_status":"closed","ping_status":"closed","template":"","meta":{"_acf_changed":false,"footnotes":""},"class_list":["post-7589","page","type-page","status-publish","has-post-thumbnail","hentry"],"acf":[],"_links":{"self":[{"href":"https:\/\/stolavsleden.com\/sv\/wp-json\/wp\/v2\/pages\/7589","targetHints":{"allow":["GET"]}}],"collection":[{"href":"https:\/\/stolavsleden.com\/sv\/wp-json\/wp\/v2\/pages"}],"about":[{"href":"https:\/\/stolavsleden.com\/sv\/wp-json\/wp\/v2\/types\/page"}],"author":[{"embeddable":true,"href":"https:\/\/stolavsleden.com\/sv\/wp-json\/wp\/v2\/users\/12"}],"replies":[{"embeddable":true,"href":"https:\/\/stolavsleden.com\/sv\/wp-json\/wp\/v2\/comments?post=7589"}],"version-history":[{"count":3,"href":"https:\/\/stolavsleden.com\/sv\/wp-json\/wp\/v2\/pages\/7589\/revisions"}],"predecessor-version":[{"id":8947,"href":"https:\/\/stolavsleden.com\/sv\/wp-json\/wp\/v2\/pages\/7589\/revisions\/8947"}],"wp:featuredmedia":[{"embeddable":true,"href":"https:\/\/stolavsleden.com\/sv\/wp-json\/wp\/v2\/media\/7309"}],"wp:attachment":[{"href":"https:\/\/stolavsleden.com\/sv\/wp-json\/wp\/v2\/media?parent=7589"}],"curies":[{"name":"wp","href":"https:\/\/api.w.org\/{rel}","templated":true}]}}