{"id":7587,"date":"2022-03-24T16:26:18","date_gmt":"2022-03-24T15:26:18","guid":{"rendered":"https:\/\/stolavsleden.com\/glassbaren-i-bracke\/"},"modified":"2022-03-25T15:20:16","modified_gmt":"2022-03-25T14:20:16","slug":"glassbaren-i-bracke","status":"publish","type":"page","link":"https:\/\/stolavsleden.com\/sv\/glassbaren-i-bracke\/","title":{"rendered":"Glassbaren i Br\u00e4cke"},"content":{"rendered":"\t\t<div data-elementor-type=\"wp-page\" data-elementor-id=\"7587\" class=\"elementor elementor-7587 elementor-7327\" data-elementor-post-type=\"page\">\n\t\t\t\t\t\t<section class=\"elementor-section elementor-top-section elementor-element elementor-element-c380c63 elementor-section-content-middle elementor-section-stretched elementor-section-boxed elementor-section-height-default elementor-section-height-default\" data-id=\"c380c63\" data-element_type=\"section\" data-e-type=\"section\" data-settings=\"{&quot;background_background&quot;:&quot;classic&quot;,&quot;stretch_section&quot;:&quot;section-stretched&quot;}\">\n\t\t\t\t\t\t<div class=\"elementor-container elementor-column-gap-wider\">\n\t\t\t\t\t<div class=\"elementor-column elementor-col-50 elementor-top-column elementor-element elementor-element-3b3c86d\" data-id=\"3b3c86d\" data-element_type=\"column\" data-e-type=\"column\">\n\t\t\t<div class=\"elementor-widget-wrap elementor-element-populated\">\n\t\t\t\t\t\t<div class=\"elementor-element elementor-element-32e620e elementor-widget elementor-widget-video\" data-id=\"32e620e\" data-element_type=\"widget\" data-e-type=\"widget\" data-settings=\"{&quot;youtube_url&quot;:&quot;https:\\\/\\\/www.youtube.com\\\/watch?v=9LYa8eFoDxA&quot;,&quot;video_type&quot;:&quot;youtube&quot;,&quot;controls&quot;:&quot;yes&quot;}\" data-widget_type=\"video.default\">\n\t\t\t\t<div class=\"elementor-widget-container\">\n\t\t\t\t\t\t\t<div class=\"elementor-wrapper elementor-open-inline\">\n\t\t\t<div class=\"elementor-video\"><\/div>\t\t<\/div>\n\t\t\t\t\t\t<\/div>\n\t\t\t\t<\/div>\n\t\t\t\t\t<\/div>\n\t\t<\/div>\n\t\t\t\t<div class=\"elementor-column elementor-col-50 elementor-top-column elementor-element elementor-element-ffc7f08\" data-id=\"ffc7f08\" data-element_type=\"column\" data-e-type=\"column\" data-settings=\"{&quot;background_background&quot;:&quot;classic&quot;}\">\n\t\t\t<div class=\"elementor-widget-wrap elementor-element-populated\">\n\t\t\t\t\t\t<div class=\"elementor-element elementor-element-a0a7bbb elementor-widget elementor-widget-heading\" data-id=\"a0a7bbb\" data-element_type=\"widget\" data-e-type=\"widget\" data-widget_type=\"heading.default\">\n\t\t\t\t<div class=\"elementor-widget-container\">\n\t\t\t\t\t<h2 class=\"elementor-heading-title elementor-size-default\">FAKTA<\/h2>\t\t\t\t<\/div>\n\t\t\t\t<\/div>\n\t\t\t\t<div class=\"elementor-element elementor-element-d54d671 elementor-widget elementor-widget-text-editor\" data-id=\"d54d671\" data-element_type=\"widget\" data-e-type=\"widget\" data-widget_type=\"text-editor.default\">\n\t\t\t\t<div class=\"elementor-widget-container\">\n\t\t\t\t\t\t\t\t\t<p><em>Var:<\/em> Mitt emot j\u00e4rnv\u00e4gsstationen i Br\u00e4cke, p\u00e5 centralgatan som g\u00e5r parallellt med S:t Olavsleden. Ta sikte p\u00e5 maskoten Br\u00e4cka, en glasfiberko i naturlig storlek.\r\n\r\n<p><em>Missa inte:<\/em> Glassbarens hemgjorda gelato lockar ett stort antal glassugna g\u00e4ster under sommaren. Ofta k\u00f6 varma dagar, men det \u00e4r v\u00e4rt att v\u00e4nta. Hjortronglassen \u00e4r en klassiker i glassdiskens breda smakutbud. \u00c4ven caf\u00e9ets hembakade fikabr\u00f6d och det egenmalda kokkaffet rekommenderas.\r\n\r\n<p><em>Annat:<\/em> Soligt varma dagar kan du ta med din glass ner till Br\u00e4cke hamn och den kristallklara Revsundssj\u00f6n. H\u00e4r finns en liten sandstrand d\u00e4r du kan ta ett uppfriskande dopp.\r\n\r\n<p><em>\u00d6ppettider &amp; kontakt:<\/em><br>\r\n<a href=\"https:\/\/www.facebook.com\/Glassbaren-i-Br%C3%A4cke-250546891805533\" target=\"_blank\" rel=\"noopener\">www.facebook.com\/Glassbaren-i-Br\u00e4cke<\/a>\t\t\t\t\t\t\t\t<\/div>\n\t\t\t\t<\/div>\n\t\t\t\t\t<\/div>\n\t\t<\/div>\n\t\t\t\t\t<\/div>\n\t\t<\/section>\n\t\t\t\t<\/div>\n\t\t","protected":false},"excerpt":{"rendered":"<p>FAKTA Var: Mitt emot j\u00e4rnv\u00e4gsstationen i Br\u00e4cke, p\u00e5 centralgatan som g\u00e5r parallellt med S:t Olavsleden. Ta sikte p\u00e5 maskoten Br\u00e4cka, en glasfiberko i naturlig storlek. Missa inte: Glassbarens hemgjorda gelato lockar ett stort antal glassugna g\u00e4ster under sommaren. Ofta k\u00f6 varma dagar, men det \u00e4r v\u00e4rt att v\u00e4nta. Hjortronglassen \u00e4r en klassiker i glassdiskens breda [&hellip;]<\/p>\n","protected":false},"author":12,"featured_media":7329,"parent":0,"menu_order":0,"comment_status":"closed","ping_status":"closed","template":"","meta":{"_acf_changed":false,"footnotes":""},"class_list":["post-7587","page","type-page","status-publish","has-post-thumbnail","hentry"],"acf":[],"_links":{"self":[{"href":"https:\/\/stolavsleden.com\/sv\/wp-json\/wp\/v2\/pages\/7587","targetHints":{"allow":["GET"]}}],"collection":[{"href":"https:\/\/stolavsleden.com\/sv\/wp-json\/wp\/v2\/pages"}],"about":[{"href":"https:\/\/stolavsleden.com\/sv\/wp-json\/wp\/v2\/types\/page"}],"author":[{"embeddable":true,"href":"https:\/\/stolavsleden.com\/sv\/wp-json\/wp\/v2\/users\/12"}],"replies":[{"embeddable":true,"href":"https:\/\/stolavsleden.com\/sv\/wp-json\/wp\/v2\/comments?post=7587"}],"version-history":[{"count":3,"href":"https:\/\/stolavsleden.com\/sv\/wp-json\/wp\/v2\/pages\/7587\/revisions"}],"predecessor-version":[{"id":7686,"href":"https:\/\/stolavsleden.com\/sv\/wp-json\/wp\/v2\/pages\/7587\/revisions\/7686"}],"wp:featuredmedia":[{"embeddable":true,"href":"https:\/\/stolavsleden.com\/sv\/wp-json\/wp\/v2\/media\/7329"}],"wp:attachment":[{"href":"https:\/\/stolavsleden.com\/sv\/wp-json\/wp\/v2\/media?parent=7587"}],"curies":[{"name":"wp","href":"https:\/\/api.w.org\/{rel}","templated":true}]}}