{"id":7585,"date":"2022-03-24T16:23:53","date_gmt":"2022-03-24T15:23:53","guid":{"rendered":"https:\/\/stolavsleden.com\/gimarasten-restaurang-cafe\/"},"modified":"2022-03-25T11:03:46","modified_gmt":"2022-03-25T10:03:46","slug":"gimarasten-restaurang-cafe","status":"publish","type":"page","link":"https:\/\/stolavsleden.com\/sv\/gimarasten-restaurang-cafe\/","title":{"rendered":"Gim\u00e5rasten Restaurang &#038; Cafe"},"content":{"rendered":"\t\t<div data-elementor-type=\"wp-page\" data-elementor-id=\"7585\" class=\"elementor elementor-7585 elementor-7347\" data-elementor-post-type=\"page\">\n\t\t\t\t\t\t<section class=\"elementor-section elementor-top-section elementor-element elementor-element-c380c63 elementor-section-content-middle elementor-section-stretched elementor-section-boxed elementor-section-height-default elementor-section-height-default\" data-id=\"c380c63\" data-element_type=\"section\" data-e-type=\"section\" data-settings=\"{&quot;background_background&quot;:&quot;classic&quot;,&quot;stretch_section&quot;:&quot;section-stretched&quot;}\">\n\t\t\t\t\t\t<div class=\"elementor-container elementor-column-gap-wider\">\n\t\t\t\t\t<div class=\"elementor-column elementor-col-50 elementor-top-column elementor-element elementor-element-3b3c86d\" data-id=\"3b3c86d\" data-element_type=\"column\" data-e-type=\"column\">\n\t\t\t<div class=\"elementor-widget-wrap elementor-element-populated\">\n\t\t\t\t\t\t<div class=\"elementor-element elementor-element-32e620e elementor-widget elementor-widget-video\" data-id=\"32e620e\" data-element_type=\"widget\" data-e-type=\"widget\" data-settings=\"{&quot;youtube_url&quot;:&quot;https:\\\/\\\/www.youtube.com\\\/watch?v=5xavUn9IRuE&quot;,&quot;video_type&quot;:&quot;youtube&quot;,&quot;controls&quot;:&quot;yes&quot;}\" data-widget_type=\"video.default\">\n\t\t\t\t<div class=\"elementor-widget-container\">\n\t\t\t\t\t\t\t<div class=\"elementor-wrapper elementor-open-inline\">\n\t\t\t<div class=\"elementor-video\"><\/div>\t\t<\/div>\n\t\t\t\t\t\t<\/div>\n\t\t\t\t<\/div>\n\t\t\t\t\t<\/div>\n\t\t<\/div>\n\t\t\t\t<div class=\"elementor-column elementor-col-50 elementor-top-column elementor-element elementor-element-ffc7f08\" data-id=\"ffc7f08\" data-element_type=\"column\" data-e-type=\"column\" data-settings=\"{&quot;background_background&quot;:&quot;classic&quot;}\">\n\t\t\t<div class=\"elementor-widget-wrap elementor-element-populated\">\n\t\t\t\t\t\t<div class=\"elementor-element elementor-element-a0a7bbb elementor-widget elementor-widget-heading\" data-id=\"a0a7bbb\" data-element_type=\"widget\" data-e-type=\"widget\" data-widget_type=\"heading.default\">\n\t\t\t\t<div class=\"elementor-widget-container\">\n\t\t\t\t\t<h2 class=\"elementor-heading-title elementor-size-default\">FAKTA<\/h2>\t\t\t\t<\/div>\n\t\t\t\t<\/div>\n\t\t\t\t<div class=\"elementor-element elementor-element-d54d671 elementor-widget elementor-widget-text-editor\" data-id=\"d54d671\" data-element_type=\"widget\" data-e-type=\"widget\" data-widget_type=\"text-editor.default\">\n\t\t\t\t<div class=\"elementor-widget-container\">\n\t\t\t\t\t\t\t\t\t<p><em>Var:<\/em> Mellan Br\u00e4cke och Stavre, precis intill S:t Olavsleden och E14 bredvid Gim\u00e5ns popul\u00e4ra fiskevatten.\r\n\r\n<p><em>Missa inte:<\/em> \u00c4lgburgaren \u00e4r m\u00e4ttande matkonst p\u00e5 h\u00f6g niv\u00e5 d\u00e4r smaker fr\u00e5n Mexiko gifter sig med lokala, j\u00e4mtl\u00e4ndska r\u00e5varor.\r\n\r\n<p><em>Annat:<\/em> Restaurangen och den intilliggande rastplatsen f\u00f6r trafikanter \u00e4r porten in i en tyst och trolsk vildmarksmilj\u00f6 runt den fiskrika Gim\u00e5n. Omr\u00e5det bjuder p\u00e5 sportfiske som lockar fiskeentusiaster fr\u00e5n hela Europa.\r\n\r\n<p><em>\u00d6ppettider &amp; kontakt:<\/em><br>\r\n<a href=\"https:\/\/www.facebook.com\/Gimarasten\" target=\"_blank\" rel=\"noopener\">www.facebook.com\/Gimarasten<\/a>\t\t\t\t\t\t\t\t<\/div>\n\t\t\t\t<\/div>\n\t\t\t\t\t<\/div>\n\t\t<\/div>\n\t\t\t\t\t<\/div>\n\t\t<\/section>\n\t\t\t\t<\/div>\n\t\t","protected":false},"excerpt":{"rendered":"<p>FAKTA Var: Mellan Br\u00e4cke och Stavre, precis intill S:t Olavsleden och E14 bredvid Gim\u00e5ns popul\u00e4ra fiskevatten. Missa inte: \u00c4lgburgaren \u00e4r m\u00e4ttande matkonst p\u00e5 h\u00f6g niv\u00e5 d\u00e4r smaker fr\u00e5n Mexiko gifter sig med lokala, j\u00e4mtl\u00e4ndska r\u00e5varor. Annat: Restaurangen och den intilliggande rastplatsen f\u00f6r trafikanter \u00e4r porten in i en tyst och trolsk vildmarksmilj\u00f6 runt den fiskrika [&hellip;]<\/p>\n","protected":false},"author":12,"featured_media":7349,"parent":0,"menu_order":0,"comment_status":"closed","ping_status":"closed","template":"","meta":{"_acf_changed":false,"footnotes":""},"class_list":["post-7585","page","type-page","status-publish","has-post-thumbnail","hentry"],"acf":[],"_links":{"self":[{"href":"https:\/\/stolavsleden.com\/sv\/wp-json\/wp\/v2\/pages\/7585","targetHints":{"allow":["GET"]}}],"collection":[{"href":"https:\/\/stolavsleden.com\/sv\/wp-json\/wp\/v2\/pages"}],"about":[{"href":"https:\/\/stolavsleden.com\/sv\/wp-json\/wp\/v2\/types\/page"}],"author":[{"embeddable":true,"href":"https:\/\/stolavsleden.com\/sv\/wp-json\/wp\/v2\/users\/12"}],"replies":[{"embeddable":true,"href":"https:\/\/stolavsleden.com\/sv\/wp-json\/wp\/v2\/comments?post=7585"}],"version-history":[{"count":3,"href":"https:\/\/stolavsleden.com\/sv\/wp-json\/wp\/v2\/pages\/7585\/revisions"}],"predecessor-version":[{"id":7690,"href":"https:\/\/stolavsleden.com\/sv\/wp-json\/wp\/v2\/pages\/7585\/revisions\/7690"}],"wp:featuredmedia":[{"embeddable":true,"href":"https:\/\/stolavsleden.com\/sv\/wp-json\/wp\/v2\/media\/7349"}],"wp:attachment":[{"href":"https:\/\/stolavsleden.com\/sv\/wp-json\/wp\/v2\/media?parent=7585"}],"curies":[{"name":"wp","href":"https:\/\/api.w.org\/{rel}","templated":true}]}}