{"id":7583,"date":"2022-03-24T16:22:12","date_gmt":"2022-03-24T15:22:12","guid":{"rendered":"https:\/\/stolavsleden.com\/bistro-beaucoup-de-blabla-pa-camp-viking\/"},"modified":"2022-03-25T15:26:22","modified_gmt":"2022-03-25T14:26:22","slug":"bistro-beaucoup-de-blabla-pa-camp-viking","status":"publish","type":"page","link":"https:\/\/stolavsleden.com\/sv\/bistro-beaucoup-de-blabla-pa-camp-viking\/","title":{"rendered":"Bistro Beaucoup de blaBla p\u00e5 Camp Viking"},"content":{"rendered":"\t\t<div data-elementor-type=\"wp-page\" data-elementor-id=\"7583\" class=\"elementor elementor-7583 elementor-7355\" data-elementor-post-type=\"page\">\n\t\t\t\t\t\t<section class=\"elementor-section elementor-top-section elementor-element elementor-element-c380c63 elementor-section-content-middle elementor-section-stretched elementor-section-boxed elementor-section-height-default elementor-section-height-default\" data-id=\"c380c63\" data-element_type=\"section\" data-e-type=\"section\" data-settings=\"{&quot;background_background&quot;:&quot;classic&quot;,&quot;stretch_section&quot;:&quot;section-stretched&quot;}\">\n\t\t\t\t\t\t<div class=\"elementor-container elementor-column-gap-wider\">\n\t\t\t\t\t<div class=\"elementor-column elementor-col-50 elementor-top-column elementor-element elementor-element-3b3c86d\" data-id=\"3b3c86d\" data-element_type=\"column\" data-e-type=\"column\">\n\t\t\t<div class=\"elementor-widget-wrap elementor-element-populated\">\n\t\t\t\t\t\t<div class=\"elementor-element elementor-element-c410527 elementor-widget elementor-widget-text-editor\" data-id=\"c410527\" data-element_type=\"widget\" data-e-type=\"widget\" data-widget_type=\"text-editor.default\">\n\t\t\t\t<div class=\"elementor-widget-container\">\n\t\t\t\t\t\t\t\t\t<p>\u2013 Smaka! Den h\u00e4r har vi gjort sj\u00e4lva av sik vi f\u00e5ngade i november i fjol.\r\n\r\n<p>Petra Kuypers str\u00e4cker fram en liten sm\u00f6rg\u00e5s med romkorn. De orangea sf\u00e4rerna f\u00e5ngar ljuset fr\u00e5n f\u00f6nstret.\r\n\r\n<p>\u2013 Det var j\u00e4ttesp\u00e4nnande fiske, sikarna n\u00e4stan hoppade p\u00e5 oss. Rommen \u00e4r kryddad med finhackad l\u00f6k, salt, peppar och lite konjak som bryter av smaken.\r\n\r\n<p>Sikmackan \u00e4r talande f\u00f6r maten p\u00e5 bistron, hemlagad fr\u00e5n grunden p\u00e5 lokala r\u00e5varor. Petra och hennes man Andr\u00e9 h\u00e4mtar b\u00e5de fisk och k\u00f6tt fr\u00e5n n\u00e4romr\u00e5det och odlar en del av gr\u00f6nsakerna sj\u00e4lva. Men menyn och inte minst dryckesutbudet speglar ocks\u00e5 parets hemland.\r\n\r\n<p>\u2013 Vi \u00e4r belgare och v\u00e5rt land har en v\u00e4ldigt fin produkt: \u00f6l. S\u00e4rskilt trappist\u00f6let \u00e4r omtalat, det bryggs i kloster inom trappistorden, s\u00e4ger Petra.\r\n\r\n<p>Stoltheten lyser n\u00e4r hon pekar ut de olika \u00f6lsorterna i baren, var och en med sitt eget glas \u2013 utformat f\u00f6r att aromerna ska komma till sin r\u00e4tt p\u00e5 b\u00e4sta s\u00e4tt. Petra h\u00e4ller upp ett \u00f6l bryggt av karmelit-nunnor. Skummet reser sig \u00f6ver den ljusa, \u00f6verj\u00e4sta drycken.\r\n\r\n<p>\u2013 \u00d6l \u00e4r kultur! Det \u00e4r fint kryddat och smakrikt, du njuter av det som ett gott vin.\r\n\r\n<p>Det var naturen och lugnet som lockade paret Kuypers-Paulusz att sl\u00e5 sig ner i J\u00e4mtland. Nu har de sju hektar camping med 20 stugor och plats f\u00f6r 40-50 husvagnar, precis intill S:t Olavsleden.\r\n\r\n<p>\u2013 Vi fokuserar p\u00e5 g\u00e4ster som vill \u00e4ta gott och uppleva naturen: fiska, vandra och paddla kajak. Just nu bygger vi om den gamla poolen till en jordk\u00e4llare f\u00f6r \u00f6l, ber\u00e4ttar Petra och pekar mot en obest\u00e4md h\u00f6g jord bredvid restaurangen.\r\n\r\n<p>Ett s\u00e4llskap p\u00e5 uteserveringen kallar p\u00e5 hennes uppm\u00e4rksamhet och hon tar vant upp best\u00e4llningar. I k\u00f6ket r\u00f6r Andr\u00e9 i k\u00f6ttgrytan som kryddats med \u00f6l \u2013 s\u00e5 klart \u2013 och som f\u00e5tt puttra sig m\u00f6r under \u00e5tskilliga timmar p\u00e5 spisen.\r\n\r\n<p>\u2013 I Belgien kallas det stoofvlees, vilket betyder \u201dkamin-k\u00f6tt\u201d. Traditionellt \u00e4r det h\u00e4r mat som stod och puttrade i timtal p\u00e5 hemmets kamin som b\u00e5de var spis och v\u00e4rmek\u00e4lla, ber\u00e4ttar Andr\u00e9.\r\n\r\n<p>Grytan \u00e4r doftande och smakrik, \u00f6let g\u00f6r sig p\u00e5mint i fruktiga toner. Tillsammans med friterad potatis och sallad \u00e4r det v\u00e4rmande och gott, perfekt efter en vandringsdag i J\u00e4mtland.\t\t\t\t\t\t\t\t<\/div>\n\t\t\t\t<\/div>\n\t\t\t\t<div class=\"elementor-element elementor-element-2d0573f gallery-spacing-custom elementor-widget elementor-widget-image-gallery\" data-id=\"2d0573f\" data-element_type=\"widget\" data-e-type=\"widget\" data-widget_type=\"image-gallery.default\">\n\t\t\t\t<div class=\"elementor-widget-container\">\n\t\t\t\t\t\t\t<div class=\"elementor-image-gallery\">\n\t\t\t<div id='gallery-1' class='gallery galleryid-7583 gallery-columns-2 gallery-size-thumbnail'><figure class='gallery-item'>\n\t\t\t<div class='gallery-icon landscape'>\n\t\t\t\t<a data-elementor-open-lightbox=\"yes\" data-elementor-lightbox-slideshow=\"2d0573f\" data-elementor-lightbox-title=\"Campviking_S0A9955\" data-e-action-hash=\"#elementor-action%3Aaction%3Dlightbox%26settings%3DeyJpZCI6NzM2NiwidXJsIjoiaHR0cHM6XC9cL3N0b2xhdnNsZWRlbi5jb21cL3dwLWNvbnRlbnRcL3VwbG9hZHNcLzIwMjJcLzAzXC9DYW1wdmlraW5nX1MwQTk5NTUtMS5qcGciLCJzbGlkZXNob3ciOiIyZDA1NzNmIn0%3D\" href='https:\/\/stolavsleden.com\/wp-content\/uploads\/2022\/03\/Campviking_S0A9955-1.jpg'><img fetchpriority=\"high\" width=\"1024\" height=\"576\" src=\"https:\/\/stolavsleden.com\/wp-content\/uploads\/2022\/03\/Campviking_S0A9955-1.jpg\" class=\"attachment-thumbnail size-thumbnail\" alt=\"Camp Viking\" decoding=\"async\" srcset=\"https:\/\/stolavsleden.com\/wp-content\/uploads\/2022\/03\/Campviking_S0A9955-1.jpg 1024w, https:\/\/stolavsleden.com\/wp-content\/uploads\/2022\/03\/Campviking_S0A9955-1-768x432.jpg 768w\" sizes=\"(max-width: 1024px) 100vw, 1024px\" \/><\/a>\n\t\t\t<\/div><\/figure><figure class='gallery-item'>\n\t\t\t<div class='gallery-icon landscape'>\n\t\t\t\t<a data-elementor-open-lightbox=\"yes\" data-elementor-lightbox-slideshow=\"2d0573f\" data-elementor-lightbox-title=\"Campviking_S0A0243\" data-e-action-hash=\"#elementor-action%3Aaction%3Dlightbox%26settings%3DeyJpZCI6NzM2NCwidXJsIjoiaHR0cHM6XC9cL3N0b2xhdnNsZWRlbi5jb21cL3dwLWNvbnRlbnRcL3VwbG9hZHNcLzIwMjJcLzAzXC9DYW1wdmlraW5nX1MwQTAyNDMtMS5qcGciLCJzbGlkZXNob3ciOiIyZDA1NzNmIn0%3D\" href='https:\/\/stolavsleden.com\/wp-content\/uploads\/2022\/03\/Campviking_S0A0243-1.jpg'><img width=\"1024\" height=\"576\" src=\"https:\/\/stolavsleden.com\/wp-content\/uploads\/2022\/03\/Campviking_S0A0243-1.jpg\" class=\"attachment-thumbnail size-thumbnail\" alt=\"Camp Viking\" decoding=\"async\" srcset=\"https:\/\/stolavsleden.com\/wp-content\/uploads\/2022\/03\/Campviking_S0A0243-1.jpg 1024w, https:\/\/stolavsleden.com\/wp-content\/uploads\/2022\/03\/Campviking_S0A0243-1-768x432.jpg 768w\" sizes=\"(max-width: 1024px) 100vw, 1024px\" \/><\/a>\n\t\t\t<\/div><\/figure><figure class='gallery-item'>\n\t\t\t<div class='gallery-icon landscape'>\n\t\t\t\t<a data-elementor-open-lightbox=\"yes\" data-elementor-lightbox-slideshow=\"2d0573f\" data-elementor-lightbox-title=\"Campviking_S0A0089\" data-e-action-hash=\"#elementor-action%3Aaction%3Dlightbox%26settings%3DeyJpZCI6NzM2OCwidXJsIjoiaHR0cHM6XC9cL3N0b2xhdnNsZWRlbi5jb21cL3dwLWNvbnRlbnRcL3VwbG9hZHNcLzIwMjJcLzAzXC9DYW1wdmlraW5nX1MwQTAwODktMS5qcGciLCJzbGlkZXNob3ciOiIyZDA1NzNmIn0%3D\" href='https:\/\/stolavsleden.com\/wp-content\/uploads\/2022\/03\/Campviking_S0A0089-1.jpg'><img width=\"1024\" height=\"576\" src=\"https:\/\/stolavsleden.com\/wp-content\/uploads\/2022\/03\/Campviking_S0A0089-1.jpg\" class=\"attachment-thumbnail size-thumbnail\" alt=\"Camp Viking\" decoding=\"async\" srcset=\"https:\/\/stolavsleden.com\/wp-content\/uploads\/2022\/03\/Campviking_S0A0089-1.jpg 1024w, https:\/\/stolavsleden.com\/wp-content\/uploads\/2022\/03\/Campviking_S0A0089-1-768x432.jpg 768w\" sizes=\"(max-width: 1024px) 100vw, 1024px\" \/><\/a>\n\t\t\t<\/div><\/figure><figure class='gallery-item'>\n\t\t\t<div class='gallery-icon landscape'>\n\t\t\t\t<a data-elementor-open-lightbox=\"yes\" data-elementor-lightbox-slideshow=\"2d0573f\" data-elementor-lightbox-title=\"Campviking_S0A0119\" data-e-action-hash=\"#elementor-action%3Aaction%3Dlightbox%26settings%3DeyJpZCI6NzE2MywidXJsIjoiaHR0cHM6XC9cL3N0b2xhdnNsZWRlbi5jb21cL3dwLWNvbnRlbnRcL3VwbG9hZHNcLzIwMjJcLzAzXC9DYW1wdmlraW5nX1MwQTAxMTkuanBnIiwic2xpZGVzaG93IjoiMmQwNTczZiJ9\" href='https:\/\/stolavsleden.com\/wp-content\/uploads\/2022\/03\/Campviking_S0A0119.jpg'><img loading=\"lazy\" width=\"1024\" height=\"576\" src=\"https:\/\/stolavsleden.com\/wp-content\/uploads\/2022\/03\/Campviking_S0A0119.jpg\" class=\"attachment-thumbnail size-thumbnail\" alt=\"Camp Viking\" decoding=\"async\" srcset=\"https:\/\/stolavsleden.com\/wp-content\/uploads\/2022\/03\/Campviking_S0A0119.jpg 1024w, https:\/\/stolavsleden.com\/wp-content\/uploads\/2022\/03\/Campviking_S0A0119-768x432.jpg 768w\" sizes=\"(max-width: 1024px) 100vw, 1024px\" \/><\/a>\n\t\t\t<\/div><\/figure>\n\t\t<\/div>\n\t\t<\/div>\n\t\t\t\t\t\t<\/div>\n\t\t\t\t<\/div>\n\t\t\t\t\t<\/div>\n\t\t<\/div>\n\t\t\t\t<div class=\"elementor-column elementor-col-50 elementor-top-column elementor-element elementor-element-ffc7f08\" data-id=\"ffc7f08\" data-element_type=\"column\" data-e-type=\"column\" data-settings=\"{&quot;background_background&quot;:&quot;classic&quot;}\">\n\t\t\t<div class=\"elementor-widget-wrap elementor-element-populated\">\n\t\t\t\t\t\t<div class=\"elementor-element elementor-element-a0a7bbb elementor-widget elementor-widget-heading\" data-id=\"a0a7bbb\" data-element_type=\"widget\" data-e-type=\"widget\" data-widget_type=\"heading.default\">\n\t\t\t\t<div class=\"elementor-widget-container\">\n\t\t\t\t\t<h2 class=\"elementor-heading-title elementor-size-default\">FAKTA<\/h2>\t\t\t\t<\/div>\n\t\t\t\t<\/div>\n\t\t\t\t<div class=\"elementor-element elementor-element-d54d671 elementor-widget elementor-widget-text-editor\" data-id=\"d54d671\" data-element_type=\"widget\" data-e-type=\"widget\" data-widget_type=\"text-editor.default\">\n\t\t\t\t<div class=\"elementor-widget-container\">\n\t\t\t\t\t\t\t\t\t<p><em>Var:<\/em> Vid Revsundssj\u00f6n, strax innan du kommer fram till G\u00e4ll\u00f6.\r\n\r\n<p><em>Missa inte:<\/em> Belgisk k\u00f6ttgryta, lagad enligt ett mormorsrecept p\u00e5 n\u00f6tk\u00f6tt som f\u00e5r koka l\u00e4nge med kryddor och \u00f6l. Och belgiskt \u00f6l till, popul\u00e4ra sorter \u00e4r Duvel och Westmalle, men det finns hela sex trappist\u00f6l p\u00e5 menyn.\r\n\r\n<p><em>Annat:<\/em> S:t Olavsledens str\u00e4ckning innan Camp Viking, fr\u00e5n Grimn\u00e4s och runt Sl\u00e5ttvikberget, \u00e4r utmanande. Stanna till vid Revsundssj\u00f6ns strand och ta ett dopp. Campingen erbjuder b\u00e5de stugor och t\u00e4ltplatser d\u00e4r du kan uppleva lugnet vid vattnet.\r\n\r\n<p><em>\u00d6ppettider &amp; kontakt:<\/em><br>\r\n<a href=\"https:\/\/campviking.se\" target=\"_blank\" rel=\"noopener\">www.campviking.se<\/a><\/p>\t\t\t\t\t\t\t\t<\/div>\n\t\t\t\t<\/div>\n\t\t\t\t\t<\/div>\n\t\t<\/div>\n\t\t\t\t\t<\/div>\n\t\t<\/section>\n\t\t\t\t<\/div>\n\t\t","protected":false},"excerpt":{"rendered":"<p>\u2013 Smaka! Den h\u00e4r har vi gjort sj\u00e4lva av sik vi f\u00e5ngade i november i fjol. Petra Kuypers str\u00e4cker fram en liten sm\u00f6rg\u00e5s med romkorn. De orangea sf\u00e4rerna f\u00e5ngar ljuset fr\u00e5n f\u00f6nstret. \u2013 Det var j\u00e4ttesp\u00e4nnande fiske, sikarna n\u00e4stan hoppade p\u00e5 oss. Rommen \u00e4r kryddad med finhackad l\u00f6k, salt, peppar och lite konjak som bryter [&hellip;]<\/p>\n","protected":false},"author":12,"featured_media":7484,"parent":0,"menu_order":0,"comment_status":"closed","ping_status":"closed","template":"","meta":{"_acf_changed":false,"footnotes":""},"class_list":["post-7583","page","type-page","status-publish","has-post-thumbnail","hentry"],"acf":[],"_links":{"self":[{"href":"https:\/\/stolavsleden.com\/sv\/wp-json\/wp\/v2\/pages\/7583","targetHints":{"allow":["GET"]}}],"collection":[{"href":"https:\/\/stolavsleden.com\/sv\/wp-json\/wp\/v2\/pages"}],"about":[{"href":"https:\/\/stolavsleden.com\/sv\/wp-json\/wp\/v2\/types\/page"}],"author":[{"embeddable":true,"href":"https:\/\/stolavsleden.com\/sv\/wp-json\/wp\/v2\/users\/12"}],"replies":[{"embeddable":true,"href":"https:\/\/stolavsleden.com\/sv\/wp-json\/wp\/v2\/comments?post=7583"}],"version-history":[{"count":3,"href":"https:\/\/stolavsleden.com\/sv\/wp-json\/wp\/v2\/pages\/7583\/revisions"}],"predecessor-version":[{"id":7755,"href":"https:\/\/stolavsleden.com\/sv\/wp-json\/wp\/v2\/pages\/7583\/revisions\/7755"}],"wp:featuredmedia":[{"embeddable":true,"href":"https:\/\/stolavsleden.com\/sv\/wp-json\/wp\/v2\/media\/7484"}],"wp:attachment":[{"href":"https:\/\/stolavsleden.com\/sv\/wp-json\/wp\/v2\/media?parent=7583"}],"curies":[{"name":"wp","href":"https:\/\/api.w.org\/{rel}","templated":true}]}}