{"id":7581,"date":"2022-03-24T16:19:17","date_gmt":"2022-03-24T15:19:17","guid":{"rendered":"https:\/\/stolavsleden.com\/wangens-wardshus\/"},"modified":"2022-03-25T11:06:06","modified_gmt":"2022-03-25T10:06:06","slug":"wangens-wardshus","status":"publish","type":"page","link":"https:\/\/stolavsleden.com\/sv\/wangens-wardshus\/","title":{"rendered":"W\u00e5ngens W\u00e4rdshus"},"content":{"rendered":"\t\t<div data-elementor-type=\"wp-page\" data-elementor-id=\"7581\" class=\"elementor elementor-7581 elementor-7372\" data-elementor-post-type=\"page\">\n\t\t\t\t\t\t<section class=\"elementor-section elementor-top-section elementor-element elementor-element-c380c63 elementor-section-content-middle elementor-section-stretched elementor-section-boxed elementor-section-height-default elementor-section-height-default\" data-id=\"c380c63\" data-element_type=\"section\" data-e-type=\"section\" data-settings=\"{&quot;background_background&quot;:&quot;classic&quot;,&quot;stretch_section&quot;:&quot;section-stretched&quot;}\">\n\t\t\t\t\t\t<div class=\"elementor-container elementor-column-gap-wider\">\n\t\t\t\t\t<div class=\"elementor-column elementor-col-50 elementor-top-column elementor-element elementor-element-3b3c86d\" data-id=\"3b3c86d\" data-element_type=\"column\" data-e-type=\"column\">\n\t\t\t<div class=\"elementor-widget-wrap elementor-element-populated\">\n\t\t\t\t\t\t<div class=\"elementor-element elementor-element-c410527 elementor-widget elementor-widget-text-editor\" data-id=\"c410527\" data-element_type=\"widget\" data-e-type=\"widget\" data-widget_type=\"text-editor.default\">\n\t\t\t\t<div class=\"elementor-widget-container\">\n\t\t\t\t\t\t\t\t\t<p>Kocken Anders Eveby har 400 pannkakor att steka men \u00e4r lugnet sj\u00e4lvt n\u00e4r han visar upp den pilgrimstallrik som han tagit fram f\u00f6r g\u00e4stande vandrare.\r\n\r\n<p>\u2013 Den j\u00e4mtl\u00e4ndska r\u00f6dingen med potatissallad och gr\u00f6nt kan f\u00f6rbest\u00e4llas. D\u00e5 finns den f\u00e4rdig h\u00e4r p\u00e5 v\u00e4rdshuset oavsett n\u00e4r du anl\u00e4nder, s\u00e4ger Anders.\r\n\r\n<p>W\u00e5ngens W\u00e4rdshus ligger n\u00e4stan mitt p\u00e5 S:t Olavsleden och \u00e4r en del av W\u00e5ngen som \u00e4r en riksanl\u00e4ggning f\u00f6r h\u00e4stsporten med l\u00e5nga anor. H\u00e4r utbildas hippologer, hovslagare, travkuskar och ett antal andra h\u00e4styrken. Fr\u00e5n resliga stallbyggnader breder hagar ut sig ner mot Alsensj\u00f6n och nyfikna bruna h\u00e4st\u00f6gon f\u00f6ljer dina steg n\u00e4r du passerar.\r\n\r\n<p>Men W\u00e5ngen \u00e4r inte bara h\u00e4st \u2013 h\u00e4r finns ocks\u00e5 ett hotell, konferensanl\u00e4ggning och n\u00e5gra stugor. Plus restaurangen, som v\u00e4lkomnar sina g\u00e4ster med rustik, v\u00e4llagad mat. Lisa Eliasson \u00e4r v\u00e4rdshuschef och ber\u00e4ttar om deras inriktning.\r\n\r\n<p>\u2013\u00a0Vi lagar p\u00e5 ekologiska och lokala r\u00e5varor s\u00e5 mycket vi kan. Under odlingss\u00e4song h\u00e4mtar vi gr\u00f6nsaker fr\u00e5n Kougsta tr\u00e4dg\u00e5rd bara en bit bort och mycket av v\u00e5rt k\u00f6tt kommer fr\u00e5n Sl\u00e5tte naturbete som ocks\u00e5 ligger h\u00e4r i trakten, s\u00e4ger Lisa.\r\n\r\n<p>Fisken till pilgrimstallriken \u00e4r s\u00e5klart ocks\u00e5 h\u00e4mtad fr\u00e5n j\u00e4mtl\u00e4ndska vatten. Men det \u00e4r inget finlir \u2013 de flesta m\u00e5ltider serveras som buff\u00e9. Det finns alltid ett vegetariskt alternativ, fr\u00e4scha sallader och sm\u00e5kaka till kaffet. Uppskattat b\u00e5de av h\u00e4stfolk och lokalbor.\r\n\r\n<p>\u2013 Det \u00e4r m\u00e5nga internatelever och l\u00e4rare h\u00e4r, men ocks\u00e5 vandrare och folk fr\u00e5n trakten. Polisen brukar komma hit n\u00e4r vi har pannkaka och soppa, skrattar Anders.\r\n\r\n<p>Just denna dag lyser bl\u00e5ljuspersonalen med sin fr\u00e5nvaro men det \u00e4r desto fler nyinskrivna gymnasieelever. Smakpatrullen tar f\u00f6r sig av pannkaka och tillh\u00f6rande soppa. Utsikten \u00f6ver Alsensj\u00f6n \u00e4r sl\u00e5ende och pannkakorna h\u00e4rligt sm\u00f6rstekta. P\u00e5 dem kan man vandra en bra bit.\t\t\t\t\t\t\t\t<\/div>\n\t\t\t\t<\/div>\n\t\t\t\t<div class=\"elementor-element elementor-element-491c513 gallery-spacing-custom elementor-widget elementor-widget-image-gallery\" data-id=\"491c513\" data-element_type=\"widget\" data-e-type=\"widget\" data-widget_type=\"image-gallery.default\">\n\t\t\t\t<div class=\"elementor-widget-container\">\n\t\t\t\t\t\t\t<div class=\"elementor-image-gallery\">\n\t\t\t<div id='gallery-1' class='gallery galleryid-7581 gallery-columns-2 gallery-size-thumbnail'><figure class='gallery-item'>\n\t\t\t<div class='gallery-icon landscape'>\n\t\t\t\t<a data-elementor-open-lightbox=\"yes\" data-elementor-lightbox-slideshow=\"491c513\" data-elementor-lightbox-title=\"Wangen_StOlav_smak_S0A9692\" data-e-action-hash=\"#elementor-action%3Aaction%3Dlightbox%26settings%3DeyJpZCI6NzM4MywidXJsIjoiaHR0cHM6XC9cL3N0b2xhdnNsZWRlbi5jb21cL3dwLWNvbnRlbnRcL3VwbG9hZHNcLzIwMjJcLzAzXC9XYW5nZW5fU3RPbGF2X3NtYWtfUzBBOTY5Mi0xLmpwZyIsInNsaWRlc2hvdyI6IjQ5MWM1MTMifQ%3D%3D\" href='https:\/\/stolavsleden.com\/wp-content\/uploads\/2022\/03\/Wangen_StOlav_smak_S0A9692-1.jpg'><img fetchpriority=\"high\" width=\"1024\" height=\"576\" src=\"https:\/\/stolavsleden.com\/wp-content\/uploads\/2022\/03\/Wangen_StOlav_smak_S0A9692-1.jpg\" class=\"attachment-thumbnail size-thumbnail\" alt=\"\" decoding=\"async\" srcset=\"https:\/\/stolavsleden.com\/wp-content\/uploads\/2022\/03\/Wangen_StOlav_smak_S0A9692-1.jpg 1024w, https:\/\/stolavsleden.com\/wp-content\/uploads\/2022\/03\/Wangen_StOlav_smak_S0A9692-1-768x432.jpg 768w\" sizes=\"(max-width: 1024px) 100vw, 1024px\" \/><\/a>\n\t\t\t<\/div><\/figure><figure class='gallery-item'>\n\t\t\t<div class='gallery-icon landscape'>\n\t\t\t\t<a data-elementor-open-lightbox=\"yes\" data-elementor-lightbox-slideshow=\"491c513\" data-elementor-lightbox-title=\"Wangen_StOlav_smak_S0A9801\" data-e-action-hash=\"#elementor-action%3Aaction%3Dlightbox%26settings%3DeyJpZCI6NzM4MSwidXJsIjoiaHR0cHM6XC9cL3N0b2xhdnNsZWRlbi5jb21cL3dwLWNvbnRlbnRcL3VwbG9hZHNcLzIwMjJcLzAzXC9XYW5nZW5fU3RPbGF2X3NtYWtfUzBBOTgwMS0xLmpwZyIsInNsaWRlc2hvdyI6IjQ5MWM1MTMifQ%3D%3D\" href='https:\/\/stolavsleden.com\/wp-content\/uploads\/2022\/03\/Wangen_StOlav_smak_S0A9801-1.jpg'><img width=\"1024\" height=\"576\" src=\"https:\/\/stolavsleden.com\/wp-content\/uploads\/2022\/03\/Wangen_StOlav_smak_S0A9801-1.jpg\" class=\"attachment-thumbnail size-thumbnail\" alt=\"\" decoding=\"async\" srcset=\"https:\/\/stolavsleden.com\/wp-content\/uploads\/2022\/03\/Wangen_StOlav_smak_S0A9801-1.jpg 1024w, https:\/\/stolavsleden.com\/wp-content\/uploads\/2022\/03\/Wangen_StOlav_smak_S0A9801-1-768x432.jpg 768w\" sizes=\"(max-width: 1024px) 100vw, 1024px\" \/><\/a>\n\t\t\t<\/div><\/figure><figure class='gallery-item'>\n\t\t\t<div class='gallery-icon landscape'>\n\t\t\t\t<a data-elementor-open-lightbox=\"yes\" data-elementor-lightbox-slideshow=\"491c513\" data-elementor-lightbox-title=\"Wangen_StOlav_smak_S0A9704\" data-e-action-hash=\"#elementor-action%3Aaction%3Dlightbox%26settings%3DeyJpZCI6NzM4NSwidXJsIjoiaHR0cHM6XC9cL3N0b2xhdnNsZWRlbi5jb21cL3dwLWNvbnRlbnRcL3VwbG9hZHNcLzIwMjJcLzAzXC9XYW5nZW5fU3RPbGF2X3NtYWtfUzBBOTcwNC0xLmpwZyIsInNsaWRlc2hvdyI6IjQ5MWM1MTMifQ%3D%3D\" href='https:\/\/stolavsleden.com\/wp-content\/uploads\/2022\/03\/Wangen_StOlav_smak_S0A9704-1.jpg'><img width=\"1024\" height=\"576\" src=\"https:\/\/stolavsleden.com\/wp-content\/uploads\/2022\/03\/Wangen_StOlav_smak_S0A9704-1.jpg\" class=\"attachment-thumbnail size-thumbnail\" alt=\"\" decoding=\"async\" srcset=\"https:\/\/stolavsleden.com\/wp-content\/uploads\/2022\/03\/Wangen_StOlav_smak_S0A9704-1.jpg 1024w, https:\/\/stolavsleden.com\/wp-content\/uploads\/2022\/03\/Wangen_StOlav_smak_S0A9704-1-768x432.jpg 768w\" sizes=\"(max-width: 1024px) 100vw, 1024px\" \/><\/a>\n\t\t\t<\/div><\/figure><figure class='gallery-item'>\n\t\t\t<div class='gallery-icon landscape'>\n\t\t\t\t<a data-elementor-open-lightbox=\"yes\" data-elementor-lightbox-slideshow=\"491c513\" data-elementor-lightbox-title=\"Wangen_StOlav_smak_S0A9783\" data-e-action-hash=\"#elementor-action%3Aaction%3Dlightbox%26settings%3DeyJpZCI6NzM4NywidXJsIjoiaHR0cHM6XC9cL3N0b2xhdnNsZWRlbi5jb21cL3dwLWNvbnRlbnRcL3VwbG9hZHNcLzIwMjJcLzAzXC9XYW5nZW5fU3RPbGF2X3NtYWtfUzBBOTc4My0xLmpwZyIsInNsaWRlc2hvdyI6IjQ5MWM1MTMifQ%3D%3D\" href='https:\/\/stolavsleden.com\/wp-content\/uploads\/2022\/03\/Wangen_StOlav_smak_S0A9783-1.jpg'><img loading=\"lazy\" width=\"1024\" height=\"576\" src=\"https:\/\/stolavsleden.com\/wp-content\/uploads\/2022\/03\/Wangen_StOlav_smak_S0A9783-1.jpg\" class=\"attachment-thumbnail size-thumbnail\" alt=\"\" decoding=\"async\" srcset=\"https:\/\/stolavsleden.com\/wp-content\/uploads\/2022\/03\/Wangen_StOlav_smak_S0A9783-1.jpg 1024w, https:\/\/stolavsleden.com\/wp-content\/uploads\/2022\/03\/Wangen_StOlav_smak_S0A9783-1-768x432.jpg 768w\" sizes=\"(max-width: 1024px) 100vw, 1024px\" \/><\/a>\n\t\t\t<\/div><\/figure>\n\t\t<\/div>\n\t\t<\/div>\n\t\t\t\t\t\t<\/div>\n\t\t\t\t<\/div>\n\t\t\t\t\t<\/div>\n\t\t<\/div>\n\t\t\t\t<div class=\"elementor-column elementor-col-50 elementor-top-column elementor-element elementor-element-ffc7f08\" data-id=\"ffc7f08\" data-element_type=\"column\" data-e-type=\"column\" data-settings=\"{&quot;background_background&quot;:&quot;classic&quot;}\">\n\t\t\t<div class=\"elementor-widget-wrap elementor-element-populated\">\n\t\t\t\t\t\t<div class=\"elementor-element elementor-element-a0a7bbb elementor-widget elementor-widget-heading\" data-id=\"a0a7bbb\" data-element_type=\"widget\" data-e-type=\"widget\" data-widget_type=\"heading.default\">\n\t\t\t\t<div class=\"elementor-widget-container\">\n\t\t\t\t\t<h2 class=\"elementor-heading-title elementor-size-default\">FAKTA<\/h2>\t\t\t\t<\/div>\n\t\t\t\t<\/div>\n\t\t\t\t<div class=\"elementor-element elementor-element-d54d671 elementor-widget elementor-widget-text-editor\" data-id=\"d54d671\" data-element_type=\"widget\" data-e-type=\"widget\" data-widget_type=\"text-editor.default\">\n\t\t\t\t<div class=\"elementor-widget-container\">\n\t\t\t\t\t\t\t\t\t<p><em>Var:<\/em> 100 meter fr\u00e5n S:t Olavsleden, p\u00e5 Alsensj\u00f6ns norra sida d\u00e4r den passerar genom W\u00e5ngen.\r\n\r\n<p><em>Missa inte:<\/em> Pilgrimstallriken som lagas p\u00e5 j\u00e4mtl\u00e4ndsk r\u00f6ding och serveras med potatissallad och gr\u00f6nt, ofta lokalt odlat. Serveras \u00e4ven n\u00e4r restaurangk\u00f6ket i \u00f6vrigt har st\u00e4ngt, men beh\u00f6ver f\u00f6rbest\u00e4llas.\r\n\r\n<p><em>Annat:<\/em> V\u00e4rdshuset erbjuder \u00e4ven hotell, vandrarhem och stugboende. En guidad tur p\u00e5 W\u00e5ngen finns att ladda ner som app, med den f\u00e5r du f\u00f6lja i den nordsvenska h\u00e4stens sp\u00e5r genom anl\u00e4ggningens historia. S\u00f6k p\u00e5 \u201dW\u00e5ngen\u201d d\u00e4r du laddar ner appar i din smarttelefon.\r\n\r\n<p>\u00d6ppettider &amp; kontakt:<br>\r\n<a href=\"https:\/\/www.facebook.com\/WangensWardshus\" target=\"_blank\" rel=\"noopener\">www.facebook.com\/WangensWardshus<\/a>\t\t\t\t\t\t\t\t<\/div>\n\t\t\t\t<\/div>\n\t\t\t\t\t<\/div>\n\t\t<\/div>\n\t\t\t\t\t<\/div>\n\t\t<\/section>\n\t\t\t\t<\/div>\n\t\t","protected":false},"excerpt":{"rendered":"<p>Kocken Anders Eveby har 400 pannkakor att steka men \u00e4r lugnet sj\u00e4lvt n\u00e4r han visar upp den pilgrimstallrik som han tagit fram f\u00f6r g\u00e4stande vandrare. \u2013 Den j\u00e4mtl\u00e4ndska r\u00f6dingen med potatissallad och gr\u00f6nt kan f\u00f6rbest\u00e4llas. D\u00e5 finns den f\u00e4rdig h\u00e4r p\u00e5 v\u00e4rdshuset oavsett n\u00e4r du anl\u00e4nder, s\u00e4ger Anders. W\u00e5ngens W\u00e4rdshus ligger n\u00e4stan mitt p\u00e5 S:t [&hellip;]<\/p>\n","protected":false},"author":12,"featured_media":7374,"parent":0,"menu_order":0,"comment_status":"closed","ping_status":"closed","template":"","meta":{"_acf_changed":false,"footnotes":""},"class_list":["post-7581","page","type-page","status-publish","has-post-thumbnail","hentry"],"acf":[],"_links":{"self":[{"href":"https:\/\/stolavsleden.com\/sv\/wp-json\/wp\/v2\/pages\/7581","targetHints":{"allow":["GET"]}}],"collection":[{"href":"https:\/\/stolavsleden.com\/sv\/wp-json\/wp\/v2\/pages"}],"about":[{"href":"https:\/\/stolavsleden.com\/sv\/wp-json\/wp\/v2\/types\/page"}],"author":[{"embeddable":true,"href":"https:\/\/stolavsleden.com\/sv\/wp-json\/wp\/v2\/users\/12"}],"replies":[{"embeddable":true,"href":"https:\/\/stolavsleden.com\/sv\/wp-json\/wp\/v2\/comments?post=7581"}],"version-history":[{"count":3,"href":"https:\/\/stolavsleden.com\/sv\/wp-json\/wp\/v2\/pages\/7581\/revisions"}],"predecessor-version":[{"id":7698,"href":"https:\/\/stolavsleden.com\/sv\/wp-json\/wp\/v2\/pages\/7581\/revisions\/7698"}],"wp:featuredmedia":[{"embeddable":true,"href":"https:\/\/stolavsleden.com\/sv\/wp-json\/wp\/v2\/media\/7374"}],"wp:attachment":[{"href":"https:\/\/stolavsleden.com\/sv\/wp-json\/wp\/v2\/media?parent=7581"}],"curies":[{"name":"wp","href":"https:\/\/api.w.org\/{rel}","templated":true}]}}