{"id":7577,"date":"2022-03-24T16:16:56","date_gmt":"2022-03-24T15:16:56","guid":{"rendered":"https:\/\/stolavsleden.com\/tinas-praliner\/"},"modified":"2022-03-25T11:07:13","modified_gmt":"2022-03-25T10:07:13","slug":"tinas-praliner","status":"publish","type":"page","link":"https:\/\/stolavsleden.com\/sv\/tinas-praliner\/","title":{"rendered":"Tinas Praliner"},"content":{"rendered":"\t\t<div data-elementor-type=\"wp-page\" data-elementor-id=\"7577\" class=\"elementor elementor-7577 elementor-7391\" data-elementor-post-type=\"page\">\n\t\t\t\t\t\t<section class=\"elementor-section elementor-top-section elementor-element elementor-element-c380c63 elementor-section-content-middle elementor-section-stretched elementor-section-boxed elementor-section-height-default elementor-section-height-default\" data-id=\"c380c63\" data-element_type=\"section\" data-e-type=\"section\" data-settings=\"{&quot;background_background&quot;:&quot;classic&quot;,&quot;stretch_section&quot;:&quot;section-stretched&quot;}\">\n\t\t\t\t\t\t<div class=\"elementor-container elementor-column-gap-wider\">\n\t\t\t\t\t<div class=\"elementor-column elementor-col-50 elementor-top-column elementor-element elementor-element-3b3c86d\" data-id=\"3b3c86d\" data-element_type=\"column\" data-e-type=\"column\">\n\t\t\t<div class=\"elementor-widget-wrap elementor-element-populated\">\n\t\t\t\t\t\t<div class=\"elementor-element elementor-element-c410527 elementor-widget elementor-widget-text-editor\" data-id=\"c410527\" data-element_type=\"widget\" data-e-type=\"widget\" data-widget_type=\"text-editor.default\">\n\t\t\t\t<div class=\"elementor-widget-container\">\n\t\t\t\t\t\t\t\t\t<p>Med ett vant grepp fyller Tina Miinin en pralinform. V\u00e4nder den upp och ner s\u00e5 det rinner som str\u00e5lar av bl\u00e4nkande choklad ner p\u00e5 arbetsbordet. \u00d6verskottet stryks av, sen ska pralinskalen svalna. Och fyllas, kanske med salt karamell den h\u00e4r g\u00e5ngen.\r\n\r\n<p>\u2013 Jag har alltid 24-30 smaker i sortimentet. En del varierar efter s\u00e4song \u2013 havtorn med bipollen \u00e4r till exempel en sommarsmak, s\u00e4ger Tina.\r\n\r\n<p>Fast\u00e4n Tinas chokladverkstad ligger en bra bit fr\u00e5n stora v\u00e4gen har hon en trogen krets stamkunder. Hennes smaker stannar kvar, pralinerna \u00e4r sm\u00e5 konstverk i choklad. Intensiva och \u00f6verraskande. Ett bett och skalet ger vika med exakt r\u00e4tt motst\u00e5nd f\u00f6r att l\u00e5ta fyllningen av karamell, b\u00e4r eller lik\u00f6r fylla gommen.\r\n\r\n<p>\u2013 Vad tror du om choklad med torkad, krossad trattkantarell och flingsalt? Och smaka den h\u00e4r med rostad pumpa och gr\u00f6nt th\u00e9, s\u00e4ger hon och trugar p\u00e5 Smakpatrullen \u00e4nnu en ljuvlig skapelse.\r\n\r\n<p>Id\u00e9erna bubblar och Tina funderar st\u00e4ndigt \u00f6ver nya smakkombinationer. R\u00e5varan h\u00e4mtar hon fr\u00e5n grossister som s\u00e4ljer kvalitetschoklad fr\u00e5n kakaoodlingar runt om i v\u00e4rlden.\r\n\r\n<p>\u2013 Nyss fick jag en sp\u00e4nnande sort fr\u00e5n Belize, en 76-procentig med smak av syrliga b\u00e4r. Jag har n\u00e5gra id\u00e9er f\u00f6r den, s\u00e4ger hon och ler brett.\r\n\r\n<p>Tinas praliner \u00e4r hantverk, rakt igenom. Det \u00e4r visserligen en maskin som h\u00e5ller chokladen r\u00e4tt tempererad, men pralinerna fylls och dekoreras \u2013 var och en f\u00f6r sig \u2013 av Tinas vana h\u00e4nder. Bara \u00e4kta r\u00e5varor, inga konstgjorda tillsatser.\r\n\r\n<p>\u2013 En del tror att h\u00f6gre kakaohalt betyder finare choklad, men det \u00e4r annat som p\u00e5verkar smaken. Vilken slags b\u00f6na det \u00e4r, var den v\u00e4xt och hur den rostats.\r\n\r\n<p>H\u00e5rd rostning ger en bittrare smak, f\u00f6rklarar Tina, medan l\u00e5ngsam rostning p\u00e5 svag v\u00e4rme ger en blommigare. Vilken \u00e4r d\u00e5 mest popul\u00e4r?\r\n\r\n<p>\u00ad\u2013 Det g\u00e5r inte att s\u00e4ga. En del \u00e4lskar m\u00f6rk choklad, andra vill ha vit choklad eller mj\u00f6lkchoklad.\r\n\r\n<p>Sommartid finns det dock en sak som s\u00e4ljer b\u00e4ttre \u00e4n n\u00e5got annat.\r\n\r\n<p>\u2013 Glassen har blivit v\u00e4ldigt uppskattad. Den \u00e4r kr\u00e4mig som gelato. Jag tar mj\u00f6lken fr\u00e5n bonden h\u00e4r nedanf\u00f6r backen. Och jordgubbsglassen g\u00f6r jag p\u00e5 jordgubbar fr\u00e5n R\u00f6d\u00f6n.\t\t\t\t\t\t\t\t<\/div>\n\t\t\t\t<\/div>\n\t\t\t\t<div class=\"elementor-element elementor-element-491c513 gallery-spacing-custom elementor-widget elementor-widget-image-gallery\" data-id=\"491c513\" data-element_type=\"widget\" data-e-type=\"widget\" data-widget_type=\"image-gallery.default\">\n\t\t\t\t<div class=\"elementor-widget-container\">\n\t\t\t\t\t\t\t<div class=\"elementor-image-gallery\">\n\t\t\t<div id='gallery-1' class='gallery galleryid-7577 gallery-columns-2 gallery-size-thumbnail'><figure class='gallery-item'>\n\t\t\t<div class='gallery-icon landscape'>\n\t\t\t\t<a data-elementor-open-lightbox=\"yes\" data-elementor-lightbox-slideshow=\"491c513\" data-elementor-lightbox-title=\"TinasPraliner_StOlav_smak_H8B8103-2\" data-e-action-hash=\"#elementor-action%3Aaction%3Dlightbox%26settings%3DeyJpZCI6NzQwMiwidXJsIjoiaHR0cHM6XC9cL3N0b2xhdnNsZWRlbi5jb21cL3dwLWNvbnRlbnRcL3VwbG9hZHNcLzIwMjJcLzAzXC9UaW5hc1ByYWxpbmVyX1N0T2xhdl9zbWFrX0g4QjgxMDMtMi0xLmpwZyIsInNsaWRlc2hvdyI6IjQ5MWM1MTMifQ%3D%3D\" href='https:\/\/stolavsleden.com\/wp-content\/uploads\/2022\/03\/TinasPraliner_StOlav_smak_H8B8103-2-1.jpg'><img fetchpriority=\"high\" width=\"1024\" height=\"576\" src=\"https:\/\/stolavsleden.com\/wp-content\/uploads\/2022\/03\/TinasPraliner_StOlav_smak_H8B8103-2-1.jpg\" class=\"attachment-thumbnail size-thumbnail\" alt=\"Tinas Praliner\" decoding=\"async\" srcset=\"https:\/\/stolavsleden.com\/wp-content\/uploads\/2022\/03\/TinasPraliner_StOlav_smak_H8B8103-2-1.jpg 1024w, https:\/\/stolavsleden.com\/wp-content\/uploads\/2022\/03\/TinasPraliner_StOlav_smak_H8B8103-2-1-768x432.jpg 768w\" sizes=\"(max-width: 1024px) 100vw, 1024px\" \/><\/a>\n\t\t\t<\/div><\/figure><figure class='gallery-item'>\n\t\t\t<div class='gallery-icon landscape'>\n\t\t\t\t<a data-elementor-open-lightbox=\"yes\" data-elementor-lightbox-slideshow=\"491c513\" data-elementor-lightbox-title=\"TinasPraliner_StOlav_smak_H8B8016-2\" data-e-action-hash=\"#elementor-action%3Aaction%3Dlightbox%26settings%3DeyJpZCI6NzQwMCwidXJsIjoiaHR0cHM6XC9cL3N0b2xhdnNsZWRlbi5jb21cL3dwLWNvbnRlbnRcL3VwbG9hZHNcLzIwMjJcLzAzXC9UaW5hc1ByYWxpbmVyX1N0T2xhdl9zbWFrX0g4QjgwMTYtMi0xLmpwZyIsInNsaWRlc2hvdyI6IjQ5MWM1MTMifQ%3D%3D\" href='https:\/\/stolavsleden.com\/wp-content\/uploads\/2022\/03\/TinasPraliner_StOlav_smak_H8B8016-2-1.jpg'><img width=\"1024\" height=\"576\" src=\"https:\/\/stolavsleden.com\/wp-content\/uploads\/2022\/03\/TinasPraliner_StOlav_smak_H8B8016-2-1.jpg\" class=\"attachment-thumbnail size-thumbnail\" alt=\"Tinas Praliner\" decoding=\"async\" srcset=\"https:\/\/stolavsleden.com\/wp-content\/uploads\/2022\/03\/TinasPraliner_StOlav_smak_H8B8016-2-1.jpg 1024w, https:\/\/stolavsleden.com\/wp-content\/uploads\/2022\/03\/TinasPraliner_StOlav_smak_H8B8016-2-1-768x432.jpg 768w\" sizes=\"(max-width: 1024px) 100vw, 1024px\" \/><\/a>\n\t\t\t<\/div><\/figure><figure class='gallery-item'>\n\t\t\t<div class='gallery-icon landscape'>\n\t\t\t\t<a data-elementor-open-lightbox=\"yes\" data-elementor-lightbox-slideshow=\"491c513\" data-elementor-lightbox-title=\"TinasPraliner_StOlav_smak_H8B8163-2\" data-e-action-hash=\"#elementor-action%3Aaction%3Dlightbox%26settings%3DeyJpZCI6NzQwNCwidXJsIjoiaHR0cHM6XC9cL3N0b2xhdnNsZWRlbi5jb21cL3dwLWNvbnRlbnRcL3VwbG9hZHNcLzIwMjJcLzAzXC9UaW5hc1ByYWxpbmVyX1N0T2xhdl9zbWFrX0g4QjgxNjMtMi0xLmpwZyIsInNsaWRlc2hvdyI6IjQ5MWM1MTMifQ%3D%3D\" href='https:\/\/stolavsleden.com\/wp-content\/uploads\/2022\/03\/TinasPraliner_StOlav_smak_H8B8163-2-1.jpg'><img width=\"1024\" height=\"576\" src=\"https:\/\/stolavsleden.com\/wp-content\/uploads\/2022\/03\/TinasPraliner_StOlav_smak_H8B8163-2-1.jpg\" class=\"attachment-thumbnail size-thumbnail\" alt=\"Tinas Praliner\" decoding=\"async\" srcset=\"https:\/\/stolavsleden.com\/wp-content\/uploads\/2022\/03\/TinasPraliner_StOlav_smak_H8B8163-2-1.jpg 1024w, https:\/\/stolavsleden.com\/wp-content\/uploads\/2022\/03\/TinasPraliner_StOlav_smak_H8B8163-2-1-768x432.jpg 768w\" sizes=\"(max-width: 1024px) 100vw, 1024px\" \/><\/a>\n\t\t\t<\/div><\/figure><figure class='gallery-item'>\n\t\t\t<div class='gallery-icon landscape'>\n\t\t\t\t<a data-elementor-open-lightbox=\"yes\" data-elementor-lightbox-slideshow=\"491c513\" data-elementor-lightbox-title=\"TinasPraliner_StOlav_smak_H8B7945-2\" data-e-action-hash=\"#elementor-action%3Aaction%3Dlightbox%26settings%3DeyJpZCI6NzQwNiwidXJsIjoiaHR0cHM6XC9cL3N0b2xhdnNsZWRlbi5jb21cL3dwLWNvbnRlbnRcL3VwbG9hZHNcLzIwMjJcLzAzXC9UaW5hc1ByYWxpbmVyX1N0T2xhdl9zbWFrX0g4Qjc5NDUtMi0xLmpwZyIsInNsaWRlc2hvdyI6IjQ5MWM1MTMifQ%3D%3D\" href='https:\/\/stolavsleden.com\/wp-content\/uploads\/2022\/03\/TinasPraliner_StOlav_smak_H8B7945-2-1.jpg'><img loading=\"lazy\" width=\"1024\" height=\"576\" src=\"https:\/\/stolavsleden.com\/wp-content\/uploads\/2022\/03\/TinasPraliner_StOlav_smak_H8B7945-2-1.jpg\" class=\"attachment-thumbnail size-thumbnail\" alt=\"Tinas Praliner\" decoding=\"async\" srcset=\"https:\/\/stolavsleden.com\/wp-content\/uploads\/2022\/03\/TinasPraliner_StOlav_smak_H8B7945-2-1.jpg 1024w, https:\/\/stolavsleden.com\/wp-content\/uploads\/2022\/03\/TinasPraliner_StOlav_smak_H8B7945-2-1-768x432.jpg 768w\" sizes=\"(max-width: 1024px) 100vw, 1024px\" \/><\/a>\n\t\t\t<\/div><\/figure>\n\t\t<\/div>\n\t\t<\/div>\n\t\t\t\t\t\t<\/div>\n\t\t\t\t<\/div>\n\t\t\t\t\t<\/div>\n\t\t<\/div>\n\t\t\t\t<div class=\"elementor-column elementor-col-50 elementor-top-column elementor-element elementor-element-ffc7f08\" data-id=\"ffc7f08\" data-element_type=\"column\" data-e-type=\"column\" data-settings=\"{&quot;background_background&quot;:&quot;classic&quot;}\">\n\t\t\t<div class=\"elementor-widget-wrap elementor-element-populated\">\n\t\t\t\t\t\t<div class=\"elementor-element elementor-element-a0a7bbb elementor-widget elementor-widget-heading\" data-id=\"a0a7bbb\" data-element_type=\"widget\" data-e-type=\"widget\" data-widget_type=\"heading.default\">\n\t\t\t\t<div class=\"elementor-widget-container\">\n\t\t\t\t\t<h2 class=\"elementor-heading-title elementor-size-default\">FAKTA<\/h2>\t\t\t\t<\/div>\n\t\t\t\t<\/div>\n\t\t\t\t<div class=\"elementor-element elementor-element-d54d671 elementor-widget elementor-widget-text-editor\" data-id=\"d54d671\" data-element_type=\"widget\" data-e-type=\"widget\" data-widget_type=\"text-editor.default\">\n\t\t\t\t<div class=\"elementor-widget-container\">\n\t\t\t\t\t\t\t\t\t<p><em>Var:<\/em> I Helleberg, precis intill S:t Olavsleden, cirka sex kilometer efter Alsens kyrka.\r\n\r\n<p><em>Missa inte:<\/em> Att njuta av utsikten \u00f6ver fj\u00e4ll, skogar och f\u00e4lt fr\u00e5n chokladfabrikens trappavsats. G\u00e4rna med en kopp kaffe och en pralin som s\u00e4llskap.\r\n\r\n<p><em>Annat:<\/em> Butiken har \u00f6ppet efter s\u00e4song, vanligen torsdagar 14-18. Sommarcaf\u00e9 n\u00e5gra helger i juli, d\u00e5 s\u00e4ljs f\u00f6rutom praliner \u00e4ven handgjord glass och bakverk. Chokladen kan ocks\u00e5 k\u00f6pas i vissa delikatessbutiker, som Telogott i \u00d6stersund.\r\n\r\n<p><em>\u00d6ppettider &amp; kontakt:<\/em><br>\r\n<a href=\"https:\/\/tinaspraliner.se\/oppettider\/\" target=\"_blank\" rel=\"noopener\">www.tinaspraliner.se\/oppettider\/<\/a>\t\t\t\t\t\t\t\t<\/div>\n\t\t\t\t<\/div>\n\t\t\t\t\t<\/div>\n\t\t<\/div>\n\t\t\t\t\t<\/div>\n\t\t<\/section>\n\t\t\t\t<\/div>\n\t\t","protected":false},"excerpt":{"rendered":"<p>Med ett vant grepp fyller Tina Miinin en pralinform. V\u00e4nder den upp och ner s\u00e5 det rinner som str\u00e5lar av bl\u00e4nkande choklad ner p\u00e5 arbetsbordet. \u00d6verskottet stryks av, sen ska pralinskalen svalna. Och fyllas, kanske med salt karamell den h\u00e4r g\u00e5ngen. \u2013 Jag har alltid 24-30 smaker i sortimentet. En del varierar efter s\u00e4song \u2013 [&hellip;]<\/p>\n","protected":false},"author":12,"featured_media":7393,"parent":0,"menu_order":0,"comment_status":"closed","ping_status":"closed","template":"","meta":{"_acf_changed":false,"footnotes":""},"class_list":["post-7577","page","type-page","status-publish","has-post-thumbnail","hentry"],"acf":[],"_links":{"self":[{"href":"https:\/\/stolavsleden.com\/sv\/wp-json\/wp\/v2\/pages\/7577","targetHints":{"allow":["GET"]}}],"collection":[{"href":"https:\/\/stolavsleden.com\/sv\/wp-json\/wp\/v2\/pages"}],"about":[{"href":"https:\/\/stolavsleden.com\/sv\/wp-json\/wp\/v2\/types\/page"}],"author":[{"embeddable":true,"href":"https:\/\/stolavsleden.com\/sv\/wp-json\/wp\/v2\/users\/12"}],"replies":[{"embeddable":true,"href":"https:\/\/stolavsleden.com\/sv\/wp-json\/wp\/v2\/comments?post=7577"}],"version-history":[{"count":3,"href":"https:\/\/stolavsleden.com\/sv\/wp-json\/wp\/v2\/pages\/7577\/revisions"}],"predecessor-version":[{"id":7702,"href":"https:\/\/stolavsleden.com\/sv\/wp-json\/wp\/v2\/pages\/7577\/revisions\/7702"}],"wp:featuredmedia":[{"embeddable":true,"href":"https:\/\/stolavsleden.com\/sv\/wp-json\/wp\/v2\/media\/7393"}],"wp:attachment":[{"href":"https:\/\/stolavsleden.com\/sv\/wp-json\/wp\/v2\/media?parent=7577"}],"curies":[{"name":"wp","href":"https:\/\/api.w.org\/{rel}","templated":true}]}}