{"id":7573,"date":"2022-03-24T16:14:06","date_gmt":"2022-03-24T15:14:06","guid":{"rendered":"https:\/\/stolavsleden.com\/kretsloppshuset\/"},"modified":"2022-03-25T11:10:56","modified_gmt":"2022-03-25T10:10:56","slug":"kretsloppshuset","status":"publish","type":"page","link":"https:\/\/stolavsleden.com\/sv\/kretsloppshuset\/","title":{"rendered":"Kretsloppshuset"},"content":{"rendered":"\t\t<div data-elementor-type=\"wp-page\" data-elementor-id=\"7573\" class=\"elementor elementor-7573 elementor-7410\" data-elementor-post-type=\"page\">\n\t\t\t\t\t\t<section class=\"elementor-section elementor-top-section elementor-element elementor-element-c380c63 elementor-section-content-middle elementor-section-stretched elementor-section-boxed elementor-section-height-default elementor-section-height-default\" data-id=\"c380c63\" data-element_type=\"section\" data-e-type=\"section\" data-settings=\"{&quot;background_background&quot;:&quot;classic&quot;,&quot;stretch_section&quot;:&quot;section-stretched&quot;}\">\n\t\t\t\t\t\t<div class=\"elementor-container elementor-column-gap-wider\">\n\t\t\t\t\t<div class=\"elementor-column elementor-col-50 elementor-top-column elementor-element elementor-element-3b3c86d\" data-id=\"3b3c86d\" data-element_type=\"column\" data-e-type=\"column\">\n\t\t\t<div class=\"elementor-widget-wrap elementor-element-populated\">\n\t\t\t\t\t\t<div class=\"elementor-element elementor-element-689b841 elementor-widget elementor-widget-video\" data-id=\"689b841\" data-element_type=\"widget\" data-e-type=\"widget\" data-settings=\"{&quot;youtube_url&quot;:&quot;https:\\\/\\\/www.youtube.com\\\/watch?v=81sabAYiN4A&quot;,&quot;video_type&quot;:&quot;youtube&quot;,&quot;controls&quot;:&quot;yes&quot;}\" data-widget_type=\"video.default\">\n\t\t\t\t<div class=\"elementor-widget-container\">\n\t\t\t\t\t\t\t<div class=\"elementor-wrapper elementor-open-inline\">\n\t\t\t<div class=\"elementor-video\"><\/div>\t\t<\/div>\n\t\t\t\t\t\t<\/div>\n\t\t\t\t<\/div>\n\t\t\t\t\t<\/div>\n\t\t<\/div>\n\t\t\t\t<div class=\"elementor-column elementor-col-50 elementor-top-column elementor-element elementor-element-ffc7f08\" data-id=\"ffc7f08\" data-element_type=\"column\" data-e-type=\"column\" data-settings=\"{&quot;background_background&quot;:&quot;classic&quot;}\">\n\t\t\t<div class=\"elementor-widget-wrap elementor-element-populated\">\n\t\t\t\t\t\t<div class=\"elementor-element elementor-element-a0a7bbb elementor-widget elementor-widget-heading\" data-id=\"a0a7bbb\" data-element_type=\"widget\" data-e-type=\"widget\" data-widget_type=\"heading.default\">\n\t\t\t\t<div class=\"elementor-widget-container\">\n\t\t\t\t\t<h2 class=\"elementor-heading-title elementor-size-default\">FAKTA<\/h2>\t\t\t\t<\/div>\n\t\t\t\t<\/div>\n\t\t\t\t<div class=\"elementor-element elementor-element-d54d671 elementor-widget elementor-widget-text-editor\" data-id=\"d54d671\" data-element_type=\"widget\" data-e-type=\"widget\" data-widget_type=\"text-editor.default\">\n\t\t\t\t<div class=\"elementor-widget-container\">\n\t\t\t\t\t\t\t\t\t<p><em>Var:<\/em> I M\u00f6rsils v\u00e4stra delar, cirka 300 meter s\u00f6der om S:t Olavsledens str\u00e4ckning norr om byn.\r\n\r\n<p><em>Missa inte:<\/em> Bes\u00f6k tr\u00e4dg\u00e5rden med vacker, v\u00e4lplanerad blomsterfest och h\u00e4lsa p\u00e5 i h\u00f6nshuset med glada pigga h\u00f6nor. \u00c4ven butiken \u00e4r v\u00e4rd ett bes\u00f6k, \u00e4ven om du inte vill fylla p\u00e5 i ryggs\u00e4cken s\u00e5 kan du insupa dofter och intryck av ekologiskt producerade tv\u00e5lar, matvaror och presentartiklar.\r\n\r\n<p><em>Annat:<\/em> Kretsloppshuset \u00e4r en helhetsupplevelse d\u00e4r det ekologiska kretsloppet och den egna maten st\u00e5r i centrum. Menyn f\u00f6ljer s\u00e4songerna och h\u00e5ller alltid h\u00f6gsta kvalitet. Att rekommendera n\u00e5gon enskild matr\u00e4tt \u00e4r om\u00f6jligt, men sopporna \u00e4r alltid riktiga sensationer.\r\n\r\n<p><em>\u00d6ppettider &amp; kontakt:<\/em><br>\r\n<a href=\"http:\/\/www.kretsloppshuset.com\" target=\"_blank\" rel=\"noopener\">www.kretsloppshuset.com<\/a>\t\t\t\t\t\t\t\t<\/div>\n\t\t\t\t<\/div>\n\t\t\t\t\t<\/div>\n\t\t<\/div>\n\t\t\t\t\t<\/div>\n\t\t<\/section>\n\t\t\t\t<\/div>\n\t\t","protected":false},"excerpt":{"rendered":"<p>FAKTA Var: I M\u00f6rsils v\u00e4stra delar, cirka 300 meter s\u00f6der om S:t Olavsledens str\u00e4ckning norr om byn. Missa inte: Bes\u00f6k tr\u00e4dg\u00e5rden med vacker, v\u00e4lplanerad blomsterfest och h\u00e4lsa p\u00e5 i h\u00f6nshuset med glada pigga h\u00f6nor. \u00c4ven butiken \u00e4r v\u00e4rd ett bes\u00f6k, \u00e4ven om du inte vill fylla p\u00e5 i ryggs\u00e4cken s\u00e5 kan du insupa dofter och [&hellip;]<\/p>\n","protected":false},"author":12,"featured_media":7412,"parent":0,"menu_order":0,"comment_status":"closed","ping_status":"closed","template":"","meta":{"_acf_changed":false,"footnotes":""},"class_list":["post-7573","page","type-page","status-publish","has-post-thumbnail","hentry"],"acf":[],"_links":{"self":[{"href":"https:\/\/stolavsleden.com\/sv\/wp-json\/wp\/v2\/pages\/7573","targetHints":{"allow":["GET"]}}],"collection":[{"href":"https:\/\/stolavsleden.com\/sv\/wp-json\/wp\/v2\/pages"}],"about":[{"href":"https:\/\/stolavsleden.com\/sv\/wp-json\/wp\/v2\/types\/page"}],"author":[{"embeddable":true,"href":"https:\/\/stolavsleden.com\/sv\/wp-json\/wp\/v2\/users\/12"}],"replies":[{"embeddable":true,"href":"https:\/\/stolavsleden.com\/sv\/wp-json\/wp\/v2\/comments?post=7573"}],"version-history":[{"count":3,"href":"https:\/\/stolavsleden.com\/sv\/wp-json\/wp\/v2\/pages\/7573\/revisions"}],"predecessor-version":[{"id":7706,"href":"https:\/\/stolavsleden.com\/sv\/wp-json\/wp\/v2\/pages\/7573\/revisions\/7706"}],"wp:featuredmedia":[{"embeddable":true,"href":"https:\/\/stolavsleden.com\/sv\/wp-json\/wp\/v2\/media\/7412"}],"wp:attachment":[{"href":"https:\/\/stolavsleden.com\/sv\/wp-json\/wp\/v2\/media?parent=7573"}],"curies":[{"name":"wp","href":"https:\/\/api.w.org\/{rel}","templated":true}]}}