{"id":7571,"date":"2022-03-24T16:05:47","date_gmt":"2022-03-24T15:05:47","guid":{"rendered":"https:\/\/stolavsleden.com\/krus\/"},"modified":"2022-03-25T15:33:18","modified_gmt":"2022-03-25T14:33:18","slug":"krus","status":"publish","type":"page","link":"https:\/\/stolavsleden.com\/sv\/krus\/","title":{"rendered":"Krus"},"content":{"rendered":"\t\t<div data-elementor-type=\"wp-page\" data-elementor-id=\"7571\" class=\"elementor elementor-7571 elementor-7421\" data-elementor-post-type=\"page\">\n\t\t\t\t\t\t<section class=\"elementor-section elementor-top-section elementor-element elementor-element-c380c63 elementor-section-content-middle elementor-section-stretched elementor-section-boxed elementor-section-height-default elementor-section-height-default\" data-id=\"c380c63\" data-element_type=\"section\" data-e-type=\"section\" data-settings=\"{&quot;background_background&quot;:&quot;classic&quot;,&quot;stretch_section&quot;:&quot;section-stretched&quot;}\">\n\t\t\t\t\t\t<div class=\"elementor-container elementor-column-gap-wider\">\n\t\t\t\t\t<div class=\"elementor-column elementor-col-50 elementor-top-column elementor-element elementor-element-3b3c86d\" data-id=\"3b3c86d\" data-element_type=\"column\" data-e-type=\"column\">\n\t\t\t<div class=\"elementor-widget-wrap elementor-element-populated\">\n\t\t\t\t\t\t<div class=\"elementor-element elementor-element-10fb1e8 elementor-widget elementor-widget-text-editor\" data-id=\"10fb1e8\" data-element_type=\"widget\" data-e-type=\"widget\" data-widget_type=\"text-editor.default\">\n\t\t\t\t<div class=\"elementor-widget-container\">\n\t\t\t\t\t\t\t\t\t<p>Alldeles v\u00e4ster om Unders\u00e5ker ligger det f\u00f6rstklassiga lilla bageriet Krus. Den h\u00f6ga niv\u00e5n p\u00e5 bakverken har sin f\u00f6rklaring, id\u00e9n utvecklades av v\u00e4rldskocken Magnus Nilsson som drev j\u00e4mtl\u00e4ndska krogen F\u00e4viken Magasinet med tv\u00e5 Guide Michelin-stj\u00e4rnor. Fr\u00e5n F\u00e4viken v\u00e4rvades ocks\u00e5 bagaren Elin Larm och hennes bagarkonst har blivit en snackis.\r\n\r\n<p>F\u00f6r pilgrimsvandrare \u00e4r det bara 335 meter extra att g\u00e5 fr\u00e5n S:t Olavsleden till en smakfest av surdegsbr\u00f6d, mandelcroissanter och det bakverk som kanske \u00e4r det mest svenska av alla: kanelbullar. N\u00e4r tid finns bakas ocks\u00e5 \u201dkrus\u201d, som \u00e4r det j\u00e4mtska ordet f\u00f6r sm\u00e5kakor.\r\n\r\n<p>\u2013 Allt gr\u00e4ddas i stenugn eftersom det ger en kraftig skorpa p\u00e5 surdegsbr\u00f6det och p\u00e5 bullarna. Det blir annorlunda eftersom en vanlig ugn har en fl\u00e4kt som torkar ut, s\u00e4ger Elin.\r\n\r\n<p>D\u00e4rf\u00f6r blir ocks\u00e5 croissanterna lite m\u00f6rka men ocks\u00e5 mycket saftiga. Sm\u00e5kakornas roll \u00e4r sj\u00e4lvklar: n\u00e5got litet och koncentrerat gott till kaffet. Som den lilla chokladkakan p\u00e5 r\u00e5gmj\u00f6l \u2013 en kladdig surpris!\r\n\r\n<p>\u2013 Jag gillar att det \u00e4r \u00e5terkommande kunder och att det inte \u00e4r s\u00e5 stort sortiment. Det beror p\u00e5 att lokalen \u00e4r liten men ger ocks\u00e5 f\u00f6rdelen att det vi bakar \u00e4r v\u00e4ldigt bra, s\u00e4ger Elin.\r\n\r\n<p>R\u00e5varorna \u00e4r ekologiska och lokala n\u00e4r det g\u00e5r. Personalen plockar s\u00e5 mycket bl\u00e5b\u00e4r de hinner. G\u00e5rden F\u00e4viken som ligger drygt tv\u00e5 mil norrut har visserligen st\u00e4ngt restaurangen, men forts\u00e4tter i h\u00f6g grad st\u00f6dja det lokala mathantverket, bland annat genom att leverera rabarber, b\u00e4r och sallad till Krus.\r\n\r\n<p>V\u00e4gg i v\u00e4gg med Krus ligger Unders\u00e5kers charkuterifabrik med butik, som \u00e4ven det sprungit ur ett samarbete med Magnus Nilsson. H\u00e4r s\u00e4tts djurh\u00e5llningen i fokus men ocks\u00e5 kvalitet och klassiska svenska charkvaror \u2013 mottot \u00e4r vardagsmat f\u00f6r m\u00e5nga snarare \u00e4n lyxprodukter f\u00f6r f\u00e5. P\u00e5l\u00e4gget p\u00e5 sm\u00f6rg\u00e5sarna i Krus bageri best\u00e5r av charkuteriets skinka, och \u00e4ven den j\u00e4mtl\u00e4ndska osten och senapen \u00e4r h\u00e4mtade d\u00e4rifr\u00e5n.\r\n\r\n<p>Bland Krus stamkunder finns en outtalad taktik: att handla f\u00f6re lunch, innan kanelbullarna och mandelcroissanterna tar slut. K\u00f6p med din favorit att avnjuta senare p\u00e5 dagen.\t\t\t\t\t\t\t\t<\/div>\n\t\t\t\t<\/div>\n\t\t\t\t<div class=\"elementor-element elementor-element-a5ebd4e gallery-spacing-custom elementor-widget elementor-widget-image-gallery\" data-id=\"a5ebd4e\" data-element_type=\"widget\" data-e-type=\"widget\" data-widget_type=\"image-gallery.default\">\n\t\t\t\t<div class=\"elementor-widget-container\">\n\t\t\t\t\t\t\t<div class=\"elementor-image-gallery\">\n\t\t\t<div id='gallery-1' class='gallery galleryid-7571 gallery-columns-2 gallery-size-thumbnail'><figure class='gallery-item'>\n\t\t\t<div class='gallery-icon landscape'>\n\t\t\t\t<a data-elementor-open-lightbox=\"yes\" data-elementor-lightbox-slideshow=\"a5ebd4e\" data-elementor-lightbox-title=\"Krus_Foto_ErikaEnequist_Potra\u0308tt_ElinLarm\" data-e-action-hash=\"#elementor-action%3Aaction%3Dlightbox%26settings%3DeyJpZCI6NzQzMSwidXJsIjoiaHR0cHM6XC9cL3N0b2xhdnNsZWRlbi5jb21cL3dwLWNvbnRlbnRcL3VwbG9hZHNcLzIwMjJcLzAzXC9LcnVzX0ZvdG9fRXJpa2FFbmVxdWlzdF9Qb3RyYVx1MDMwOHR0X0VsaW5MYXJtLTEuanBnIiwic2xpZGVzaG93IjoiYTVlYmQ0ZSJ9\" href='https:\/\/stolavsleden.com\/wp-content\/uploads\/2022\/03\/Krus_Foto_ErikaEnequist_Potra\u0308tt_ElinLarm-1.jpg'><img fetchpriority=\"high\" width=\"1024\" height=\"576\" src=\"https:\/\/stolavsleden.com\/wp-content\/uploads\/2022\/03\/Krus_Foto_ErikaEnequist_Potra\u0308tt_ElinLarm-1.jpg\" class=\"attachment-thumbnail size-thumbnail\" alt=\"Krus\" decoding=\"async\" srcset=\"https:\/\/stolavsleden.com\/wp-content\/uploads\/2022\/03\/Krus_Foto_ErikaEnequist_Potra\u0308tt_ElinLarm-1.jpg 1024w, https:\/\/stolavsleden.com\/wp-content\/uploads\/2022\/03\/Krus_Foto_ErikaEnequist_Potra\u0308tt_ElinLarm-1-768x432.jpg 768w\" sizes=\"(max-width: 1024px) 100vw, 1024px\" \/><\/a>\n\t\t\t<\/div><\/figure><figure class='gallery-item'>\n\t\t\t<div class='gallery-icon landscape'>\n\t\t\t\t<a data-elementor-open-lightbox=\"yes\" data-elementor-lightbox-slideshow=\"a5ebd4e\" data-elementor-lightbox-title=\"Krus_Foto_ErikaEnequist_Baguetter_butik\" data-e-action-hash=\"#elementor-action%3Aaction%3Dlightbox%26settings%3DeyJpZCI6NzQyNywidXJsIjoiaHR0cHM6XC9cL3N0b2xhdnNsZWRlbi5jb21cL3dwLWNvbnRlbnRcL3VwbG9hZHNcLzIwMjJcLzAzXC9LcnVzX0ZvdG9fRXJpa2FFbmVxdWlzdF9CYWd1ZXR0ZXJfYnV0aWstMS5qcGciLCJzbGlkZXNob3ciOiJhNWViZDRlIn0%3D\" href='https:\/\/stolavsleden.com\/wp-content\/uploads\/2022\/03\/Krus_Foto_ErikaEnequist_Baguetter_butik-1.jpg'><img width=\"1024\" height=\"576\" src=\"https:\/\/stolavsleden.com\/wp-content\/uploads\/2022\/03\/Krus_Foto_ErikaEnequist_Baguetter_butik-1.jpg\" class=\"attachment-thumbnail size-thumbnail\" alt=\"Krus\" decoding=\"async\" srcset=\"https:\/\/stolavsleden.com\/wp-content\/uploads\/2022\/03\/Krus_Foto_ErikaEnequist_Baguetter_butik-1.jpg 1024w, https:\/\/stolavsleden.com\/wp-content\/uploads\/2022\/03\/Krus_Foto_ErikaEnequist_Baguetter_butik-1-768x432.jpg 768w\" sizes=\"(max-width: 1024px) 100vw, 1024px\" \/><\/a>\n\t\t\t<\/div><\/figure><figure class='gallery-item'>\n\t\t\t<div class='gallery-icon landscape'>\n\t\t\t\t<a data-elementor-open-lightbox=\"yes\" data-elementor-lightbox-slideshow=\"a5ebd4e\" data-elementor-lightbox-title=\"Krus_Foto_ErikaEnequist_kanelbullar\" data-e-action-hash=\"#elementor-action%3Aaction%3Dlightbox%26settings%3DeyJpZCI6NzQyOSwidXJsIjoiaHR0cHM6XC9cL3N0b2xhdnNsZWRlbi5jb21cL3dwLWNvbnRlbnRcL3VwbG9hZHNcLzIwMjJcLzAzXC9LcnVzX0ZvdG9fRXJpa2FFbmVxdWlzdF9rYW5lbGJ1bGxhci0xLmpwZyIsInNsaWRlc2hvdyI6ImE1ZWJkNGUifQ%3D%3D\" href='https:\/\/stolavsleden.com\/wp-content\/uploads\/2022\/03\/Krus_Foto_ErikaEnequist_kanelbullar-1.jpg'><img width=\"1024\" height=\"576\" src=\"https:\/\/stolavsleden.com\/wp-content\/uploads\/2022\/03\/Krus_Foto_ErikaEnequist_kanelbullar-1.jpg\" class=\"attachment-thumbnail size-thumbnail\" alt=\"Krus\" decoding=\"async\" srcset=\"https:\/\/stolavsleden.com\/wp-content\/uploads\/2022\/03\/Krus_Foto_ErikaEnequist_kanelbullar-1.jpg 1024w, https:\/\/stolavsleden.com\/wp-content\/uploads\/2022\/03\/Krus_Foto_ErikaEnequist_kanelbullar-1-768x432.jpg 768w\" sizes=\"(max-width: 1024px) 100vw, 1024px\" \/><\/a>\n\t\t\t<\/div><\/figure><figure class='gallery-item'>\n\t\t\t<div class='gallery-icon landscape'>\n\t\t\t\t<a data-elementor-open-lightbox=\"yes\" data-elementor-lightbox-slideshow=\"a5ebd4e\" data-elementor-lightbox-title=\"Krus_Foto_ErikaEnequist_Vandrare_Fikar\" data-e-action-hash=\"#elementor-action%3Aaction%3Dlightbox%26settings%3DeyJpZCI6NzQzMywidXJsIjoiaHR0cHM6XC9cL3N0b2xhdnNsZWRlbi5jb21cL3dwLWNvbnRlbnRcL3VwbG9hZHNcLzIwMjJcLzAzXC9LcnVzX0ZvdG9fRXJpa2FFbmVxdWlzdF9WYW5kcmFyZV9GaWthci0xLmpwZyIsInNsaWRlc2hvdyI6ImE1ZWJkNGUifQ%3D%3D\" href='https:\/\/stolavsleden.com\/wp-content\/uploads\/2022\/03\/Krus_Foto_ErikaEnequist_Vandrare_Fikar-1.jpg'><img loading=\"lazy\" width=\"1024\" height=\"576\" src=\"https:\/\/stolavsleden.com\/wp-content\/uploads\/2022\/03\/Krus_Foto_ErikaEnequist_Vandrare_Fikar-1.jpg\" class=\"attachment-thumbnail size-thumbnail\" alt=\"Krus\" decoding=\"async\" srcset=\"https:\/\/stolavsleden.com\/wp-content\/uploads\/2022\/03\/Krus_Foto_ErikaEnequist_Vandrare_Fikar-1.jpg 1024w, https:\/\/stolavsleden.com\/wp-content\/uploads\/2022\/03\/Krus_Foto_ErikaEnequist_Vandrare_Fikar-1-768x432.jpg 768w\" sizes=\"(max-width: 1024px) 100vw, 1024px\" \/><\/a>\n\t\t\t<\/div><\/figure>\n\t\t<\/div>\n\t\t<\/div>\n\t\t\t\t\t\t<\/div>\n\t\t\t\t<\/div>\n\t\t\t\t\t<\/div>\n\t\t<\/div>\n\t\t\t\t<div class=\"elementor-column elementor-col-50 elementor-top-column elementor-element elementor-element-ffc7f08\" data-id=\"ffc7f08\" data-element_type=\"column\" data-e-type=\"column\" data-settings=\"{&quot;background_background&quot;:&quot;classic&quot;}\">\n\t\t\t<div class=\"elementor-widget-wrap elementor-element-populated\">\n\t\t\t\t\t\t<div class=\"elementor-element elementor-element-a0a7bbb elementor-widget elementor-widget-heading\" data-id=\"a0a7bbb\" data-element_type=\"widget\" data-e-type=\"widget\" data-widget_type=\"heading.default\">\n\t\t\t\t<div class=\"elementor-widget-container\">\n\t\t\t\t\t<h2 class=\"elementor-heading-title elementor-size-default\">FAKTA<\/h2>\t\t\t\t<\/div>\n\t\t\t\t<\/div>\n\t\t\t\t<div class=\"elementor-element elementor-element-d54d671 elementor-widget elementor-widget-text-editor\" data-id=\"d54d671\" data-element_type=\"widget\" data-e-type=\"widget\" data-widget_type=\"text-editor.default\">\n\t\t\t\t<div class=\"elementor-widget-container\">\n\t\t\t\t\t\t\t\t\t<p><em>Var:<\/em> N\u00e5gra hundra meter v\u00e4ster om Unders\u00e5kers station. N\u00e4r S:t Olavsleden tar v\u00e4nster forts\u00e4tter du 335 meter till, upp\u00e5t l\u00e4ngs Byv\u00e4gen.\r\n\r\n<p><em>Missa inte:<\/em> Stenugnsbakad kanelbulle enligt hemligt recept.\r\n\r\n<p><em>Annat:<\/em> Ligger v\u00e4gg i v\u00e4gg med Unders\u00e5kers charkuterifabrik. Passa p\u00e5 att k\u00f6pa med god salami eller skinka till ditt surdegsbr\u00f6d.\r\n\r\n<p><em>\u00d6ppettider &amp; kontakt:<\/em><br>\r\n<a href=\"http:\/\/www.facebook.com\/krusbageri\" target=\"_blank\" rel=\"noopener\">www.facebook.com\/krusbageri<\/a>\t\t\t\t\t\t\t\t<\/div>\n\t\t\t\t<\/div>\n\t\t\t\t\t<\/div>\n\t\t<\/div>\n\t\t\t\t\t<\/div>\n\t\t<\/section>\n\t\t\t\t<\/div>\n\t\t","protected":false},"excerpt":{"rendered":"<p>Alldeles v\u00e4ster om Unders\u00e5ker ligger det f\u00f6rstklassiga lilla bageriet Krus. Den h\u00f6ga niv\u00e5n p\u00e5 bakverken har sin f\u00f6rklaring, id\u00e9n utvecklades av v\u00e4rldskocken Magnus Nilsson som drev j\u00e4mtl\u00e4ndska krogen F\u00e4viken Magasinet med tv\u00e5 Guide Michelin-stj\u00e4rnor. Fr\u00e5n F\u00e4viken v\u00e4rvades ocks\u00e5 bagaren Elin Larm och hennes bagarkonst har blivit en snackis. F\u00f6r pilgrimsvandrare \u00e4r det bara 335 meter [&hellip;]<\/p>\n","protected":false},"author":12,"featured_media":7423,"parent":0,"menu_order":0,"comment_status":"closed","ping_status":"closed","template":"","meta":{"_acf_changed":false,"footnotes":""},"class_list":["post-7571","page","type-page","status-publish","has-post-thumbnail","hentry"],"acf":[],"_links":{"self":[{"href":"https:\/\/stolavsleden.com\/sv\/wp-json\/wp\/v2\/pages\/7571","targetHints":{"allow":["GET"]}}],"collection":[{"href":"https:\/\/stolavsleden.com\/sv\/wp-json\/wp\/v2\/pages"}],"about":[{"href":"https:\/\/stolavsleden.com\/sv\/wp-json\/wp\/v2\/types\/page"}],"author":[{"embeddable":true,"href":"https:\/\/stolavsleden.com\/sv\/wp-json\/wp\/v2\/users\/12"}],"replies":[{"embeddable":true,"href":"https:\/\/stolavsleden.com\/sv\/wp-json\/wp\/v2\/comments?post=7571"}],"version-history":[{"count":3,"href":"https:\/\/stolavsleden.com\/sv\/wp-json\/wp\/v2\/pages\/7571\/revisions"}],"predecessor-version":[{"id":7760,"href":"https:\/\/stolavsleden.com\/sv\/wp-json\/wp\/v2\/pages\/7571\/revisions\/7760"}],"wp:featuredmedia":[{"embeddable":true,"href":"https:\/\/stolavsleden.com\/sv\/wp-json\/wp\/v2\/media\/7423"}],"wp:attachment":[{"href":"https:\/\/stolavsleden.com\/sv\/wp-json\/wp\/v2\/media?parent=7571"}],"curies":[{"name":"wp","href":"https:\/\/api.w.org\/{rel}","templated":true}]}}