{"id":6063,"date":"2021-05-04T16:23:12","date_gmt":"2021-05-04T14:23:12","guid":{"rendered":"https:\/\/stolavsleden.com\/tillganglighet\/"},"modified":"2023-04-25T09:25:31","modified_gmt":"2023-04-25T07:25:31","slug":"tillganglighet","status":"publish","type":"page","link":"https:\/\/stolavsleden.com\/sv\/tillganglighet\/","title":{"rendered":"Tillg\u00e4nglighet"},"content":{"rendered":"\t\t<div data-elementor-type=\"wp-page\" data-elementor-id=\"6063\" class=\"elementor elementor-6063 elementor-6055\" data-elementor-post-type=\"page\">\n\t\t\t\t\t\t<section class=\"elementor-section elementor-top-section elementor-element elementor-element-3a1c39d elementor-section-boxed elementor-section-height-default elementor-section-height-default\" data-id=\"3a1c39d\" data-element_type=\"section\" data-e-type=\"section\">\n\t\t\t\t\t\t<div class=\"elementor-container elementor-column-gap-default\">\n\t\t\t\t\t<div class=\"elementor-column elementor-col-100 elementor-top-column elementor-element elementor-element-292cbfa7\" data-id=\"292cbfa7\" data-element_type=\"column\" data-e-type=\"column\">\n\t\t\t<div class=\"elementor-widget-wrap elementor-element-populated\">\n\t\t\t\t\t\t<div class=\"elementor-element elementor-element-49e3c169 elementor-widget elementor-widget-text-editor\" data-id=\"49e3c169\" data-element_type=\"widget\" data-e-type=\"widget\" data-widget_type=\"text-editor.default\">\n\t\t\t\t<div class=\"elementor-widget-container\">\n\t\t\t\t\t\t\t\t\t<p><strong>Tillg\u00e4nglighet f\u00f6r webbplatsen S:t Olavsleden<br \/><\/strong>Projekt\u00e4gare\u00a0\u00e4r \u00d6stersunds kommun. Medakt\u00f6rer \u00e4r Sundsvalls kommun, N\u00e4ringslivsbolaget i Sundsvall AB, \u00c5nge kommun, Br\u00e4cke kommun, Krokoms kommun och \u00c5re kommun.<\/p><p><b>Hur tillg\u00e4nglig \u00e4r webbplatsen?<br \/><\/b>Vi har inga k\u00e4nda brister i tillg\u00e4ngligheten f\u00f6r den h\u00e4r webbplatsen.<\/p><p><b>Rapportera brister i webbplatsens tillg\u00e4nglihet<br \/><\/b>Vi str\u00e4var hela tiden efter att f\u00f6rb\u00e4ttra webbplatsens tillg\u00e4nglighet. Om du uppt\u00e4cker problem som inte \u00e4r beskrivna p\u00e5 den h\u00e4r sidan, eller om du anser att vi inte uppfyller lagens krav, meddela s\u00e5 att vi f\u00e5r veta att problemet finns.<\/p><p>\u2022 Skicka e-post till: <a href=\"mailto:jenny.hall@ostersund.se\">jenny.hall@ostersund.se<\/a><\/p><p><b>Tillsyn<br \/><\/b>Myndigheten f\u00f6r digital f\u00f6rvaltning har ansvaret f\u00f6r tillsyn f\u00f6r lagen om tillg\u00e4nglighet till digital offentlig service. Om du inte \u00e4r n\u00f6jd med hur vi hanterar dina synpunkter kan du kontakta Myndigheten f\u00f6r digital f\u00f6rvaltning och p\u00e5tala det.<\/p><p><b>Teknisk information om webbplatsens tillg\u00e4nglighet<br \/><\/b><span style=\"color: var( --e-global-color-71ccf404 );\">Den h\u00e4r webbplatsen \u00e4r helt f\u00f6renlig med lagen om tillg\u00e4nglighet till digital offentlig service.<\/span><\/p><p><b>Hur vi testat webbplatsen<br \/><\/b>Vi har gjort en sj\u00e4lvskattning (intern testning) tillsammans med v\u00e5r reklambyr\u00e5\u00a0<a href=\"https:\/\/nestorville.se\/\" target=\"_blank\" rel=\"noopener\">Nestorville<\/a>\u00a0som utvecklat webbplatsen.<br \/>Senaste bed\u00f6mningen gjordes 2021-05-04 och \u00e4r godk\u00e4nd av S:t Olavsleden.<\/p><p><strong>Granskningsmetod<br \/><\/strong>Webbplatsen \u00e4r testad med\u00a0<a href=\"https:\/\/wave.webaim.org\/\" target=\"_blank\" rel=\"noopener\">Wave Evaluation Tool<\/a>\u00a0och\u00a0<a href=\"https:\/\/developers.google.com\/web\/tools\/lighthouse\" target=\"_blank\" rel=\"noopener\">Google Lighthouse\u00a0<\/a>samt manuell testning.<\/p><p>Webbplatsen publicerades 2021-04-20.<br \/>Redog\u00f6relsen uppdaterades senast 2021-05-04.<\/p>\t\t\t\t\t\t\t\t<\/div>\n\t\t\t\t<\/div>\n\t\t\t\t\t<\/div>\n\t\t<\/div>\n\t\t\t\t\t<\/div>\n\t\t<\/section>\n\t\t\t\t<\/div>\n\t\t","protected":false},"excerpt":{"rendered":"<p>Tillg\u00e4nglighet f\u00f6r webbplatsen S:t OlavsledenProjekt\u00e4gare\u00a0\u00e4r \u00d6stersunds kommun. Medakt\u00f6rer \u00e4r Sundsvalls kommun, N\u00e4ringslivsbolaget i Sundsvall AB, \u00c5nge kommun, Br\u00e4cke kommun, Krokoms kommun och \u00c5re kommun. Hur tillg\u00e4nglig \u00e4r webbplatsen?Vi har inga k\u00e4nda brister i tillg\u00e4ngligheten f\u00f6r den h\u00e4r webbplatsen. Rapportera brister i webbplatsens tillg\u00e4nglihetVi str\u00e4var hela tiden efter att f\u00f6rb\u00e4ttra webbplatsens tillg\u00e4nglighet. Om du uppt\u00e4cker problem [&hellip;]<\/p>\n","protected":false},"author":12,"featured_media":3324,"parent":0,"menu_order":0,"comment_status":"closed","ping_status":"open","template":"","meta":{"_acf_changed":false,"footnotes":""},"class_list":["post-6063","page","type-page","status-publish","has-post-thumbnail","hentry"],"acf":[],"_links":{"self":[{"href":"https:\/\/stolavsleden.com\/sv\/wp-json\/wp\/v2\/pages\/6063","targetHints":{"allow":["GET"]}}],"collection":[{"href":"https:\/\/stolavsleden.com\/sv\/wp-json\/wp\/v2\/pages"}],"about":[{"href":"https:\/\/stolavsleden.com\/sv\/wp-json\/wp\/v2\/types\/page"}],"author":[{"embeddable":true,"href":"https:\/\/stolavsleden.com\/sv\/wp-json\/wp\/v2\/users\/12"}],"replies":[{"embeddable":true,"href":"https:\/\/stolavsleden.com\/sv\/wp-json\/wp\/v2\/comments?post=6063"}],"version-history":[{"count":3,"href":"https:\/\/stolavsleden.com\/sv\/wp-json\/wp\/v2\/pages\/6063\/revisions"}],"predecessor-version":[{"id":8422,"href":"https:\/\/stolavsleden.com\/sv\/wp-json\/wp\/v2\/pages\/6063\/revisions\/8422"}],"wp:featuredmedia":[{"embeddable":true,"href":"https:\/\/stolavsleden.com\/sv\/wp-json\/wp\/v2\/media\/3324"}],"wp:attachment":[{"href":"https:\/\/stolavsleden.com\/sv\/wp-json\/wp\/v2\/media?parent=6063"}],"curies":[{"name":"wp","href":"https:\/\/api.w.org\/{rel}","templated":true}]}}