{"id":5906,"date":"2021-04-29T14:00:11","date_gmt":"2021-04-29T12:00:11","guid":{"rendered":"https:\/\/topo.se.vkube.cloud\/?page_id=5906"},"modified":"2025-07-26T09:22:20","modified_gmt":"2025-07-26T07:22:20","slug":"service","status":"publish","type":"page","link":"https:\/\/stolavsleden.com\/sv\/service\/","title":{"rendered":"Service"},"content":{"rendered":"\n<div class=\"wp-block-columns is-layout-flex wp-container-core-columns-is-layout-9d6595d7 wp-block-columns-is-layout-flex\">\n<div class=\"wp-block-column is-layout-flow wp-block-column-is-layout-flow\">\n<h2 class=\"wp-block-heading\">Mat och aff\u00e4rer<\/h2>\n\n\n\n<p>P\u00e5 m\u00e5nga str\u00e4ckor finns restauranger och caf\u00e9er d\u00e4r man kan f\u00e5 njuta en stund och ta en paus i vandringen.<\/p>\n\n\n\n<p>P\u00e5 vissa st\u00e4llen \u00e4r det l\u00e5ngt mellan aff\u00e4rerna, bland annat fr\u00e5n\u00a0<strong>Borgsj\u00f6-Br\u00e4cke<\/strong>\u00a0och\u00a0<strong>Duved-Vuku<\/strong>\u00a0s\u00e5 det g\u00e4ller att planera i f\u00f6rv\u00e4g.<\/p>\n\n\n\n<p>Det \u00e4r framf\u00f6rallt Ica och Coop som finns leden. P\u00e5 kartan kan du se var n\u00e4rmsta mataff\u00e4r finns<\/p>\n<\/div>\n\n\n\n<div class=\"wp-block-column is-layout-flow wp-block-column-is-layout-flow\">\n<h2 class=\"wp-block-heading\">Pengar<\/h2>\n\n\n\n<p>I Sverige och Norge g\u00e5r det bra att handla med kontokort som Visa och Mastercard, det fungerar i de flesta butiker.<\/p>\n\n\n\n<p>Vad g\u00e4ller boendena s\u00e5 tar hotell och de st\u00f6rre anl\u00e4ggningarna kort, men hos de privata boendena \u00e4r det oftast kontant betalning eller swish som g\u00e4ller s\u00e5 det \u00e4r bra att ha en del kontanter med p\u00e5 resan. Anv\u00e4nd filtret p\u00e5 kartan f\u00f6r att se var det finns bankomater l\u00e4ngs leden.<\/p>\n<\/div>\n<\/div>\n\n<div class=\"wp-block-columns is-layout-flex wp-container-core-columns-is-layout-9d6595d7 wp-block-columns-is-layout-flex\">\n<div class=\"wp-block-column is-layout-flow wp-block-column-is-layout-flow\">\n<h2 class=\"wp-block-heading\">Turistbyr\u00e5er<\/h2>\n\n\n\n<p>Det finns turistbyr\u00e5er p\u00e5 f\u00f6ljande orter efter leden;<strong><a href=\"https:\/\/www.ange.se\/uppleva-och-gora\/turism-besok-ange-kommun\/naturum-ange.html\" target=\"_blank\" rel=\"noreferrer noopener\"> Borgsj\u00f6<\/a><\/strong>,\u00a0<strong><a href=\"https:\/\/visitostersund.se\/\" target=\"_blank\" rel=\"noreferrer noopener\">\u00d6stersund<\/a><\/strong>,\u00a0<strong><a href=\"https:\/\/aresweden.com\/en\/\" target=\"_blank\" rel=\"noreferrer noopener\">\u00c5re<\/a><\/strong>\u00a0and\u00a0<strong><a href=\"http:\/\/www.trondheim.no\/engelsk\/\" target=\"_blank\" rel=\"noreferrer noopener\">Trondheim<\/a><\/strong>. D\u00e4r kan du k\u00f6pa och st\u00e4mpla ditt pilgrimspass och \u00e4ven f\u00e5 bra information om omr\u00e5det du befinner dig i. Observera deras \u00f6ppettider.<\/p>\n\n\n\n<p>I Sundsvall Finns ingen turistinformation att bes\u00f6ka, men det g\u00e5r att\u00a0ringa Turistbyr\u00e5n mellan 11.00-16.00 p\u00e5 nummer 060-658 58 00.<br\/>P\u00e5 <a href=\"https:\/\/sundsvall.se\/uppleva-och-gora\/kultur\/kulturmagasinet\" target=\"_blank\" rel=\"noopener\"><strong>Kulturmagasinet<\/strong><\/a> g\u00e5r det att k\u00f6pa Pilgrimspass och f\u00e5 en st\u00e4mpel.<\/p>\n<\/div>\n\n\n\n<div class=\"wp-block-column is-layout-flow wp-block-column-is-layout-flow\">\n<h2 class=\"wp-block-heading\">Pilgrimcenter<\/h2>\n\n\n\n<p>Det finns tv\u00e5 pilgrimscentrum efter leden: <a href=\"https:\/\/stiklestad.no\/\" target=\"_blank\" rel=\"noreferrer noopener\" aria-label=\" (opens in a new tab)\"><strong>Stiklestad National Culture Centre<\/strong><\/a>\u00a0och\u00a0<strong><a href=\"https:\/\/pilegrimsleden.no\/en\/regionale-pilegrimssentre\/nidaros-pilegrimsgard\" target=\"_blank\" rel=\"noreferrer noopener\" aria-label=\" (opens in a new tab)\">Nidaros pilegrimsg\u00e5rd<\/a><\/strong>\u00a0i Trondheim. H\u00e4r kan du f\u00e5 bra information om leden och h\u00e4mta ut pilgrimspass. I Trondheim f\u00e5r du \u00e4ven ditt diplom. L\u00e4s mer under rubriken\u00a0<a href=\"https:\/\/stolavsleden.com\/sv\/pilgrimsfarden\/\">Pilgrimsf\u00e4rden<\/a>.<\/p>\n<\/div>\n<\/div>\n\n<div class=\"wp-block-columns is-layout-flex wp-container-core-columns-is-layout-9d6595d7 wp-block-columns-is-layout-flex\">\n<div class=\"wp-block-column is-layout-flow wp-block-column-is-layout-flow\">\n<h2 class=\"wp-block-heading\">Internet<\/h2>\n\n\n\n<p>I Sverige och Norge efter S:t Olavsleden \u00e4r 4G-n\u00e4tet bra utbyggt. Flera av boendena erbjuder \u00e4ven wi-fi till sina g\u00e4ster och p\u00e5 turistby\u00e5rerna finns wi-fi att tillg\u00e5.<\/p>\n<\/div>\n\n\n\n<div class=\"wp-block-column is-layout-flow wp-block-column-is-layout-flow\">\n<h2 class=\"wp-block-heading\">V\u00e4der<\/h2>\n\n\n\n<p>Den huvudsakliga vandringss\u00e4songen \u00e4r fr\u00e5n mitten av maj till mitten av september. D\u00e5 kan det ligga kvar sn\u00f6, eller ha kommit sn\u00f6 p\u00e5 vissa platser. V\u00e4dret \u00e4r varierande och vi rekomenderar dig att ha koll p\u00e5 prognoserna. H\u00e4r kan sommaren bjuda p\u00e5 30 plusgrader och sol eller sn\u00f6blandat regn och plus fyra grader. Det kan vara bara att ha lite koll p\u00e5 v\u00e4dertj\u00e4nsterna,\u00a0<a href=\"http:\/\/www.smhi.se\/\" target=\"_blank\" rel=\"noreferrer noopener\"><strong>SMHI.se<\/strong><\/a>\u00a0och\u00a0<a href=\"http:\/\/www.yr.no\/\" target=\"_blank\" rel=\"noreferrer noopener\"><strong>Yr.no<\/strong><\/a>, s\u00e5 man vet hur man ska kl\u00e4 sig p\u00e5 sin vandring.<\/p>\n<\/div>\n<\/div>\n\n<h2 class=\"wp-block-heading\">VID AKUTA H\u00c4NDELSER<\/h2>\n\n<div class=\"wp-block-columns is-layout-flex wp-container-core-columns-is-layout-9d6595d7 wp-block-columns-is-layout-flex\">\n<div class=\"wp-block-column is-layout-flow wp-block-column-is-layout-flow\">\n<p><strong>N\u00f6dnummer i Sverige:<\/strong><\/p>\n\n\n\n<ul class=\"wp-block-list\">\n<li>SOS \u2013 112 <\/li>\n\n\n\n<li>Polis \u2013 114 14 (f\u00f6r icke-akuta h\u00e4ndelser).<\/li>\n\n\n\n<li>Brandrisk &#8211; h\u00e5ll koll p\u00e5 v\u00e4dret<br\/><a href=\"http:\/\/www.smhi.se\/\" target=\"_blank\" rel=\"noreferrer noopener\"><strong>SMHI.se<\/strong><\/a> och <strong><a href=\"http:\/\/www.yr.no\/\" target=\"_blank\" rel=\"noreferrer noopener\">Yr.no<\/a><\/strong>.<\/li>\n<\/ul>\n<\/div>\n\n\n\n<div class=\"wp-block-column is-layout-flow wp-block-column-is-layout-flow\">\n<p><strong>N\u00f6dnummer i Norge<\/strong>:<\/p>\n\n\n\n<ul class=\"wp-block-list\">\n<li>Ambulans \u2013 113.\u00a0<\/li>\n\n\n\n<li>Polis \u2013 112 <\/li>\n\n\n\n<li>Brand \u2013 100 <\/li>\n<\/ul>\n<\/div>\n<\/div>\n\n<div class=\"wp-block-columns is-layout-flex wp-container-core-columns-is-layout-9d6595d7 wp-block-columns-is-layout-flex\">\n<div class=\"wp-block-column is-layout-flow wp-block-column-is-layout-flow\" style=\"flex-basis:66.66%\">\n<p>F\u00f6r att vara f\u00f6rberedd f\u00f6r fj\u00e4llvandringar kan du l\u00e4sa om<strong>\u00a0<a href=\"https:\/\/www.dnt.no\/fjellvett\/\" target=\"_blank\" rel=\"noreferrer noopener\">fj\u00e4llkunskap h\u00e4r.<\/a><\/strong><\/p>\n<\/div>\n\n\n\n<div class=\"wp-block-column is-layout-flow wp-block-column-is-layout-flow\" style=\"flex-basis:33.33%\"><\/div>\n<\/div>\n","protected":false},"excerpt":{"rendered":"<p>Mat och aff\u00e4rer P\u00e5 m\u00e5nga str\u00e4ckor finns restauranger och caf\u00e9er d\u00e4r man kan f\u00e5 njuta en stund och ta en paus i vandringen. P\u00e5 vissa st\u00e4llen \u00e4r det l\u00e5ngt mellan aff\u00e4rerna, bland annat fr\u00e5n\u00a0Borgsj\u00f6-Br\u00e4cke\u00a0och\u00a0Duved-Vuku\u00a0s\u00e5 det g\u00e4ller att planera i f\u00f6rv\u00e4g. Det \u00e4r framf\u00f6rallt Ica och Coop som finns leden. P\u00e5 kartan kan du se var [&hellip;]<\/p>\n","protected":false},"author":3,"featured_media":2417,"parent":0,"menu_order":0,"comment_status":"closed","ping_status":"closed","template":"","meta":{"_acf_changed":false,"footnotes":""},"class_list":["post-5906","page","type-page","status-publish","has-post-thumbnail","hentry"],"acf":[],"_links":{"self":[{"href":"https:\/\/stolavsleden.com\/sv\/wp-json\/wp\/v2\/pages\/5906","targetHints":{"allow":["GET"]}}],"collection":[{"href":"https:\/\/stolavsleden.com\/sv\/wp-json\/wp\/v2\/pages"}],"about":[{"href":"https:\/\/stolavsleden.com\/sv\/wp-json\/wp\/v2\/types\/page"}],"author":[{"embeddable":true,"href":"https:\/\/stolavsleden.com\/sv\/wp-json\/wp\/v2\/users\/3"}],"replies":[{"embeddable":true,"href":"https:\/\/stolavsleden.com\/sv\/wp-json\/wp\/v2\/comments?post=5906"}],"version-history":[{"count":3,"href":"https:\/\/stolavsleden.com\/sv\/wp-json\/wp\/v2\/pages\/5906\/revisions"}],"predecessor-version":[{"id":9400,"href":"https:\/\/stolavsleden.com\/sv\/wp-json\/wp\/v2\/pages\/5906\/revisions\/9400"}],"wp:featuredmedia":[{"embeddable":true,"href":"https:\/\/stolavsleden.com\/sv\/wp-json\/wp\/v2\/media\/2417"}],"wp:attachment":[{"href":"https:\/\/stolavsleden.com\/sv\/wp-json\/wp\/v2\/media?parent=5906"}],"curies":[{"name":"wp","href":"https:\/\/api.w.org\/{rel}","templated":true}]}}