{"id":5071,"date":"2020-12-11T09:58:13","date_gmt":"2020-12-11T08:58:13","guid":{"rendered":"https:\/\/stolavsleden.com\/?page_id=5071"},"modified":"2026-02-11T11:16:58","modified_gmt":"2026-02-11T10:16:58","slug":"vill-du-vara-vard-service","status":"publish","type":"page","link":"https:\/\/stolavsleden.com\/sv\/vill-du-vara-vard-service\/","title":{"rendered":"Vill du vara v\u00e4rd?"},"content":{"rendered":"\t\t<div data-elementor-type=\"wp-page\" data-elementor-id=\"5071\" class=\"elementor elementor-5071\" data-elementor-post-type=\"page\">\n\t\t\t\t\t\t<section class=\"elementor-section elementor-top-section elementor-element elementor-element-13c25f9 elementor-section-boxed elementor-section-height-default elementor-section-height-default\" data-id=\"13c25f9\" data-element_type=\"section\" data-e-type=\"section\">\n\t\t\t\t\t\t<div class=\"elementor-container elementor-column-gap-default\">\n\t\t\t\t\t<div class=\"elementor-column elementor-col-50 elementor-top-column elementor-element elementor-element-f93a845\" data-id=\"f93a845\" data-element_type=\"column\" data-e-type=\"column\">\n\t\t\t<div class=\"elementor-widget-wrap elementor-element-populated\">\n\t\t\t\t\t\t<section class=\"elementor-section elementor-inner-section elementor-element elementor-element-84c205b elementor-section-boxed elementor-section-height-default elementor-section-height-default\" data-id=\"84c205b\" data-element_type=\"section\" data-e-type=\"section\">\n\t\t\t\t\t\t<div class=\"elementor-container elementor-column-gap-default\">\n\t\t\t\t\t<div class=\"elementor-column elementor-col-100 elementor-inner-column elementor-element elementor-element-76216e8\" data-id=\"76216e8\" data-element_type=\"column\" data-e-type=\"column\">\n\t\t\t<div class=\"elementor-widget-wrap elementor-element-populated\">\n\t\t\t\t\t\t<div class=\"elementor-element elementor-element-7325e2a elementor-widget elementor-widget-heading\" data-id=\"7325e2a\" data-element_type=\"widget\" data-e-type=\"widget\" data-widget_type=\"heading.default\">\n\t\t\t\t<div class=\"elementor-widget-container\">\n\t\t\t\t\t<h4 class=\"elementor-heading-title elementor-size-default\">FYLL I FORMUL\u00c4RET F\u00d6R ATT REGISTRERA DIN RESTARUANG, CAF\u00c9 ELLER SERVICEANL\u00c4GGNING<\/h4>\t\t\t\t<\/div>\n\t\t\t\t<\/div>\n\t\t\t\t<div class=\"elementor-element elementor-element-a9cd924 elementor-widget elementor-widget-text-editor\" data-id=\"a9cd924\" data-element_type=\"widget\" data-e-type=\"widget\" data-widget_type=\"text-editor.default\">\n\t\t\t\t<div class=\"elementor-widget-container\">\n\t\t\t\t\t\t\t\t\t<p>\u00c4ndras din information, s\u00e5som \u00f6ppetider, utbud eller du \u00f6nskar att variera bilder efter s\u00e4song g\u00f6r du detta sj\u00e4lv genom att registrera dig via Naturkartan. Har du fr\u00e5gor, ta g\u00e4rna <a href=\"https:\/\/stolavsleden.com\/sv\/kontakt\/\">kontakt<\/a> med oss.<\/p>\t\t\t\t\t\t\t\t<\/div>\n\t\t\t\t<\/div>\n\t\t\t\t<div class=\"elementor-element elementor-element-07934c0 elementor-button-align-stretch elementor-widget elementor-widget-form\" data-id=\"07934c0\" data-element_type=\"widget\" data-e-type=\"widget\" data-settings=\"{&quot;step_next_label&quot;:&quot;Next&quot;,&quot;step_previous_label&quot;:&quot;Previous&quot;,&quot;button_width&quot;:&quot;100&quot;,&quot;step_type&quot;:&quot;number_text&quot;,&quot;step_icon_shape&quot;:&quot;circle&quot;}\" data-widget_type=\"form.default\">\n\t\t\t\t<div class=\"elementor-widget-container\">\n\t\t\t\t\t\t\t<form class=\"elementor-form\" method=\"post\" name=\"Registrering restaurang, cafe, serviceanl\u00e4ggning\" aria-label=\"Registrering restaurang, cafe, serviceanl\u00e4ggning\">\n\t\t\t<input type=\"hidden\" name=\"post_id\" value=\"5071\"\/>\n\t\t\t<input type=\"hidden\" name=\"form_id\" value=\"07934c0\"\/>\n\t\t\t<input type=\"hidden\" name=\"referer_title\" value=\"Vill du vara v\u00e4rd? - S:t Olavsleden\" \/>\n\n\t\t\t\t\t\t\t<input type=\"hidden\" name=\"queried_id\" value=\"5071\"\/>\n\t\t\t\n\t\t\t<div class=\"elementor-form-fields-wrapper elementor-labels-above\">\n\t\t\t\t\t\t\t\t<div class=\"elementor-field-type-text elementor-field-group elementor-column elementor-field-group-name elementor-col-100\">\n\t\t\t\t\t\t\t\t\t\t\t\t<label for=\"form-field-name\" class=\"elementor-field-label\">\n\t\t\t\t\t\t\t\tNamn\t\t\t\t\t\t\t<\/label>\n\t\t\t\t\t\t\t\t\t\t\t\t\t\t<input size=\"1\" type=\"text\" name=\"form_fields[name]\" id=\"form-field-name\" class=\"elementor-field elementor-size-sm  elementor-field-textual\">\n\t\t\t\t\t\t\t\t\t\t\t<\/div>\n\t\t\t\t\t\t\t\t<div class=\"elementor-field-type-text elementor-field-group elementor-column elementor-field-group-email elementor-col-100\">\n\t\t\t\t\t\t\t\t\t\t\t\t<label for=\"form-field-email\" class=\"elementor-field-label\">\n\t\t\t\t\t\t\t\tOrganisationsnummer\t\t\t\t\t\t\t<\/label>\n\t\t\t\t\t\t\t\t\t\t\t\t\t\t<input size=\"1\" type=\"text\" name=\"form_fields[email]\" id=\"form-field-email\" class=\"elementor-field elementor-size-sm  elementor-field-textual\">\n\t\t\t\t\t\t\t\t\t\t\t<\/div>\n\t\t\t\t\t\t\t\t<div class=\"elementor-field-type-text elementor-field-group elementor-column elementor-field-group-field_d66bd82 elementor-col-100\">\n\t\t\t\t\t\t\t\t\t\t\t\t<label for=\"form-field-field_d66bd82\" class=\"elementor-field-label\">\n\t\t\t\t\t\t\t\tTelefonnummer\t\t\t\t\t\t\t<\/label>\n\t\t\t\t\t\t\t\t\t\t\t\t\t\t<input size=\"1\" type=\"text\" name=\"form_fields[field_d66bd82]\" id=\"form-field-field_d66bd82\" class=\"elementor-field elementor-size-sm  elementor-field-textual\">\n\t\t\t\t\t\t\t\t\t\t\t<\/div>\n\t\t\t\t\t\t\t\t<div class=\"elementor-field-type-email elementor-field-group elementor-column elementor-field-group-field_72a335b elementor-col-100\">\n\t\t\t\t\t\t\t\t\t\t\t\t<label for=\"form-field-field_72a335b\" class=\"elementor-field-label\">\n\t\t\t\t\t\t\t\tE-post\t\t\t\t\t\t\t<\/label>\n\t\t\t\t\t\t\t\t\t\t\t\t\t\t<input size=\"1\" type=\"email\" name=\"form_fields[field_72a335b]\" id=\"form-field-field_72a335b\" class=\"elementor-field elementor-size-sm  elementor-field-textual\">\n\t\t\t\t\t\t\t\t\t\t\t<\/div>\n\t\t\t\t\t\t\t\t<div class=\"elementor-field-type-text elementor-field-group elementor-column elementor-field-group-field_b35a361 elementor-col-100\">\n\t\t\t\t\t\t\t\t\t\t\t\t<label for=\"form-field-field_b35a361\" class=\"elementor-field-label\">\n\t\t\t\t\t\t\t\tWebbadress\/Facebook (ex https:\/\/www....)\t\t\t\t\t\t\t<\/label>\n\t\t\t\t\t\t\t\t\t\t\t\t\t\t<input size=\"1\" type=\"text\" name=\"form_fields[field_b35a361]\" id=\"form-field-field_b35a361\" class=\"elementor-field elementor-size-sm  elementor-field-textual\">\n\t\t\t\t\t\t\t\t\t\t\t<\/div>\n\t\t\t\t\t\t\t\t<div class=\"elementor-field-type-text elementor-field-group elementor-column elementor-field-group-field_f43d212 elementor-col-100\">\n\t\t\t\t\t\t\t\t\t\t\t\t<label for=\"form-field-field_f43d212\" class=\"elementor-field-label\">\n\t\t\t\t\t\t\t\t\u00d6ppet (hel\u00e5r\/s\u00e4song, beh\u00f6vs f\u00f6randsbokning?)\t\t\t\t\t\t\t<\/label>\n\t\t\t\t\t\t\t\t\t\t\t\t\t\t<input size=\"1\" type=\"text\" name=\"form_fields[field_f43d212]\" id=\"form-field-field_f43d212\" class=\"elementor-field elementor-size-sm  elementor-field-textual\">\n\t\t\t\t\t\t\t\t\t\t\t<\/div>\n\t\t\t\t\t\t\t\t<div class=\"elementor-field-type-text elementor-field-group elementor-column elementor-field-group-field_a10db6e elementor-col-100\">\n\t\t\t\t\t\t\t\t\t\t\t\t<label for=\"form-field-field_a10db6e\" class=\"elementor-field-label\">\n\t\t\t\t\t\t\t\tBes\u00f6ksadress\t\t\t\t\t\t\t<\/label>\n\t\t\t\t\t\t\t\t\t\t\t\t\t\t<input size=\"1\" type=\"text\" name=\"form_fields[field_a10db6e]\" id=\"form-field-field_a10db6e\" class=\"elementor-field elementor-size-sm  elementor-field-textual\">\n\t\t\t\t\t\t\t\t\t\t\t<\/div>\n\t\t\t\t\t\t\t\t<div class=\"elementor-field-type-text elementor-field-group elementor-column elementor-field-group-field_181f9f8 elementor-col-100\">\n\t\t\t\t\t\t\t\t\t\t\t\t<label for=\"form-field-field_181f9f8\" class=\"elementor-field-label\">\n\t\t\t\t\t\t\t\tBeskrivning av verksamhet\t\t\t\t\t\t\t<\/label>\n\t\t\t\t\t\t\t\t\t\t\t\t\t\t<input size=\"1\" type=\"text\" name=\"form_fields[field_181f9f8]\" id=\"form-field-field_181f9f8\" class=\"elementor-field elementor-size-sm  elementor-field-textual\">\n\t\t\t\t\t\t\t\t\t\t\t<\/div>\n\t\t\t\t\t\t\t\t<div class=\"elementor-field-type-text elementor-field-group elementor-column elementor-field-group-field_7a0a3a1 elementor-col-100\">\n\t\t\t\t\t\t\t\t\t\t\t\t<label for=\"form-field-field_7a0a3a1\" class=\"elementor-field-label\">\n\t\t\t\t\t\t\t\tBetalningsalternativ\t\t\t\t\t\t\t<\/label>\n\t\t\t\t\t\t\t\t\t\t\t\t\t\t<input size=\"1\" type=\"text\" name=\"form_fields[field_7a0a3a1]\" id=\"form-field-field_7a0a3a1\" class=\"elementor-field elementor-size-sm  elementor-field-textual\">\n\t\t\t\t\t\t\t\t\t\t\t<\/div>\n\t\t\t\t\t\t\t\t<div class=\"elementor-field-type-text elementor-field-group elementor-column elementor-field-group-field_bf80d7e elementor-col-100\">\n\t\t\t\t\t\t\t\t\t\t\t\t<label for=\"form-field-field_bf80d7e\" class=\"elementor-field-label\">\n\t\t\t\t\t\t\t\tSpr\u00e5k som talas (svenska, engelska, tyska osv)\t\t\t\t\t\t\t<\/label>\n\t\t\t\t\t\t\t\t\t\t\t\t\t\t<input size=\"1\" type=\"text\" name=\"form_fields[field_bf80d7e]\" id=\"form-field-field_bf80d7e\" class=\"elementor-field elementor-size-sm  elementor-field-textual\">\n\t\t\t\t\t\t\t\t\t\t\t<\/div>\n\t\t\t\t\t\t\t\t<div class=\"elementor-field-type-text elementor-field-group elementor-column elementor-field-group-field_0ff79d5 elementor-col-100\">\n\t\t\t\t\t\t\t\t\t\t\t\t<label for=\"form-field-field_0ff79d5\" class=\"elementor-field-label\">\n\t\t\t\t\t\t\t\tVilken typ av service erbjuds?\t\t\t\t\t\t\t<\/label>\n\t\t\t\t\t\t\t\t\t\t\t\t\t\t<input size=\"1\" type=\"text\" name=\"form_fields[field_0ff79d5]\" id=\"form-field-field_0ff79d5\" class=\"elementor-field elementor-size-sm  elementor-field-textual\">\n\t\t\t\t\t\t\t\t\t\t\t<\/div>\n\t\t\t\t\t\t\t\t<div class=\"elementor-field-type-text elementor-field-group elementor-column elementor-field-group-field_e0eed64 elementor-col-100\">\n\t\t\t\t\t\t\t\t\t\t\t\t<label for=\"form-field-field_e0eed64\" class=\"elementor-field-label\">\n\t\t\t\t\t\t\t\tWC?\t\t\t\t\t\t\t<\/label>\n\t\t\t\t\t\t\t\t\t\t\t\t\t\t<input size=\"1\" type=\"text\" name=\"form_fields[field_e0eed64]\" id=\"form-field-field_e0eed64\" class=\"elementor-field elementor-size-sm  elementor-field-textual\">\n\t\t\t\t\t\t\t\t\t\t\t<\/div>\n\t\t\t\t\t\t\t\t<div class=\"elementor-field-type-text elementor-field-group elementor-column elementor-field-group-field_ddb1fec elementor-col-100\">\n\t\t\t\t\t\t\t\t\t\t\t\t<label for=\"form-field-field_ddb1fec\" class=\"elementor-field-label\">\n\t\t\t\t\t\t\t\tWifi (internet)?\t\t\t\t\t\t\t<\/label>\n\t\t\t\t\t\t\t\t\t\t\t\t\t\t<input size=\"1\" type=\"text\" name=\"form_fields[field_ddb1fec]\" id=\"form-field-field_ddb1fec\" class=\"elementor-field elementor-size-sm  elementor-field-textual\">\n\t\t\t\t\t\t\t\t\t\t\t<\/div>\n\t\t\t\t\t\t\t\t<div class=\"elementor-field-type-text elementor-field-group elementor-column elementor-field-group-field_82a6d77 elementor-col-100\">\n\t\t\t\t\t\t\t\t\t\t\t\t<label for=\"form-field-field_82a6d77\" class=\"elementor-field-label\">\n\t\t\t\t\t\t\t\t\u00d6vrig relevant information\t\t\t\t\t\t\t<\/label>\n\t\t\t\t\t\t\t\t\t\t\t\t\t\t<input size=\"1\" type=\"text\" name=\"form_fields[field_82a6d77]\" id=\"form-field-field_82a6d77\" class=\"elementor-field elementor-size-sm  elementor-field-textual\">\n\t\t\t\t\t\t\t\t\t\t\t<\/div>\n\t\t\t\t\t\t\t\t<div class=\"elementor-field-type-upload elementor-field-group elementor-column elementor-field-group-field_03f7324 elementor-col-100\">\n\t\t\t\t\t\t\t\t\t\t\t\t<label for=\"form-field-field_03f7324\" class=\"elementor-field-label\">\n\t\t\t\t\t\t\t\tBifoga g\u00e4rna filer som vi f\u00e5r anv\u00e4nda oss av f\u00f6r att presentera ert boende. \t\t\t\t\t\t\t<\/label>\n\t\t\t\t\t\t\t\t<input type=\"file\" name=\"form_fields[field_03f7324][]\" id=\"form-field-field_03f7324\" class=\"elementor-field elementor-size-sm  elementor-upload-field\" multiple=\"multiple\">\n\n\t\t\t\t\t\t<\/div>\n\t\t\t\t\t\t\t\t<div class=\"elementor-field-type-acceptance elementor-field-group elementor-column elementor-field-group-field_aa55a5b elementor-col-100 elementor-field-required\">\n\t\t\t\t\t\t\t<div class=\"elementor-field-subgroup\">\n\t\t\t<span class=\"elementor-field-option\">\n\t\t\t\t<input type=\"checkbox\" name=\"form_fields[field_aa55a5b]\" id=\"form-field-field_aa55a5b\" class=\"elementor-field elementor-size-sm  elementor-acceptance-field\" required=\"required\">\n\t\t\t\t<label for=\"form-field-field_aa55a5b\">Jag samtycker till att St Olavsleden f\u00e5r anv\u00e4nda sig av de uppgifter jag l\u00e4mnar. All information som l\u00e4ggs upp n\u00e5r bes\u00f6kare via stolavsleden.com samt naturkartan.se Vi hanterar era uppgifter enligt GDPR.\n<a href=\"https:\/\/stolavsleden.com\/sv\/cookiepolicy\/\">L\u00e4s v\u00e5r integritetspolicy h\u00e4r \u00bb<\/a>\nVill ni dra tillbaka ert samtycke? Kontakta oss.<\/label>\t\t\t<\/span>\n\t\t<\/div>\n\t\t\t\t\t\t<\/div>\n\t\t\t\t\t\t\t\t<div class=\"elementor-field-group elementor-column elementor-field-type-submit elementor-col-100 e-form__buttons\">\n\t\t\t\t\t<button class=\"elementor-button elementor-size-sm\" type=\"submit\">\n\t\t\t\t\t\t<span class=\"elementor-button-content-wrapper\">\n\t\t\t\t\t\t\t\t\t\t\t\t\t\t\t\t\t\t\t\t\t\t<span class=\"elementor-button-text\">SKICKA<\/span>\n\t\t\t\t\t\t\t\t\t\t\t\t\t<\/span>\n\t\t\t\t\t<\/button>\n\t\t\t\t<\/div>\n\t\t\t<\/div>\n\t\t<\/form>\n\t\t\t\t\t\t<\/div>\n\t\t\t\t<\/div>\n\t\t\t\t\t<\/div>\n\t\t<\/div>\n\t\t\t\t\t<\/div>\n\t\t<\/section>\n\t\t\t\t\t<\/div>\n\t\t<\/div>\n\t\t\t\t<div class=\"elementor-column elementor-col-50 elementor-top-column elementor-element elementor-element-28e9ded\" data-id=\"28e9ded\" data-element_type=\"column\" data-e-type=\"column\" data-settings=\"{&quot;background_background&quot;:&quot;classic&quot;}\">\n\t\t\t<div class=\"elementor-widget-wrap elementor-element-populated\">\n\t\t\t\t\t\t<div class=\"elementor-element elementor-element-cf5e22f elementor-widget elementor-widget-heading\" data-id=\"cf5e22f\" data-element_type=\"widget\" data-e-type=\"widget\" data-widget_type=\"heading.default\">\n\t\t\t\t<div class=\"elementor-widget-container\">\n\t\t\t\t\t<h4 class=\"elementor-heading-title elementor-size-default\">registrera er p\u00e5 naturkartan<\/h4>\t\t\t\t<\/div>\n\t\t\t\t<\/div>\n\t\t\t\t<div class=\"elementor-element elementor-element-f324e94 elementor-widget elementor-widget-text-editor\" data-id=\"f324e94\" data-element_type=\"widget\" data-e-type=\"widget\" data-widget_type=\"text-editor.default\">\n\t\t\t\t<div class=\"elementor-widget-container\">\n\t\t\t\t\t\t\t\t\t<p>Vi tror att det \u00e4r en framg\u00e5ngsfaktor att akt\u00f6rer och f\u00f6retagare efter leden sj\u00e4lva ska kunna hantera sina boende och serviceanl\u00e4ggningar. &#8221;F\u00f6r att kunna bli redakt\u00f6r \u00f6ver er verksamhet beh\u00f6ver ni f\u00f6rst registrera ett anv\u00e4ndarkonto hos Naturkartan.\u00a0<\/p><p><a href=\"https:\/\/naturkartan.se\/sv\/users\/sign_up\" target=\"_blank\" rel=\"noopener\">Till Naturkartan<\/a><\/p>\t\t\t\t\t\t\t\t<\/div>\n\t\t\t\t<\/div>\n\t\t\t\t<div class=\"elementor-element elementor-element-fa642f7 elementor-widget elementor-widget-heading\" data-id=\"fa642f7\" data-element_type=\"widget\" data-e-type=\"widget\" data-widget_type=\"heading.default\">\n\t\t\t\t<div class=\"elementor-widget-container\">\n\t\t\t\t\t<h4 class=\"elementor-heading-title elementor-size-default\">BLI PARTNER<\/h4>\t\t\t\t<\/div>\n\t\t\t\t<\/div>\n\t\t\t\t<div class=\"elementor-element elementor-element-80d86aa elementor-widget elementor-widget-text-editor\" data-id=\"80d86aa\" data-element_type=\"widget\" data-e-type=\"widget\" data-widget_type=\"text-editor.default\">\n\t\t\t\t<div class=\"elementor-widget-container\">\n\t\t\t\t\t\t\t\t\t<p>Har ni ett extra hus p\u00e5 tomten som ni g\u00e4rna vill hyra ut? Eller funderar p\u00e5 guidade turer, cykelservice eller bagagetransport l\u00e4ngs med S:t Olavsleden? H\u00f6r is\u00e5fall av dig till oss s\u00e5 hj\u00e4lper vi dig att komma ig\u00e5ng.<\/p><p><a href=\"https:\/\/stolavsleden.com\/sv\/kontakt\/\">Till kontakter<\/a><\/p>\t\t\t\t\t\t\t\t<\/div>\n\t\t\t\t<\/div>\n\t\t\t\t<div class=\"elementor-element elementor-element-e59dcf9 elementor-widget elementor-widget-heading\" data-id=\"e59dcf9\" data-element_type=\"widget\" data-e-type=\"widget\" data-widget_type=\"heading.default\">\n\t\t\t\t<div class=\"elementor-widget-container\">\n\t\t\t\t\t<h4 class=\"elementor-heading-title elementor-size-default\">PRENUMERERA P\u00c5 V\u00c5RT NYHETSBREV<\/h4>\t\t\t\t<\/div>\n\t\t\t\t<\/div>\n\t\t\t\t<div class=\"elementor-element elementor-element-c28d1dd elementor-widget elementor-widget-text-editor\" data-id=\"c28d1dd\" data-element_type=\"widget\" data-e-type=\"widget\" data-widget_type=\"text-editor.default\">\n\t\t\t\t<div class=\"elementor-widget-container\">\n\t\t\t\t\t\t\t\t\t<p>F\u00e5 samlad information om\u00a0<a href=\"https:\/\/stolavsleden.se\/sv\/projektet\/\" target=\"_blank\" rel=\"noopener\">S:t Olavsleden &#8211; Ett steg i regional utveckling<\/a>\u00b4s aktiviteter och vad som planeras l\u00e4ngs med leden direkt till din inkorg. N\u00e4r du registrerar dig, st\u00e4ller vi ett antal fr\u00e5gor f\u00f6r att kunna f\u00f6ra statistik p\u00e5 den utveckling projektet genererar. Vi hanterar dina uppgifter och ser till att de \u00e4r s\u00e4kra i enlighet med dataskyddsf\u00f6rordningen vilket du kan l\u00e4sa mer om p\u00e5 v\u00e5r hemsida under\u00a0<em>Integritetspolicy.<\/em><\/p>\n<p><a href=\"https:\/\/stolavsleden.com\/sv\/partner\/?elementor-preview=2250&amp;ver=1594194223#elementor-action%3Aaction%3Dpopup%3Aopen%26settings%3DeyJpZCI6IjMyNDYiLCJ0b2dnbGUiOmZhbHNlfQ%3D%3D\">Jag vill registrera mig<\/a><\/p>\t\t\t\t\t\t\t\t<\/div>\n\t\t\t\t<\/div>\n\t\t\t\t<div class=\"elementor-element elementor-element-0e2ce80 elementor-widget elementor-widget-heading\" data-id=\"0e2ce80\" data-element_type=\"widget\" data-e-type=\"widget\" data-widget_type=\"heading.default\">\n\t\t\t\t<div class=\"elementor-widget-container\">\n\t\t\t\t\t<h4 class=\"elementor-heading-title elementor-size-default\">N\u00c4TVERK P\u00c5 FACEBOOK<\/h4>\t\t\t\t<\/div>\n\t\t\t\t<\/div>\n\t\t\t\t<div class=\"elementor-element elementor-element-f74b444 elementor-widget elementor-widget-text-editor\" data-id=\"f74b444\" data-element_type=\"widget\" data-e-type=\"widget\" data-widget_type=\"text-editor.default\">\n\t\t\t\t<div class=\"elementor-widget-container\">\n\t\t\t\t\t\t\t\t\t<p>I Facebookgruppen &#8221;S:t Olavsledens intressenter&#8221; finns m\u00f6jlighet att n\u00e4tverka med andra akt\u00f6rer l\u00e4ngs med leden. H\u00e4r kan du som erbjuder boende, mat eller annan service utbyta tips och r\u00e5d med andra, samt snabbt n\u00e5 ut med viktig information om det skulle beh\u00f6vas. Tillsammans kan vi hj\u00e4lpas \u00e5t att skaps b\u00e4sta m\u00f6jliga f\u00f6ruts\u00e4ttningarna f\u00f6r att v\u00e5ra vandrare ska f\u00e5 en minnesv\u00e4rd upplevelse l\u00e4ngs leden.<\/p>\n<p><a href=\"https:\/\/www.facebook.com\/groups\/stolavsledensintressenter\/about\/\" target=\"_blank\" rel=\"noreferrer noopener\" aria-label=\"Till gruppen (opens in a new tab)\">Till gruppen<\/a><\/p>\t\t\t\t\t\t\t\t<\/div>\n\t\t\t\t<\/div>\n\t\t\t\t<div class=\"elementor-element elementor-element-02ddb02 elementor-widget elementor-widget-heading\" data-id=\"02ddb02\" data-element_type=\"widget\" data-e-type=\"widget\" data-widget_type=\"heading.default\">\n\t\t\t\t<div class=\"elementor-widget-container\">\n\t\t\t\t\t<h4 class=\"elementor-heading-title elementor-size-default\">BILDBANK &amp; LOGOTYPER<\/h4>\t\t\t\t<\/div>\n\t\t\t\t<\/div>\n\t\t\t\t<div class=\"elementor-element elementor-element-4a53937 elementor-widget elementor-widget-text-editor\" data-id=\"4a53937\" data-element_type=\"widget\" data-e-type=\"widget\" data-widget_type=\"text-editor.default\">\n\t\t\t\t<div class=\"elementor-widget-container\">\n\t\t\t\t\t\t\t\t\t<p>Du \u00e4r v\u00e4lkommen att anv\u00e4nda S:t Olavsledens logga, bilder och filmer i marknadsf\u00f6ring som kan kopplas till leden. Exempelvis om du vill lyfta att du har ett boende l\u00e4ngs med leden som v\u00e4lkomnar pilgrimer.<\/p><p><a href=\"https:\/\/stolavsleden.zenfolio.com\/\" target=\"_blank\" rel=\"noreferrer noopener\" aria-label=\"Till Bildbanken (opens in a new tab)\">Till Bildbanken<\/a><\/p><p><em>Har du inget l\u00f6senord \u00e4n, kontakta oss s\u00e5 hj\u00e4lper vi dig med riktlinjer och inlogg.<\/em><\/p>\t\t\t\t\t\t\t\t<\/div>\n\t\t\t\t<\/div>\n\t\t\t\t\t<\/div>\n\t\t<\/div>\n\t\t\t\t\t<\/div>\n\t\t<\/section>\n\t\t\t\t<\/div>\n\t\t","protected":false},"excerpt":{"rendered":"<p>FYLL I FORMUL\u00c4RET F\u00d6R ATT REGISTRERA DIN RESTARUANG, CAF\u00c9 ELLER SERVICEANL\u00c4GGNING \u00c4ndras din information, s\u00e5som \u00f6ppetider, utbud eller du \u00f6nskar att variera bilder efter s\u00e4song g\u00f6r du detta sj\u00e4lv genom att registrera dig via Naturkartan. Har du fr\u00e5gor, ta g\u00e4rna kontakt med oss. registrera er p\u00e5 naturkartan Vi tror att det \u00e4r en framg\u00e5ngsfaktor att [&hellip;]<\/p>\n","protected":false},"author":12,"featured_media":2784,"parent":0,"menu_order":0,"comment_status":"closed","ping_status":"closed","template":"","meta":{"_acf_changed":false,"footnotes":""},"class_list":["post-5071","page","type-page","status-publish","has-post-thumbnail","hentry"],"acf":[],"_links":{"self":[{"href":"https:\/\/stolavsleden.com\/sv\/wp-json\/wp\/v2\/pages\/5071","targetHints":{"allow":["GET"]}}],"collection":[{"href":"https:\/\/stolavsleden.com\/sv\/wp-json\/wp\/v2\/pages"}],"about":[{"href":"https:\/\/stolavsleden.com\/sv\/wp-json\/wp\/v2\/types\/page"}],"author":[{"embeddable":true,"href":"https:\/\/stolavsleden.com\/sv\/wp-json\/wp\/v2\/users\/12"}],"replies":[{"embeddable":true,"href":"https:\/\/stolavsleden.com\/sv\/wp-json\/wp\/v2\/comments?post=5071"}],"version-history":[{"count":3,"href":"https:\/\/stolavsleden.com\/sv\/wp-json\/wp\/v2\/pages\/5071\/revisions"}],"predecessor-version":[{"id":9515,"href":"https:\/\/stolavsleden.com\/sv\/wp-json\/wp\/v2\/pages\/5071\/revisions\/9515"}],"wp:featuredmedia":[{"embeddable":true,"href":"https:\/\/stolavsleden.com\/sv\/wp-json\/wp\/v2\/media\/2784"}],"wp:attachment":[{"href":"https:\/\/stolavsleden.com\/sv\/wp-json\/wp\/v2\/media?parent=5071"}],"curies":[{"name":"wp","href":"https:\/\/api.w.org\/{rel}","templated":true}]}}