{"id":4192,"date":"2020-05-29T14:36:44","date_gmt":"2020-05-29T12:36:44","guid":{"rendered":"https:\/\/stolavsleden.com\/?page_id=4192"},"modified":"2020-07-20T09:16:00","modified_gmt":"2020-07-20T07:16:00","slug":"pilgrimsstafett-2020","status":"publish","type":"page","link":"https:\/\/stolavsleden.com\/sv\/pilgrimsstafett-2020\/","title":{"rendered":"Pilgrimsstafett 2020"},"content":{"rendered":"\t\t<div data-elementor-type=\"wp-page\" data-elementor-id=\"4192\" class=\"elementor elementor-4192\" data-elementor-post-type=\"page\">\n\t\t\t\t\t\t<section class=\"elementor-section elementor-top-section elementor-element elementor-element-5b427790 elementor-section-boxed elementor-section-height-default elementor-section-height-default\" data-id=\"5b427790\" data-element_type=\"section\" data-e-type=\"section\">\n\t\t\t\t\t\t<div class=\"elementor-container elementor-column-gap-default\">\n\t\t\t\t\t<div class=\"elementor-column elementor-col-100 elementor-top-column elementor-element elementor-element-65663faa\" data-id=\"65663faa\" data-element_type=\"column\" data-e-type=\"column\">\n\t\t\t<div class=\"elementor-widget-wrap elementor-element-populated\">\n\t\t\t\t\t\t<div class=\"elementor-element elementor-element-14835f8a elementor-widget elementor-widget-text-editor\" data-id=\"14835f8a\" data-element_type=\"widget\" data-e-type=\"widget\" data-widget_type=\"text-editor.default\">\n\t\t\t\t<div class=\"elementor-widget-container\">\n\t\t\t\t\t\t\t\t\t\n<div class=\"wp-block-columns is-layout-flex wp-container-core-columns-is-layout-9d6595d7 wp-block-columns-is-layout-flex\">\n<div class=\"wp-block-column is-layout-flow wp-block-column-is-layout-flow\">\n<p>Mellan den 20 juni och 8 augusti sker vandringen fr\u00e5n Sel\u00e5nger utanf\u00f6r Sundsvall till Trondheim och Nidarosdomen. Vilken str\u00e4cka g\u00e5r du?<\/p>\n\n<p>Vi har delat upp leden i 50 etapper i varierande l\u00e4ngd och terr\u00e4ng. <br \/>Se datum och l\u00e4ngd f\u00f6r respektive etapp i tabellen nedan och anm\u00e4l dig i formul\u00e4ret, via knapparna. En person tilldelas varje dag ansvaret att fota och skriva n\u00e5gra rader om dagens vandring. Mer information f\u00e5r du det n\u00e4r det n\u00e4rmar sig just din dag.<\/p>\n\n<p>\u00a0<\/p>\n<\/div>\n\n<div class=\"wp-block-column is-layout-flow wp-block-column-is-layout-flow\">\n<p>Ni kan vara flera som g\u00e5r samma etapp s\u00e5 v\u00e4lj den etapp och dag som passar dig b\u00e4st. Blir ni flera kan ni om ni vill g\u00f6ra vandringen till ett tillf\u00e4lle att l\u00e4ra k\u00e4nna varandra.<\/p>\n\n<p>Att vandra en pilgrimsled handlar f\u00f6r m\u00e5nga om inre reflektion. Ta tillf\u00e4llet i akt att den dag du v\u00e4ljer att vandra, reflekterar \u00f6ver dig sj\u00e4lv, ditt liv, dina tankar och din framtid. L\u00e5t tankarna fl\u00f6da fritt och vill du prata med n\u00e5gon s\u00e5 passa p\u00e5 att dryfta livets mening.<\/p>\n<\/div>\n<\/div>\n\n<div class=\"wp-block-columns is-layout-flex wp-container-core-columns-is-layout-9d6595d7 wp-block-columns-is-layout-flex\">\n<div class=\"wp-block-column is-layout-flow wp-block-column-is-layout-flow\">\n<figure class=\"wp-block-image size-large\"><img fetchpriority=\"high\" decoding=\"async\" width=\"1024\" height=\"732\" class=\"wp-image-4260\" src=\"https:\/\/stolavsleden.com\/wp-content\/uploads\/2020\/05\/Pilgrimsstafett_Etapp1-1024x732.png\" alt=\"\" srcset=\"https:\/\/stolavsleden.com\/wp-content\/uploads\/2020\/05\/Pilgrimsstafett_Etapp1-1024x732.png 1024w, https:\/\/stolavsleden.com\/wp-content\/uploads\/2020\/05\/Pilgrimsstafett_Etapp1-768x549.png 768w, https:\/\/stolavsleden.com\/wp-content\/uploads\/2020\/05\/Pilgrimsstafett_Etapp1-1536x1098.png 1536w, https:\/\/stolavsleden.com\/wp-content\/uploads\/2020\/05\/Pilgrimsstafett_Etapp1-2048x1465.png 2048w\" sizes=\"(max-width: 1024px) 100vw, 1024px\" \/><\/figure>\n\n<h4 class=\"has-text-align-center wp-block-heading\">Sel\u00e5nger &#8211; \u00d6stersund<\/h4>\n\n<div class=\"wp-block-buttons aligncenter is-layout-flex wp-block-buttons-is-layout-flex\"><\/div>\n<\/div>\n\n<div class=\"wp-block-column is-layout-flow wp-block-column-is-layout-flow\">\n<figure class=\"wp-block-image size-large\"><img decoding=\"async\" width=\"1024\" height=\"730\" class=\"wp-image-4262\" src=\"https:\/\/stolavsleden.com\/wp-content\/uploads\/2020\/05\/Pilgrimsstafett_Etapp2-1024x730.png\" alt=\"\" srcset=\"https:\/\/stolavsleden.com\/wp-content\/uploads\/2020\/05\/Pilgrimsstafett_Etapp2-1024x730.png 1024w, https:\/\/stolavsleden.com\/wp-content\/uploads\/2020\/05\/Pilgrimsstafett_Etapp2-768x548.png 768w, https:\/\/stolavsleden.com\/wp-content\/uploads\/2020\/05\/Pilgrimsstafett_Etapp2-1536x1095.png 1536w, https:\/\/stolavsleden.com\/wp-content\/uploads\/2020\/05\/Pilgrimsstafett_Etapp2-2048x1461.png 2048w\" sizes=\"(max-width: 1024px) 100vw, 1024px\" \/><\/figure>\n\n<h4 class=\"has-text-align-center wp-block-heading\">\u00d6stersund &#8211; Riksgr\u00e4nsen<\/h4>\n\n<div class=\"wp-block-buttons aligncenter is-layout-flex wp-block-buttons-is-layout-flex\">\n<div class=\"wp-block-button\"><a class=\"wp-block-button__link has-text-color has-very-light-gray-color has-background has-vivid-red-background-color no-border-radius\" href=\"https:\/\/forms.gle\/BV4rDPEVnnq7bDcDA\" target=\"_blank\" rel=\"https:\/\/forms.gle\/BV4rDPEVnnq7bDcDA noopener noreferrer\">ANM\u00c4LAN<\/a><\/div>\n<\/div>\n<\/div>\n\n<div class=\"wp-block-column is-layout-flow wp-block-column-is-layout-flow\">\n<figure class=\"wp-block-image size-large\"><img decoding=\"async\" width=\"1024\" height=\"732\" class=\"wp-image-4264\" src=\"https:\/\/stolavsleden.com\/wp-content\/uploads\/2020\/05\/Pilgrimsstafett_Etapp3-1024x732.png\" alt=\"\" srcset=\"https:\/\/stolavsleden.com\/wp-content\/uploads\/2020\/05\/Pilgrimsstafett_Etapp3-1024x732.png 1024w, https:\/\/stolavsleden.com\/wp-content\/uploads\/2020\/05\/Pilgrimsstafett_Etapp3-768x549.png 768w, https:\/\/stolavsleden.com\/wp-content\/uploads\/2020\/05\/Pilgrimsstafett_Etapp3-1536x1098.png 1536w, https:\/\/stolavsleden.com\/wp-content\/uploads\/2020\/05\/Pilgrimsstafett_Etapp3-2048x1465.png 2048w\" sizes=\"(max-width: 1024px) 100vw, 1024px\" \/><\/figure>\n\n<h4 class=\"has-text-align-center wp-block-heading\">Riksgr\u00e4nsen &#8211; Trondheim<\/h4>\n\n<div class=\"wp-block-buttons aligncenter is-layout-flex wp-block-buttons-is-layout-flex\">\n<div class=\"wp-block-button\"><a class=\"wp-block-button__link has-text-color has-very-light-gray-color has-background has-vivid-red-background-color no-border-radius\" href=\"https:\/\/forms.gle\/YVc8WiuM2wYf2uQx9\" target=\"_blank\" rel=\"https:\/\/docs.google.com\/forms\/d\/e\/1FAIpQLSepwEd9Gg5AihaUgL5JvhU3O5uEJHq14iSmWkxDmoHvY0xh7Q\/viewform noopener noreferrer\">ANM\u00c4LAN<\/a><\/div>\n<\/div>\n<\/div>\n<\/div>\n\n<div class=\"wp-block-spacer\" style=\"height: 100px;\" aria-hidden=\"true\">\u00a0<\/div>\n\n<h3 class=\"wp-block-heading\">Sundsvall &#8211; \u00d6stersund<\/h3>\n\n<h4 class=\"wp-block-heading\">20 juni &#8211; 5 juli<\/h4>\n\n<div class=\"wp-block-columns is-layout-flex wp-container-core-columns-is-layout-9d6595d7 wp-block-columns-is-layout-flex\">\n<div class=\"wp-block-column is-layout-flow wp-block-column-is-layout-flow\" style=\"flex-basis: 66.66%;\">\n<figure class=\"wp-block-table is-style-stripes\">\n<table>\n<tbody>\n<tr>\n<td><strong>DATUM<\/strong><\/td>\n<td><strong>START<\/strong><\/td>\n<td><strong>M\u00c5L<\/strong><\/td>\n<td><strong>L\u00c4NGD (CA.)<\/strong><\/td>\n<td class=\"has-text-align-center\" data-align=\"center\"><strong>ANTAL ANM\u00c4LDA<\/strong><\/td>\n<\/tr>\n<tr>\n<td>20 juni<\/td>\n<td>Sel\u00e5nger<\/td>\n<td>Matfors<\/td>\n<td>15 km<\/td>\n<td class=\"has-text-align-center\" data-align=\"center\">3<\/td>\n<\/tr>\n<tr>\n<td>21 juni<\/td>\n<td>Matfors<\/td>\n<td>Lob\u00f6le Kapell<\/td>\n<td>17 km<\/td>\n<td class=\"has-text-align-center\" data-align=\"center\">1<\/td>\n<\/tr>\n<tr>\n<td>22 juni<\/td>\n<td>Lob\u00f6le Kapell<\/td>\n<td>St\u00f6de<\/td>\n<td>11 km<\/td>\n<td class=\"has-text-align-center\" data-align=\"center\">1<\/td>\n<\/tr>\n<tr>\n<td>23 juni<\/td>\n<td>St\u00f6de<\/td>\n<td>Torpshammar<\/td>\n<td>17 km<\/td>\n<td class=\"has-text-align-center\" data-align=\"center\">1<\/td>\n<\/tr>\n<tr>\n<td>24 juni<\/td>\n<td>Torpshammar<\/td>\n<td>Fr\u00e4nsta<\/td>\n<td>11 km<\/td>\n<td class=\"has-text-align-center\" data-align=\"center\">1<\/td>\n<\/tr>\n<tr>\n<td>25 juni<\/td>\n<td>Fr\u00e4nsta<\/td>\n<td>Ljungaverk<\/td>\n<td>7,5 km<\/td>\n<td class=\"has-text-align-center\" data-align=\"center\">1<\/td>\n<\/tr>\n<tr>\n<td>26 juni<\/td>\n<td>Ljungaverk<\/td>\n<td>Borgsj\u00f6<\/td>\n<td>10 km<\/td>\n<td class=\"has-text-align-center\" data-align=\"center\">1<\/td>\n<\/tr>\n<tr>\n<td>27 juni<\/td>\n<td>Borgsj\u00f6<\/td>\n<td>Lomb\u00e4cken<\/td>\n<td>12 km<\/td>\n<td class=\"has-text-align-center\" data-align=\"center\">2<\/td>\n<\/tr>\n<tr>\n<td>28 juni<\/td>\n<td>Lomb\u00e4cken<\/td>\n<td>L\u00e4nsgr\u00e4nsen<\/td>\n<td>7 km<\/td>\n<td class=\"has-text-align-center\" data-align=\"center\">1<\/td>\n<\/tr>\n<tr>\n<td>29 juni<\/td>\n<td>L\u00e4nsgr\u00e4nsen<\/td>\n<td>Stora Harrsj\u00f6n<\/td>\n<td>9 km<\/td>\n<td class=\"has-text-align-center\" data-align=\"center\">1<\/td>\n<\/tr>\n<tr>\n<td>30 juni<\/td>\n<td>Stora Harrsj\u00f6n<\/td>\n<td>Br\u00e4cke<\/td>\n<td>10 km<\/td>\n<td class=\"has-text-align-center\" data-align=\"center\">2<\/td>\n<\/tr>\n<tr>\n<td>1 juli<\/td>\n<td>Br\u00e4cke<\/td>\n<td>Stavre<\/td>\n<td>11 km<\/td>\n<td class=\"has-text-align-center\" data-align=\"center\">1<\/td>\n<\/tr>\n<tr>\n<td>2 juli<\/td>\n<td>Stavre<\/td>\n<td>G\u00e4ll\u00f6<\/td>\n<td>14 km<\/td>\n<td class=\"has-text-align-center\" data-align=\"center\">1<\/td>\n<\/tr>\n<tr>\n<td>3 juli<\/td>\n<td>G\u00e4ll\u00f6<\/td>\n<td>Revsund<\/td>\n<td>8 km<\/td>\n<td class=\"has-text-align-center\" data-align=\"center\">2<\/td>\n<\/tr>\n<tr>\n<td>4 juli<\/td>\n<td>Revsund<\/td>\n<td>Pilgrimstad<\/td>\n<td>11 km<\/td>\n<td class=\"has-text-align-center\" data-align=\"center\">3<\/td>\n<\/tr>\n<tr>\n<td>5 juli<\/td>\n<td>Pilgrimstad<\/td>\n<td>Lineh\u00e4ll<\/td>\n<td>10 km<\/td>\n<td class=\"has-text-align-center\" data-align=\"center\">3<\/td>\n<\/tr>\n<\/tbody>\n<\/table>\n<\/figure>\n<\/div>\n\n<div class=\"wp-block-column is-layout-flow wp-block-column-is-layout-flow\" style=\"flex-basis: 33.33%;\">\n<figure class=\"wp-block-image size-large\"><img loading=\"lazy\" decoding=\"async\" width=\"800\" height=\"1018\" class=\"wp-image-4243\" src=\"https:\/\/stolavsleden.com\/wp-content\/uploads\/2020\/05\/stolavsleden_ME_01-1-1.jpg\" alt=\"\" srcset=\"https:\/\/stolavsleden.com\/wp-content\/uploads\/2020\/05\/stolavsleden_ME_01-1-1.jpg 800w, https:\/\/stolavsleden.com\/wp-content\/uploads\/2020\/05\/stolavsleden_ME_01-1-1-768x977.jpg 768w\" sizes=\"(max-width: 800px) 100vw, 800px\" \/><\/figure>\n<\/div>\n<\/div>\n\n<h3 class=\"wp-block-heading\">\u00d6stersund &#8211; Riksgr\u00e4nsen<\/h3>\n\n<h4 class=\"wp-block-heading\">6 &#8211; 24 juli<\/h4>\n\n<div class=\"wp-block-columns is-layout-flex wp-container-core-columns-is-layout-9d6595d7 wp-block-columns-is-layout-flex\">\n<div class=\"wp-block-column is-layout-flow wp-block-column-is-layout-flow\" style=\"flex-basis: 66.66%;\">\n<figure class=\"wp-block-table is-style-stripes\">\n<table>\n<tbody>\n<tr>\n<td><strong>DATUM<\/strong><\/td>\n<td><strong>START<\/strong><\/td>\n<td><strong>M\u00c5L<\/strong><\/td>\n<td><strong>L\u00c4NGD (CA.)<\/strong><\/td>\n<td class=\"has-text-align-center\" data-align=\"center\"><strong>ANTAL ANM\u00c4LDA<\/strong><\/td>\n<\/tr>\n<tr>\n<td>6 juli<\/td>\n<td>Lineh\u00e4ll<\/td>\n<td>Brunflo<\/td>\n<td>12 km<\/td>\n<td class=\"has-text-align-center\" data-align=\"center\">1<\/td>\n<\/tr>\n<tr>\n<td>7 juli<\/td>\n<td>Brunflo<\/td>\n<td>\u00d6stersund<\/td>\n<td>14 km<\/td>\n<td class=\"has-text-align-center\" data-align=\"center\">1<\/td>\n<\/tr>\n<tr>\n<td>8 juli<\/td>\n<td>\u00d6stersund<\/td>\n<td>Fr\u00f6s\u00f6 Park<\/td>\n<td>11 km<\/td>\n<td class=\"has-text-align-center\" data-align=\"center\">2<\/td>\n<\/tr>\n<tr>\n<td>9 juli<\/td>\n<td>Fr\u00f6s\u00f6 Park<\/td>\n<td>R\u00f6d\u00f6n<\/td>\n<td>9 km<\/td>\n<td class=\"has-text-align-center\" data-align=\"center\">2<\/td>\n<\/tr>\n<tr>\n<td>10 juli<\/td>\n<td>R\u00f6d\u00f6n<\/td>\n<td>N\u00e4skott<\/td>\n<td>14 km<\/td>\n<td class=\"has-text-align-center\" data-align=\"center\">2<\/td>\n<\/tr>\n<tr>\n<td>11 juli<\/td>\n<td>N\u00e4skott<\/td>\n<td>Vaplan<\/td>\n<td>7 km<\/td>\n<td class=\"has-text-align-center\" data-align=\"center\">4<\/td>\n<\/tr>\n<tr>\n<td>12 juli<\/td>\n<td>Vaplan<\/td>\n<td>Gl\u00f6sa<\/td>\n<td>12 km<\/td>\n<td class=\"has-text-align-center\" data-align=\"center\">3<\/td>\n<\/tr>\n<tr>\n<td>13 juli<\/td>\n<td>Gl\u00f6sa<\/td>\n<td>H\u00e4lleberg<\/td>\n<td>11 km<\/td>\n<td class=\"has-text-align-center\" data-align=\"center\">2<\/td>\n<\/tr>\n<tr>\n<td>14 juli<\/td>\n<td>H\u00e4lleberg<\/td>\n<td>Bleck\u00e5sen<\/td>\n<td>7 km<\/td>\n<td class=\"has-text-align-center\" data-align=\"center\">2<\/td>\n<\/tr>\n<tr>\n<td>15 juli<\/td>\n<td>Bleck\u00e5sen<\/td>\n<td>M\u00f6rsil<\/td>\n<td>13 km<\/td>\n<td class=\"has-text-align-center\" data-align=\"center\">1<\/td>\n<\/tr>\n<tr>\n<td>16 juli<\/td>\n<td>M\u00f6rsil<\/td>\n<td>J\u00e4rpen<\/td>\n<td>13 km<\/td>\n<td class=\"has-text-align-center\" data-align=\"center\">2<\/td>\n<\/tr>\n<tr>\n<td>17 juli<\/td>\n<td>J\u00e4rpen<\/td>\n<td>Unders\u00e5ker<\/td>\n<td>12 km<\/td>\n<td class=\"has-text-align-center\" data-align=\"center\">3<\/td>\n<\/tr>\n<tr>\n<td>18 juli<\/td>\n<td>Unders\u00e5ker<\/td>\n<td>Bj\u00f6rn\u00e4nge<\/td>\n<td>13 km<\/td>\n<td class=\"has-text-align-center\" data-align=\"center\">2<\/td>\n<\/tr>\n<tr>\n<td>19 juli<\/td>\n<td>Bj\u00f6rn\u00e4nge<\/td>\n<td>Duved<\/td>\n<td>11 km<\/td>\n<td class=\"has-text-align-center\" data-align=\"center\">2<\/td>\n<\/tr>\n<tr>\n<td>20 juli<\/td>\n<td>Duved<\/td>\n<td>T\u00e4nnforsen<\/td>\n<td>12 km<\/td>\n<td class=\"has-text-align-center\" data-align=\"center\">1<\/td>\n<\/tr>\n<tr>\n<td>21 juli<\/td>\n<td>T\u00e4nnforsen<\/td>\n<td>Stalltj\u00e4rnstugan<\/td>\n<td>11 km<\/td>\n<td class=\"has-text-align-center\" data-align=\"center\">2<\/td>\n<\/tr>\n<tr>\n<td>22 juli<\/td>\n<td>Stalltj\u00e4rnstugan<\/td>\n<td>Medstugan<\/td>\n<td>11 km<\/td>\n<td class=\"has-text-align-center\" data-align=\"center\">1<\/td>\n<\/tr>\n<tr>\n<td>23 juli<\/td>\n<td>Medstugan<\/td>\n<td>Gamla v\u00e4gen<\/td>\n<td>11 km<\/td>\n<td class=\"has-text-align-center\" data-align=\"center\">2<\/td>\n<\/tr>\n<tr>\n<td>24 juli<\/td>\n<td>Gamla v\u00e4gen<\/td>\n<td>Riksgr\u00e4nsen<\/td>\n<td>7 km<\/td>\n<td class=\"has-text-align-center\" data-align=\"center\">1<\/td>\n<\/tr>\n<\/tbody>\n<\/table>\n<\/figure>\n<\/div>\n\n<div class=\"wp-block-column is-layout-flow wp-block-column-is-layout-flow\" style=\"flex-basis: 33.33%;\">\n<figure class=\"wp-block-image size-large\"><img loading=\"lazy\" decoding=\"async\" width=\"800\" height=\"1018\" class=\"wp-image-4247\" src=\"https:\/\/stolavsleden.com\/wp-content\/uploads\/2020\/05\/stolavsleden_HW_2383.jpg\" alt=\"\" srcset=\"https:\/\/stolavsleden.com\/wp-content\/uploads\/2020\/05\/stolavsleden_HW_2383.jpg 800w, https:\/\/stolavsleden.com\/wp-content\/uploads\/2020\/05\/stolavsleden_HW_2383-768x977.jpg 768w\" sizes=\"(max-width: 800px) 100vw, 800px\" \/><\/figure>\n<\/div>\n<\/div>\n\n<h3 class=\"wp-block-heading\">Riksgr\u00e4nsen &#8211; Trondheim<\/h3>\n\n<h4 class=\"wp-block-heading\">25 juli &#8211; 8 augusti<\/h4>\n\n<div class=\"wp-block-columns is-layout-flex wp-container-core-columns-is-layout-9d6595d7 wp-block-columns-is-layout-flex\">\n<div class=\"wp-block-column is-layout-flow wp-block-column-is-layout-flow\" style=\"flex-basis: 66.66%;\">\n<figure class=\"wp-block-table is-style-stripes\">\n<table>\n<tbody>\n<tr>\n<td><strong>DATUM<\/strong><\/td>\n<td><strong>START<\/strong><\/td>\n<td><strong>M\u00c5L<\/strong><\/td>\n<td><strong>L\u00c4NGD (CA.)<\/strong><\/td>\n<td><strong>ANTAL ANM\u00c4LDA<\/strong><\/td>\n<\/tr>\n<tr>\n<td>25 juli<\/td>\n<td>Riksgr\u00e4nsen<\/td>\n<td>Karl-Johans klev<\/td>\n<td>12 km<\/td>\n<td>1<\/td>\n<\/tr>\n<tr>\n<td>26 juli<\/td>\n<td>Karl-Johans klev<\/td>\n<td>Garnes<\/td>\n<td>9 km<\/td>\n<td>2<\/td>\n<\/tr>\n<tr>\n<td>27 juli<\/td>\n<td>Garnes<\/td>\n<td>Vuku<\/td>\n<td>11 km<\/td>\n<td>1<\/td>\n<\/tr>\n<tr>\n<td>28 juli<\/td>\n<td>Vuku<\/td>\n<td>Stiklestad<\/td>\n<td>12 km<\/td>\n<td>\u00a0<\/td>\n<\/tr>\n<tr>\n<td>29 juli<\/td>\n<td>Stiklestad<\/td>\n<td>Bron \u00f6ver Rinnelva<\/td>\n<td>10 km<\/td>\n<td>1<\/td>\n<\/tr>\n<tr>\n<td>30 juli<\/td>\n<td>Bron \u00f6ver Rinnelva<\/td>\n<td>Munkeby<\/td>\n<td>10 km<\/td>\n<td>3<\/td>\n<\/tr>\n<tr>\n<td>31 juli<\/td>\n<td>Munkeby<\/td>\n<td>Tomtvasslia<\/td>\n<td>12 km<\/td>\n<td>1<\/td>\n<\/tr>\n<tr>\n<td>1 augusti<\/td>\n<td>Tomtvasslia<\/td>\n<td>Markabygda<\/td>\n<td>8 km<\/td>\n<td>1<\/td>\n<\/tr>\n<tr>\n<td>2 augusti<\/td>\n<td>Markabygda<\/td>\n<td>Bulandsvatnet<\/td>\n<td>12 km<\/td>\n<td>\u00a0<\/td>\n<\/tr>\n<tr>\n<td>3 augusti<\/td>\n<td>Bulandsvatnet<\/td>\n<td>Bor\u00e5s<\/td>\n<td>8 km<\/td>\n<td>\u00a0<\/td>\n<\/tr>\n<tr>\n<td>4 augusti<\/td>\n<td>Bor\u00e5s<\/td>\n<td>Hofstadhyllan<\/td>\n<td>10 km<\/td>\n<td>\u00a0<\/td>\n<\/tr>\n<tr>\n<td>5 augusti<\/td>\n<td>Hofstadhyllan (Monaplassen)<\/td>\n<td>L\u00e5nke<\/td>\n<td>10 km<\/td>\n<td>2<\/td>\n<\/tr>\n<tr>\n<td>6 augusti<\/td>\n<td>L\u00e5nke<\/td>\n<td>Folden<\/td>\n<td>14 km<\/td>\n<td>\u00a0<\/td>\n<\/tr>\n<tr>\n<td>7 augusti<\/td>\n<td>Folden<\/td>\n<td>Vikhammer<\/td>\n<td>13 km<\/td>\n<td>\u00a0<\/td>\n<\/tr>\n<tr>\n<td>8 augusti<\/td>\n<td>Vikhammer<\/td>\n<td>Nidaors<\/td>\n<td>13 km<\/td>\n<td>1<\/td>\n<\/tr>\n<\/tbody>\n<\/table>\n<\/figure>\n<\/div>\n\n<div class=\"wp-block-column is-layout-flow wp-block-column-is-layout-flow\" style=\"flex-basis: 33.33%;\">\n<figure class=\"wp-block-image size-large\"><img loading=\"lazy\" decoding=\"async\" width=\"800\" height=\"1018\" class=\"wp-image-4250\" src=\"https:\/\/stolavsleden.com\/wp-content\/uploads\/2020\/05\/stolavsleden_HW_1417.jpg\" alt=\"\" srcset=\"https:\/\/stolavsleden.com\/wp-content\/uploads\/2020\/05\/stolavsleden_HW_1417.jpg 800w, https:\/\/stolavsleden.com\/wp-content\/uploads\/2020\/05\/stolavsleden_HW_1417-768x977.jpg 768w\" sizes=\"(max-width: 800px) 100vw, 800px\" \/><\/figure>\n<\/div>\n<\/div>\n\n<p>\u00a0<\/p>\n\t\t\t\t\t\t\t\t<\/div>\n\t\t\t\t<\/div>\n\t\t\t\t\t<\/div>\n\t\t<\/div>\n\t\t\t\t\t<\/div>\n\t\t<\/section>\n\t\t\t\t<\/div>\n\t\t","protected":false},"excerpt":{"rendered":"<p>Mellan den 20 juni och 8 augusti sker vandringen fr\u00e5n Sel\u00e5nger utanf\u00f6r Sundsvall till Trondheim och Nidarosdomen. Vilken str\u00e4cka g\u00e5r du? Vi har delat upp leden i 50 etapper i varierande l\u00e4ngd och terr\u00e4ng. Se datum och l\u00e4ngd f\u00f6r respektive etapp i tabellen nedan och anm\u00e4l dig i formul\u00e4ret, via knapparna. En person tilldelas varje [&hellip;]<\/p>\n","protected":false},"author":4,"featured_media":4253,"parent":0,"menu_order":0,"comment_status":"closed","ping_status":"closed","template":"","meta":{"_acf_changed":false,"footnotes":""},"class_list":["post-4192","page","type-page","status-publish","has-post-thumbnail","hentry"],"acf":[],"_links":{"self":[{"href":"https:\/\/stolavsleden.com\/sv\/wp-json\/wp\/v2\/pages\/4192","targetHints":{"allow":["GET"]}}],"collection":[{"href":"https:\/\/stolavsleden.com\/sv\/wp-json\/wp\/v2\/pages"}],"about":[{"href":"https:\/\/stolavsleden.com\/sv\/wp-json\/wp\/v2\/types\/page"}],"author":[{"embeddable":true,"href":"https:\/\/stolavsleden.com\/sv\/wp-json\/wp\/v2\/users\/4"}],"replies":[{"embeddable":true,"href":"https:\/\/stolavsleden.com\/sv\/wp-json\/wp\/v2\/comments?post=4192"}],"version-history":[{"count":3,"href":"https:\/\/stolavsleden.com\/sv\/wp-json\/wp\/v2\/pages\/4192\/revisions"}],"predecessor-version":[{"id":4743,"href":"https:\/\/stolavsleden.com\/sv\/wp-json\/wp\/v2\/pages\/4192\/revisions\/4743"}],"wp:featuredmedia":[{"embeddable":true,"href":"https:\/\/stolavsleden.com\/sv\/wp-json\/wp\/v2\/media\/4253"}],"wp:attachment":[{"href":"https:\/\/stolavsleden.com\/sv\/wp-json\/wp\/v2\/media?parent=4192"}],"curies":[{"name":"wp","href":"https:\/\/api.w.org\/{rel}","templated":true}]}}