{"id":3961,"date":"2020-04-22T11:15:01","date_gmt":"2020-04-22T09:15:01","guid":{"rendered":"https:\/\/stolavsleden.se\/music\/"},"modified":"2021-10-15T09:06:18","modified_gmt":"2021-10-15T07:06:18","slug":"musik","status":"publish","type":"page","link":"https:\/\/stolavsleden.com\/sv\/musik\/","title":{"rendered":"S:t Olavsleden soundtrack"},"content":{"rendered":"\n<div class=\"wp-block-columns are-vertically-aligned-center is-layout-flex wp-container-core-columns-is-layout-9d6595d7 wp-block-columns-is-layout-flex\">\n<div class=\"wp-block-column is-vertically-aligned-center is-layout-flow wp-block-column-is-layout-flow\"><\/div>\n\n\n\n<div class=\"wp-block-column is-vertically-aligned-center is-layout-flow wp-block-column-is-layout-flow\">\n<div class=\"wp-block-buttons is-content-justification-center is-layout-flex wp-block-buttons-is-layout-flex\">\n<div class=\"wp-block-button\"><a class=\"wp-block-button__link has-very-light-gray-color has-text-color has-background no-border-radius\" href=\"https:\/\/soundcloud.com\/user-498229182\" style=\"background-color:#d23833\" target=\"_blank\" rel=\"https:\/\/soundcloud.com\/user-498229182\/ljus-en-dag noopener noreferrer\">Lyssna h\u00e4r<\/a><\/div>\n<\/div>\n<\/div>\n\n\n\n<div class=\"wp-block-column is-vertically-aligned-center is-layout-flow wp-block-column-is-layout-flow\"><\/div>\n<\/div>\n\n<p>I det inspelade soundtracket, inkluderas \u00e4ven naturljud, vallmusik, kulning och lockrop. Ett s\u00e5ngs\u00e4tt som utvecklats i Sverige och Norge sedan j\u00e4rn\u00e5ldern f\u00f6r att med r\u00f6sten kunna locka hem den fritt betande tamboskapen. Nordisk vallmusik \u00e4r en viktig grund b\u00e5de f\u00f6r gregoriansk musik och den profana folkmusiken.<\/p>\n\n<h2 class=\"wp-block-heading\">Musiker<\/h2>\n\n<div class=\"wp-block-columns is-layout-flex wp-container-core-columns-is-layout-9d6595d7 wp-block-columns-is-layout-flex\">\n<div class=\"wp-block-column is-layout-flow wp-block-column-is-layout-flow\">\n<figure class=\"wp-block-image size-full\"><img fetchpriority=\"high\" decoding=\"async\" width=\"899\" height=\"1348\" src=\"https:\/\/stolavsleden.com\/wp-content\/uploads\/2020\/04\/GoranMansson-web.jpg\" alt=\"\" class=\"wp-image-3951\" srcset=\"https:\/\/stolavsleden.com\/wp-content\/uploads\/2020\/04\/GoranMansson-web.jpg 899w, https:\/\/stolavsleden.com\/wp-content\/uploads\/2020\/04\/GoranMansson-web-683x1024.jpg 683w, https:\/\/stolavsleden.com\/wp-content\/uploads\/2020\/04\/GoranMansson-web-768x1152.jpg 768w\" sizes=\"(max-width: 899px) 100vw, 899px\" \/><figcaption>G\u00f6ran M\u00e5nsson<\/figcaption><\/figure>\n\n\n\n<p><\/p>\n<\/div>\n\n\n\n<div class=\"wp-block-column is-layout-flow wp-block-column-is-layout-flow\">\n<figure class=\"wp-block-image size-full\"><img decoding=\"async\" width=\"899\" height=\"1348\" src=\"https:\/\/stolavsleden.com\/wp-content\/uploads\/2020\/04\/Ulrika-Bodn-2-web.jpg\" alt=\"\" class=\"wp-image-3955\" srcset=\"https:\/\/stolavsleden.com\/wp-content\/uploads\/2020\/04\/Ulrika-Bodn-2-web.jpg 899w, https:\/\/stolavsleden.com\/wp-content\/uploads\/2020\/04\/Ulrika-Bodn-2-web-683x1024.jpg 683w, https:\/\/stolavsleden.com\/wp-content\/uploads\/2020\/04\/Ulrika-Bodn-2-web-768x1152.jpg 768w\" sizes=\"(max-width: 899px) 100vw, 899px\" \/><figcaption>Ulrika Bod\u00e9n<\/figcaption><\/figure>\n\n\n\n<p><\/p>\n<\/div>\n\n\n\n<div class=\"wp-block-column is-layout-flow wp-block-column-is-layout-flow\">\n<figure class=\"wp-block-image size-full\"><img decoding=\"async\" width=\"899\" height=\"1348\" src=\"https:\/\/stolavsleden.com\/wp-content\/uploads\/2020\/04\/Niklas-Roswall-web.jpg\" alt=\"\" class=\"wp-image-3953\" srcset=\"https:\/\/stolavsleden.com\/wp-content\/uploads\/2020\/04\/Niklas-Roswall-web.jpg 899w, https:\/\/stolavsleden.com\/wp-content\/uploads\/2020\/04\/Niklas-Roswall-web-683x1024.jpg 683w, https:\/\/stolavsleden.com\/wp-content\/uploads\/2020\/04\/Niklas-Roswall-web-768x1152.jpg 768w\" sizes=\"(max-width: 899px) 100vw, 899px\" \/><figcaption>Niklas Roswall<\/figcaption><\/figure>\n\n\n\n<p><\/p>\n<\/div>\n<\/div>\n","protected":false},"excerpt":{"rendered":"<p>I det inspelade soundtracket, inkluderas \u00e4ven naturljud, vallmusik, kulning och lockrop. Ett s\u00e5ngs\u00e4tt som utvecklats i Sverige och Norge sedan j\u00e4rn\u00e5ldern f\u00f6r att med r\u00f6sten kunna locka hem den fritt betande tamboskapen. Nordisk vallmusik \u00e4r en viktig grund b\u00e5de f\u00f6r gregoriansk musik och den profana folkmusiken. Musiker<\/p>\n","protected":false},"author":3,"featured_media":3943,"parent":0,"menu_order":0,"comment_status":"closed","ping_status":"closed","template":"","meta":{"_acf_changed":false,"footnotes":""},"class_list":["post-3961","page","type-page","status-publish","has-post-thumbnail","hentry"],"acf":[],"_links":{"self":[{"href":"https:\/\/stolavsleden.com\/sv\/wp-json\/wp\/v2\/pages\/3961","targetHints":{"allow":["GET"]}}],"collection":[{"href":"https:\/\/stolavsleden.com\/sv\/wp-json\/wp\/v2\/pages"}],"about":[{"href":"https:\/\/stolavsleden.com\/sv\/wp-json\/wp\/v2\/types\/page"}],"author":[{"embeddable":true,"href":"https:\/\/stolavsleden.com\/sv\/wp-json\/wp\/v2\/users\/3"}],"replies":[{"embeddable":true,"href":"https:\/\/stolavsleden.com\/sv\/wp-json\/wp\/v2\/comments?post=3961"}],"version-history":[{"count":3,"href":"https:\/\/stolavsleden.com\/sv\/wp-json\/wp\/v2\/pages\/3961\/revisions"}],"predecessor-version":[{"id":6949,"href":"https:\/\/stolavsleden.com\/sv\/wp-json\/wp\/v2\/pages\/3961\/revisions\/6949"}],"wp:featuredmedia":[{"embeddable":true,"href":"https:\/\/stolavsleden.com\/sv\/wp-json\/wp\/v2\/media\/3943"}],"wp:attachment":[{"href":"https:\/\/stolavsleden.com\/sv\/wp-json\/wp\/v2\/media?parent=3961"}],"curies":[{"name":"wp","href":"https:\/\/api.w.org\/{rel}","templated":true}]}}