{"id":2443,"date":"2020-03-25T14:23:25","date_gmt":"2020-03-25T13:23:25","guid":{"rendered":"https:\/\/stolavsleden.se\/?page_id=2443"},"modified":"2025-07-10T09:04:07","modified_gmt":"2025-07-10T07:04:07","slug":"pilgrimsfarden","status":"publish","type":"page","link":"https:\/\/stolavsleden.com\/sv\/pilgrimsfarden\/","title":{"rendered":"Pilgrimsf\u00e4rden"},"content":{"rendered":"\n<h2 class=\"wp-block-heading\">Historik<\/h2>\n\n\n\n<div class=\"wp-block-columns is-layout-flex wp-container-core-columns-is-layout-9d6595d7 wp-block-columns-is-layout-flex\">\n<div class=\"wp-block-column is-layout-flow wp-block-column-is-layout-flow\">\n<p>Pilgrimspass och pilgrimsst\u00e4mplar har en l\u00e5ng historia inom den kristna pilgrimstraditionen.<\/p>\n\n\n\n<p>D\u00e5tidens pilgrimer hade ofta ett pilgrimspass d\u00e4r pr\u00e4sten intygade att innehavaren var en sann pilgrim. Att visa passet gjorde det \u00e4ven l\u00e4ttare att f\u00e5 husrum f\u00f6r natten. Det handlade f\u00f6rr om att med pilgrimspasset i handen fritt kunna vandra genom Europa utan att bli stoppad av regler och gr\u00e4nser. Det handlade ocks\u00e5 om att med st\u00e4mplarnas hj\u00e4lp kunna redovisa de pilgrimsvandringar som var mer av en botg\u00f6rningsvandring.<\/p>\n<\/div>\n\n\n\n<div class=\"wp-block-column is-layout-flow wp-block-column-is-layout-flow\">\n<p><strong>\u00c4ven idag<\/strong>&nbsp;finns pilgrimspass, och precis som f\u00f6rr blir det en dokumentation \u00f6ver din vandring. I passet finns plats f\u00f6r st\u00e4mplar som du samlar under vandringen. I dag \u00e4r passen och st\u00e4mplarna mer en fin symbol och ett trevligt reseminne \u2013&nbsp;men kanske framf\u00f6rallt ett s\u00e4tt att kunna redovisa att man minst g\u00e5tt de sista 10 milen \u2013&nbsp;eller cyklat\/ridit de sista 20 milen till Trondheim. D\u00e5 erh\u00e5ller man sitt diplom, Olavsbrevet. Det h\u00e4mtar du ut p\u00e5&nbsp;<a href=\"https:\/\/pilegrimsleden.no\/regionale-pilegrimssenter\/nidaros-pilegrimsgard\" target=\"_blank\" rel=\"noreferrer noopener\">Pilegrimsg\u00e5rden<\/a>&nbsp;alldeles i anslutning till Nidarosdomen i Trondheim.&nbsp;\u00c4ven i dagens pilgrimspass kan en pr\u00e4st skriva sitt namn och ge v\u00e4lsignelse inf\u00f6r vandringen.<\/p>\n<\/div>\n\n\n\n<div class=\"wp-block-column is-layout-flow wp-block-column-is-layout-flow\">\n<p><em>R\u00e4ttelse i guideboken:&nbsp;<\/em>\nI&nbsp;guideboken&nbsp;<em><a href=\"https:\/\/stolavsledenshop.se\/bocker\/gudiebok-pa-svenska\" target=\"_blank\" rel=\"noreferrer noopener\">S:t Olavsleden \u2013 pilgrimsf\u00e4rd fr\u00e5n hav till hav, en guide<\/a>&nbsp;<\/em>st\u00e5r det att du kan g\u00e5 10 mil l\u00e4ngs valfri del av leden f\u00f6r att f\u00e5 diplomet. Det st\u00e4mmer inte. Du m\u00e5ste g\u00e5 minst 10 av de sista milen mot Nidaros&nbsp;f\u00f6r att f\u00e5 ett diplom. Vi beklagar eventuella missf\u00f6rst\u00e5nd&nbsp;i och med detta.<\/p>\n<\/div>\n<\/div>\n\n\n\n<div class=\"wp-block-columns is-layout-flex wp-container-core-columns-is-layout-9d6595d7 wp-block-columns-is-layout-flex\">\n<div class=\"wp-block-column is-layout-flow wp-block-column-is-layout-flow\">\n<h2 class=\"wp-block-heading\">Pilgrimspass<\/h2>\n\n\n\n<figure class=\"wp-block-image size-full\"><img fetchpriority=\"high\" decoding=\"async\" width=\"1200\" height=\"675\" src=\"https:\/\/stolavsleden.com\/wp-content\/uploads\/2020\/03\/header_St.Olavsleden_service-1.jpg\" alt=\"\" class=\"wp-image-2417\" srcset=\"https:\/\/stolavsleden.com\/wp-content\/uploads\/2020\/03\/header_St.Olavsleden_service-1.jpg 1200w, https:\/\/stolavsleden.com\/wp-content\/uploads\/2020\/03\/header_St.Olavsleden_service-1-300x169.jpg 300w, https:\/\/stolavsleden.com\/wp-content\/uploads\/2020\/03\/header_St.Olavsleden_service-1-1024x576.jpg 1024w, https:\/\/stolavsleden.com\/wp-content\/uploads\/2020\/03\/header_St.Olavsleden_service-1-768x432.jpg 768w\" sizes=\"(max-width: 1200px) 100vw, 1200px\" \/><\/figure>\n\n\n\n<p>Pilgrimspass f\u00f6r S:t Olavsleden kan du k\u00f6pa f\u00f6r en symbolisk summa p\u00e5 alla\u00a0<a href=\"https:\/\/stolavsleden.com\/sv\/service\/\">turistbyr\u00e5er<\/a>\u00a0(observera deras \u00f6ppettider) l\u00e4ngs leden samt p\u00e5\u00a0<a href=\"https:\/\/www.stiklestadpilgrimcenter.org\/\" target=\"_blank\" rel=\"noreferrer noopener\">Stiklestads Pilgrimscenter<\/a>,<a href=\"https:\/\/www.nordicchoicehotels.se\/hotell\/sverige\/sundsvall\/quality-hotel-sundsvall\/\" target=\"_blank\" rel=\"noreferrer noopener\">\u00a0<\/a>och\u00a0<a href=\"http:\/\/pilegrimsgarden.pilegrimsleden.no\/\" target=\"_blank\" rel=\"noreferrer noopener\">Nidaros Pilegrimsg\u00e5rd i Trondheim.<\/a>\u00a0Det finns \u00e4ven Pilgrimspass i \u00c5re gamla kyrka och Duveds kyrka, som b\u00e5da har \u00f6ppet 08.00-20.00 alla dagar. Pilgrimspass finns ocks\u00e5 p\u00e5 flera av boendeanl\u00e4ggningarna. Det g\u00e5r ocks\u00e5 att best\u00e4lla ett pilgrimspass i <a href=\"https:\/\/northernpilgrimshop.com\/produkt\/st-olav-way-pilgrim-passport\/\" target=\"_blank\" rel=\"noreferrer noopener\">Northern Pilgrim Shop.<\/a><\/p>\n<\/div>\n\n\n\n<div class=\"wp-block-column is-layout-flow wp-block-column-is-layout-flow\">\n<h2 class=\"wp-block-heading\">St\u00e4mplar<\/h2>\n\n\n\n<figure class=\"wp-block-image size-full\"><img decoding=\"async\" src=\"https:\/\/stolavsleden.com\/wp-content\/uploads\/2020\/03\/St.-Olavsleden_Pilgrim_Stamps-1.jpg\" alt=\"\" class=\"wp-image-2751\"\/><\/figure>\n\n\n\n<p>St\u00e4mplarna informerar om platsen du har passerat och kan se ut p\u00e5 olika s\u00e4tt. De finns vid boendest\u00e4llen, kyrkor och andra st\u00e4llen efter leden och det r\u00e4cker med cirka tv\u00e5 st\u00e4mplar per dag, s\u00e5 fr\u00e5ga p\u00e5 de platser d\u00e4r du \u00f6vernattar eller kanske den livsmedelsaff\u00e4r eller restaurang du passerar l\u00e4ngs din vandring om de har en st\u00e4mpel. P\u00e5 flera platser utan bemanning ligger st\u00e4mpeln i r\u00f6da postl\u00e5dor eller sm\u00e5 tr\u00e4sk\u00e5p.<\/p>\n<\/div>\n\n\n\n<div class=\"wp-block-column is-layout-flow wp-block-column-is-layout-flow\">\n<h2 class=\"wp-block-heading\">Diplom<\/h2>\n\n\n\n<figure class=\"wp-block-image size-full\"><img decoding=\"async\" width=\"1920\" height=\"1080\" src=\"https:\/\/stolavsleden.com\/wp-content\/uploads\/2020\/03\/St.-Olavsleden_Pilgrim_Diploma.jpg\" alt=\"\" class=\"wp-image-2747\" srcset=\"https:\/\/stolavsleden.com\/wp-content\/uploads\/2020\/03\/St.-Olavsleden_Pilgrim_Diploma.jpg 1920w, https:\/\/stolavsleden.com\/wp-content\/uploads\/2020\/03\/St.-Olavsleden_Pilgrim_Diploma-300x169.jpg 300w, https:\/\/stolavsleden.com\/wp-content\/uploads\/2020\/03\/St.-Olavsleden_Pilgrim_Diploma-1024x576.jpg 1024w, https:\/\/stolavsleden.com\/wp-content\/uploads\/2020\/03\/St.-Olavsleden_Pilgrim_Diploma-768x432.jpg 768w, https:\/\/stolavsleden.com\/wp-content\/uploads\/2020\/03\/St.-Olavsleden_Pilgrim_Diploma-1536x864.jpg 1536w\" sizes=\"(max-width: 1920px) 100vw, 1920px\" \/><\/figure>\n\n\n\n<p>Olavsbrevet \u00e4r fr\u00e5n samma tid som de gamla europeiska pilgrimsdokumenten. Illustrationerna \u00e4r h\u00e4mtade fr\u00e5n Hedalsskrinet (1250) och visar S:t Olav och pilgrimsaposteln S:t Jakob, i spanska Santiago. S:t Jakob \u00e4r den universella pilgrimen. Han finns bland annat som skulptur p\u00e5 Nidarosdomen med sin typiska vandringsutrustning; hatt, stav, v\u00e4ska och pilgrimsmussla. \nOlavsbrevet har ocks\u00e5 en enkel karta \u00f6ver andra pilgrimsleder. Detta f\u00f6r att visa att Nidaros \u00e4r m\u00e5let f\u00f6r fler leder, precis som Santiago de Compostela.<\/p>\n<\/div>\n<\/div>\n\n\n\n<div class=\"wp-block-columns is-layout-flex wp-container-core-columns-is-layout-9d6595d7 wp-block-columns-is-layout-flex\">\n<div class=\"wp-block-column is-vertically-aligned-center is-layout-flow wp-block-column-is-layout-flow\" style=\"flex-basis:33.33%\">\n<h2 class=\"wp-block-heading\">20% rabatt p\u00e5 Jamtli i \u00d6stersund<\/h2>\n\n\n\n<p>Vid uppvisande av pilgrimspasset har du&nbsp;20% rabatt p\u00e5 entr\u00e9n till Jamtli Historieland och Museet i \u00d6stersund. \u00d6verhogdalsbonaderna \u00e4r museets riktigt stora klenod. De \u00e4r textila v\u00e4vnader \u2013 fr\u00e5n den sp\u00e4nnande brytningstiden mellan hednisk och kristen tid! De l\u00e5nga v\u00e5derna \u00e4r t\u00e4ckta av figurer: m\u00e4nniskor, h\u00e4star och olika typer av mytiska sagodjur. I l\u00e5nga rader spr\u00e4nger de fram, f\u00f6rbi tr\u00e4d, hus, kyrkor och skepp.\n\nDet g\u00e5r ocks\u00e5 att k\u00f6pa pilgrimspasset p\u00e5&nbsp;plats. L\u00e4s mer om Jamtli p\u00e5&nbsp;<a href=\"https:\/\/www.jamtli.com\/\" target=\"_blank\" rel=\"noreferrer noopener\">jamtli.com<\/a><\/p>\n<\/div>\n\n\n\n<div class=\"wp-block-column is-vertically-aligned-center is-layout-flow wp-block-column-is-layout-flow\" style=\"flex-basis:66.66%\">\n<figure class=\"wp-block-image size-large\"><img decoding=\"async\" width=\"1024\" height=\"387\" src=\"https:\/\/stolavsleden.com\/wp-content\/uploads\/2020\/04\/St.-Olavsleden_Pilgrimsfa\u0308rden_Jamtli-1024x387.jpg\" alt=\"\" class=\"wp-image-3026\" srcset=\"https:\/\/stolavsleden.com\/wp-content\/uploads\/2020\/04\/St.-Olavsleden_Pilgrimsfa\u0308rden_Jamtli-1024x387.jpg 1024w, https:\/\/stolavsleden.com\/wp-content\/uploads\/2020\/04\/St.-Olavsleden_Pilgrimsfa\u0308rden_Jamtli-300x113.jpg 300w, https:\/\/stolavsleden.com\/wp-content\/uploads\/2020\/04\/St.-Olavsleden_Pilgrimsfa\u0308rden_Jamtli-768x290.jpg 768w, https:\/\/stolavsleden.com\/wp-content\/uploads\/2020\/04\/St.-Olavsleden_Pilgrimsfa\u0308rden_Jamtli-1536x581.jpg 1536w, https:\/\/stolavsleden.com\/wp-content\/uploads\/2020\/04\/St.-Olavsleden_Pilgrimsfa\u0308rden_Jamtli.jpg 1584w\" sizes=\"(max-width: 1024px) 100vw, 1024px\" \/><\/figure>\n<\/div>\n<\/div>\n\n\n\n<p><\/p>\n","protected":false},"excerpt":{"rendered":"<p>Historik Pilgrimspass och pilgrimsst\u00e4mplar har en l\u00e5ng historia inom den kristna pilgrimstraditionen. D\u00e5tidens pilgrimer hade ofta ett pilgrimspass d\u00e4r pr\u00e4sten intygade att innehavaren var en sann pilgrim. Att visa passet gjorde det \u00e4ven l\u00e4ttare att f\u00e5 husrum f\u00f6r natten. Det handlade f\u00f6rr om att med pilgrimspasset i handen fritt kunna vandra genom Europa utan att [&hellip;]<\/p>\n","protected":false},"author":3,"featured_media":2417,"parent":0,"menu_order":0,"comment_status":"closed","ping_status":"closed","template":"","meta":{"_acf_changed":false,"footnotes":""},"class_list":["post-2443","page","type-page","status-publish","has-post-thumbnail","hentry"],"acf":[],"_links":{"self":[{"href":"https:\/\/stolavsleden.com\/sv\/wp-json\/wp\/v2\/pages\/2443","targetHints":{"allow":["GET"]}}],"collection":[{"href":"https:\/\/stolavsleden.com\/sv\/wp-json\/wp\/v2\/pages"}],"about":[{"href":"https:\/\/stolavsleden.com\/sv\/wp-json\/wp\/v2\/types\/page"}],"author":[{"embeddable":true,"href":"https:\/\/stolavsleden.com\/sv\/wp-json\/wp\/v2\/users\/3"}],"replies":[{"embeddable":true,"href":"https:\/\/stolavsleden.com\/sv\/wp-json\/wp\/v2\/comments?post=2443"}],"version-history":[{"count":3,"href":"https:\/\/stolavsleden.com\/sv\/wp-json\/wp\/v2\/pages\/2443\/revisions"}],"predecessor-version":[{"id":9383,"href":"https:\/\/stolavsleden.com\/sv\/wp-json\/wp\/v2\/pages\/2443\/revisions\/9383"}],"wp:featuredmedia":[{"embeddable":true,"href":"https:\/\/stolavsleden.com\/sv\/wp-json\/wp\/v2\/media\/2417"}],"wp:attachment":[{"href":"https:\/\/stolavsleden.com\/sv\/wp-json\/wp\/v2\/media?parent=2443"}],"curies":[{"name":"wp","href":"https:\/\/api.w.org\/{rel}","templated":true}]}}