{"id":2430,"date":"2020-03-16T09:08:05","date_gmt":"2020-03-16T08:08:05","guid":{"rendered":"https:\/\/stolavsleden.se\/?page_id=2430"},"modified":"2022-06-15T18:10:30","modified_gmt":"2022-06-15T16:10:30","slug":"kartor","status":"publish","type":"page","link":"https:\/\/stolavsleden.com\/sv\/kartor\/","title":{"rendered":"Kartor"},"content":{"rendered":"\t\t<div data-elementor-type=\"wp-page\" data-elementor-id=\"2430\" class=\"elementor elementor-2430 elementor-740\" data-elementor-post-type=\"page\">\n\t\t\t\t\t\t<section class=\"elementor-section elementor-top-section elementor-element elementor-element-4b658cda elementor-section-height-min-height elementor-section-items-stretch elementor-section-content-middle elementor-section-full_width elementor-section-height-default\" data-id=\"4b658cda\" data-element_type=\"section\" data-e-type=\"section\">\n\t\t\t\t\t\t<div class=\"elementor-container elementor-column-gap-no\">\n\t\t\t\t\t<div class=\"elementor-column elementor-col-100 elementor-top-column elementor-element elementor-element-4b0a2310\" data-id=\"4b0a2310\" data-element_type=\"column\" data-e-type=\"column\">\n\t\t\t<div class=\"elementor-widget-wrap elementor-element-populated\">\n\t\t\t\t\t\t<div class=\"elementor-element elementor-element-4b35bfc8 elementor-widget elementor-widget-html\" data-id=\"4b35bfc8\" data-element_type=\"widget\" data-e-type=\"widget\" data-widget_type=\"html.default\">\n\t\t\t\t<div class=\"elementor-widget-container\">\n\t\t\t\t\t<div style=\"position: relative; width: 100%; height: 0; padding-bottom: 70%\"> <div style=\"position: absolute; top: 0; left: 0; width: 100%; height: 100%;\" data-naturkartan-importance-control=\"false\" data-naturkartan-a11y-control=\"false\" data-naturkartan-scroll-zoom=\"false\" data-naturkartan-client=\"stolavsleden\" data-naturkartan-quick-categories=\"33,55,54,31,34,63,72,19,86,60,53,73,97\" data-naturkartan-query=\"guide=154\" data-naturkartan-strict=\"guide\" data-naturkartan-guide=\"154\" ><\/div> <script src=\"https:\/\/map-embed.naturkartan.se\/embed.js\" defer><\/script> <\/div>\t\t\t\t<\/div>\n\t\t\t\t<\/div>\n\t\t\t\t<section class=\"elementor-section elementor-inner-section elementor-element elementor-element-7995bfb3 elementor-section-boxed elementor-section-height-default elementor-section-height-default\" data-id=\"7995bfb3\" data-element_type=\"section\" data-e-type=\"section\">\n\t\t\t\t\t\t<div class=\"elementor-container elementor-column-gap-default\">\n\t\t\t\t\t<div class=\"elementor-column elementor-col-100 elementor-inner-column elementor-element elementor-element-7dfdd13\" data-id=\"7dfdd13\" data-element_type=\"column\" data-e-type=\"column\">\n\t\t\t<div class=\"elementor-widget-wrap elementor-element-populated\">\n\t\t\t\t\t\t<div class=\"elementor-element elementor-element-55640e37 pp-buttons-halign-center pp-buttons-halign-mobile-stretch pp-buttons-stack-mobile elementor-widget elementor-widget-pp-buttons\" data-id=\"55640e37\" data-element_type=\"widget\" data-e-type=\"widget\" data-widget_type=\"pp-buttons.default\">\n\t\t\t\t<div class=\"elementor-widget-container\">\n\t\t\t\t\t\t\t<div class=\"pp-buttons-group\">\n\t\t\t\t\t\t\t\t\t\t\t<a href=\"https:\/\/naturkartan.se\/sv\/pdf\/st_olavsleden.pdf\" target=\"_blank\" class=\"pp-button elementor-button elementor-size-sm elementor-repeater-item-b15faa1 \" rel=\"noopener\">\n\t\t\t\t\t<div class=\"pp-button-content-wrapper\">\n\t\t\t\t\t\t<span class=\"pp-button-content-inner pp-icon-before\">\n\t\t\t\t\t\t\t\t\t\t\t\t\t\t\t\t\t<span class=\"pp-button-icon pp-icon\">\n\t\t\t\t\t\t\t\t\t\t\t<i aria-hidden=\"true\" class=\"fas fa-map-pin\"><\/i>\t\t\t\t\t\t\t\t\t\t<\/span>\n\t\t\t\t\t\t\t\t\t\t\n\t\t\t\t\t\t\t\t<span class=\"pp-button-title\">\n\t\t\t\t\t\t\t\t\tBoende\t\t\t\t\t\t\t\t<\/span>\n\t\t\t\t\t\t\t\t\t\t\t\t\t<\/span>\n\t\t\t\t\t<\/div>\n\t\t\t\t<\/a>\n\t\t\t\t\t\t\t\t\t\t\t\t\t\t\t\t<a href=\"https:\/\/stolavsleden.com\/wp-content\/uploads\/2022\/06\/st-olavsleden-hiking-2022.gpx\" class=\"pp-button elementor-button elementor-size-sm elementor-repeater-item-7658695 \">\n\t\t\t\t\t<div class=\"pp-button-content-wrapper\">\n\t\t\t\t\t\t<span class=\"pp-button-content-inner pp-icon-before\">\n\t\t\t\t\t\t\t\t\t\t\t\t\t\t\t\t\t<span class=\"pp-button-icon pp-icon\">\n\t\t\t\t\t\t\t\t\t\t\t<i aria-hidden=\"true\" class=\"fas fa-download\"><\/i>\t\t\t\t\t\t\t\t\t\t<\/span>\n\t\t\t\t\t\t\t\t\t\t\n\t\t\t\t\t\t\t\t<span class=\"pp-button-title\">\n\t\t\t\t\t\t\t\t\tLadda ner GPX\t\t\t\t\t\t\t\t<\/span>\n\t\t\t\t\t\t\t\t\t\t\t\t\t<\/span>\n\t\t\t\t\t<\/div>\n\t\t\t\t<\/a>\n\t\t\t\t\t\t\t\t\t\t<\/div>\t\t\t\t<\/div>\n\t\t\t\t<\/div>\n\t\t\t\t\t<\/div>\n\t\t<\/div>\n\t\t\t\t\t<\/div>\n\t\t<\/section>\n\t\t\t\t\t<\/div>\n\t\t<\/div>\n\t\t\t\t\t<\/div>\n\t\t<\/section>\n\t\t\t\t<section class=\"elementor-section elementor-top-section elementor-element elementor-element-1aee0cd elementor-section-boxed elementor-section-height-default elementor-section-height-default\" data-id=\"1aee0cd\" data-element_type=\"section\" data-e-type=\"section\">\n\t\t\t\t\t\t<div class=\"elementor-container elementor-column-gap-default\">\n\t\t\t\t\t<div class=\"elementor-column elementor-col-50 elementor-top-column elementor-element elementor-element-b9d648d\" data-id=\"b9d648d\" data-element_type=\"column\" data-e-type=\"column\">\n\t\t\t<div class=\"elementor-widget-wrap elementor-element-populated\">\n\t\t\t\t\t\t<div class=\"elementor-element elementor-element-2c959af elementor-widget elementor-widget-heading\" data-id=\"2c959af\" data-element_type=\"widget\" data-e-type=\"widget\" data-widget_type=\"heading.default\">\n\t\t\t\t<div class=\"elementor-widget-container\">\n\t\t\t\t\t<h2 class=\"elementor-heading-title elementor-size-default\">Ladda ner kartor i PDF-format<\/h2>\t\t\t\t<\/div>\n\t\t\t\t<\/div>\n\t\t\t\t<section class=\"elementor-section elementor-inner-section elementor-element elementor-element-5c3b2fc elementor-section-boxed elementor-section-height-default elementor-section-height-default\" data-id=\"5c3b2fc\" data-element_type=\"section\" data-e-type=\"section\">\n\t\t\t\t\t\t<div class=\"elementor-container elementor-column-gap-default\">\n\t\t\t\t\t<div class=\"elementor-column elementor-col-100 elementor-inner-column elementor-element elementor-element-67de236\" data-id=\"67de236\" data-element_type=\"column\" data-e-type=\"column\">\n\t\t\t<div class=\"elementor-widget-wrap elementor-element-populated\">\n\t\t\t\t\t\t<div class=\"elementor-element elementor-element-54614b3 elementor-widget elementor-widget-text-editor\" data-id=\"54614b3\" data-element_type=\"widget\" data-e-type=\"widget\" data-widget_type=\"text-editor.default\">\n\t\t\t\t<div class=\"elementor-widget-container\">\n\t\t\t\t\t\t\t\t\t<p>Ladda ner kartor \u00f6ver varje del av S:t Olavsleden i pdf-format.<br \/>\nEller alla kartor samlade i en ZIP-fil.<\/p>\n\t\t\t\t\t\t\t\t<\/div>\n\t\t\t\t<\/div>\n\t\t\t\t\t<\/div>\n\t\t<\/div>\n\t\t\t\t\t<\/div>\n\t\t<\/section>\n\t\t\t\t<section class=\"elementor-section elementor-inner-section elementor-element elementor-element-1059d83 elementor-section-boxed elementor-section-height-default elementor-section-height-default\" data-id=\"1059d83\" data-element_type=\"section\" data-e-type=\"section\">\n\t\t\t\t\t\t<div class=\"elementor-container elementor-column-gap-default\">\n\t\t\t\t\t<div class=\"elementor-column elementor-col-50 elementor-inner-column elementor-element elementor-element-d746d65\" data-id=\"d746d65\" data-element_type=\"column\" data-e-type=\"column\">\n\t\t\t<div class=\"elementor-widget-wrap elementor-element-populated\">\n\t\t\t\t\t\t<div class=\"elementor-element elementor-element-dcba226 elementor-widget elementor-widget-text-editor\" data-id=\"dcba226\" data-element_type=\"widget\" data-e-type=\"widget\" data-widget_type=\"text-editor.default\">\n\t\t\t\t<div class=\"elementor-widget-container\">\n\t\t\t\t\t\t\t\t\t<p><a href=\"https:\/\/stolavsleden.com\/wp-content\/uploads\/2021\/06\/01_Selanger.pdf\" target=\"_blank\" rel=\"noopener\">01. Sel\u00e5nger<\/a><br \/><a href=\"https:\/\/stolavsleden.com\/wp-content\/uploads\/2021\/06\/02_Matfors.pdf\" target=\"_blank\" rel=\"noopener\">02. Matfors<\/a><br \/><a href=\"https:\/\/stolavsleden.com\/wp-content\/uploads\/2021\/06\/03_Stode.pdf\" target=\"_blank\" rel=\"noopener\">03. St\u00f6de<\/a><br \/><a href=\"https:\/\/stolavsleden.com\/wp-content\/uploads\/2021\/06\/04_Torpshammar.pdf\" target=\"_blank\" rel=\"noopener\">04. Torpshammar<\/a><br \/><a href=\"https:\/\/stolavsleden.com\/wp-content\/uploads\/2021\/06\/05_Fransta.pdf\" target=\"_blank\" rel=\"noopener\">05. Fr\u00e4nsta<\/a><br \/><a href=\"https:\/\/stolavsleden.com\/wp-content\/uploads\/2021\/06\/06_Borgsjo.pdf\" target=\"_blank\" rel=\"noopener\">06. Borgsj\u00f6<\/a><br \/><a href=\"https:\/\/stolavsleden.com\/wp-content\/uploads\/2021\/06\/07_Lansgransen.pdf\" target=\"_blank\" rel=\"noopener\">07. L\u00e4nsgr\u00e4nsen<\/a><br \/><a href=\"https:\/\/stolavsleden.com\/wp-content\/uploads\/2021\/06\/08_Hemsjon.pdf\" target=\"_blank\" rel=\"noopener\">08. Hemsj\u00f6n<\/a><br \/><a href=\"https:\/\/stolavsleden.com\/wp-content\/uploads\/2021\/06\/09_Bracke.pdf\" target=\"_blank\" rel=\"noopener\">09. Br\u00e4cke<\/a><br \/><a href=\"https:\/\/stolavsleden.com\/wp-content\/uploads\/2021\/06\/10_Gallo.pdf\" target=\"_blank\" rel=\"noopener\">10. G\u00e4ll\u00f6<\/a><br \/><a href=\"https:\/\/stolavsleden.com\/wp-content\/uploads\/2021\/06\/11_Pilgrimsstad.pdf\" target=\"_blank\" rel=\"noopener\">11. Pilgrimstad<\/a><br \/><a href=\"https:\/\/stolavsleden.com\/wp-content\/uploads\/2021\/06\/12_Brunflo.pdf\" target=\"_blank\" rel=\"noopener\">12. Brunflo<\/a><br \/><a href=\"https:\/\/stolavsleden.com\/wp-content\/uploads\/2021\/06\/13_Ope.pdf\" target=\"_blank\" rel=\"noopener\">13. Ope<\/a><br \/><a href=\"https:\/\/stolavsleden.com\/wp-content\/uploads\/2021\/06\/14_Ostersund.pdf\" target=\"_blank\" rel=\"noopener\">14. \u00d6stersund<\/a><br \/><a href=\"https:\/\/stolavsleden.com\/wp-content\/uploads\/2021\/06\/15_Rodon.pdf\" target=\"_blank\" rel=\"noopener\">15. R\u00f6d\u00f6n<\/a><br \/><a href=\"https:\/\/stolavsleden.com\/wp-content\/uploads\/2021\/06\/16_Nalden.pdf\" target=\"_blank\" rel=\"noopener\">16. N\u00e4lden<\/a><br \/><a href=\"https:\/\/stolavsleden.com\/wp-content\/uploads\/2021\/06\/17_Alsen.pdf\" target=\"_blank\" rel=\"noopener\">17. Alsen<\/a><br \/><a href=\"https:\/\/stolavsleden.com\/wp-content\/uploads\/2021\/06\/18_Morsil.pdf\" target=\"_blank\" rel=\"noopener\">18. M\u00f6rsil<\/a><br \/><a href=\"https:\/\/stolavsleden.com\/wp-content\/uploads\/2021\/06\/19_Undersaker.pdf\" target=\"_blank\" rel=\"noopener\">19. Unders\u00e5ker<\/a><\/p>\n\t\t\t\t\t\t\t\t<\/div>\n\t\t\t\t<\/div>\n\t\t\t\t\t<\/div>\n\t\t<\/div>\n\t\t\t\t<div class=\"elementor-column elementor-col-50 elementor-inner-column elementor-element elementor-element-c743d5e\" data-id=\"c743d5e\" data-element_type=\"column\" data-e-type=\"column\">\n\t\t\t<div class=\"elementor-widget-wrap elementor-element-populated\">\n\t\t\t\t\t\t<div class=\"elementor-element elementor-element-e787064 elementor-widget elementor-widget-text-editor\" data-id=\"e787064\" data-element_type=\"widget\" data-e-type=\"widget\" data-widget_type=\"text-editor.default\">\n\t\t\t\t<div class=\"elementor-widget-container\">\n\t\t\t\t\t\t\t\t\t<p><a href=\"https:\/\/stolavsleden.com\/wp-content\/uploads\/2021\/06\/20_\u008fAre.pdf\" target=\"_blank\" rel=\"noopener\">20. \u00c5re<\/a><br \/><a href=\"https:\/\/stolavsleden.com\/wp-content\/uploads\/2021\/06\/21_Duved.pdf\" target=\"_blank\" rel=\"noopener\">21. Duved<\/a><br \/><a href=\"https:\/\/stolavsleden.com\/wp-content\/uploads\/2021\/06\/22_Bodsjon.pdf\" target=\"_blank\" rel=\"noopener\">22. Bodsj\u00f6n<\/a><br \/><a href=\"https:\/\/stolavsleden.com\/wp-content\/uploads\/2021\/06\/23_Medstugusjon.pdf\" target=\"_blank\" rel=\"noopener\">23. Medstugusj\u00f6n<\/a><br \/><a href=\"https:\/\/stolavsleden.com\/wp-content\/uploads\/2021\/06\/24_Skalstugan.pdf\" target=\"_blank\" rel=\"noopener\">24. Skalstugan<\/a><br \/><a href=\"https:\/\/stolavsleden.com\/wp-content\/uploads\/2021\/06\/25_Sul.pdf\" target=\"_blank\" rel=\"noopener\">25. Sul<\/a><br \/><a href=\"https:\/\/stolavsleden.com\/wp-content\/uploads\/2021\/06\/26_Garnes.pdf\" target=\"_blank\" rel=\"noopener\">26. Garnes<\/a><br \/><a href=\"https:\/\/stolavsleden.com\/wp-content\/uploads\/2021\/06\/27_Stiklestad.pdf\" target=\"_blank\" rel=\"noopener\">27. Stiklestad<\/a><br \/><a href=\"https:\/\/stolavsleden.com\/wp-content\/uploads\/2021\/06\/28_Verdal.pdf\" target=\"_blank\" rel=\"noopener\">28. Verdal<\/a><br \/><a href=\"https:\/\/stolavsleden.com\/wp-content\/uploads\/2021\/06\/29_Tomtvatnet.pdf\" target=\"_blank\" rel=\"noopener\">29. Tomtvatnet<\/a><br \/><a href=\"https:\/\/stolavsleden.com\/wp-content\/uploads\/2021\/06\/30_Markabygda_NY.pdf\" target=\"_blank\" rel=\"noopener\">30. Markabygda<\/a><br \/><a href=\"https:\/\/stolavsleden.com\/wp-content\/uploads\/2021\/06\/31_Okkelberg.pdf\" target=\"_blank\" rel=\"noopener\">31. Okkelberg<\/a><br \/><a href=\"https:\/\/stolavsleden.com\/wp-content\/uploads\/2021\/06\/32_Stjordal.pdf\" target=\"_blank\" rel=\"noopener\">32. Stj\u00f8rdal<\/a><br \/><a href=\"https:\/\/stolavsleden.com\/wp-content\/uploads\/2021\/06\/33_Vikhammerelva.pdf\" target=\"_blank\" rel=\"noopener\">33. Vikhammerelva<\/a><br \/><a href=\"https:\/\/stolavsleden.com\/wp-content\/uploads\/2021\/06\/34_Nidarosdomen.pdf\" target=\"_blank\" rel=\"noopener\">34. Nidarosdomen<\/a><br \/><a href=\"https:\/\/stolavsleden.com\/wp-content\/uploads\/2021\/06\/YA_Levanger.pdf\" target=\"_blank\" rel=\"noopener\">35. YA Levanger<\/a><br \/><a href=\"https:\/\/stolavsleden.com\/wp-content\/uploads\/2021\/06\/YB_\u008fAtlosanden.pdf\" target=\"_blank\" rel=\"noopener\">36. YB \u00c5tlosanden<\/a><br \/><a href=\"https:\/\/stolavsleden.com\/wp-content\/uploads\/2021\/06\/YC_Frosta.pdf\" target=\"_blank\" rel=\"noopener\">37. YC Frosta<\/a><br \/><a href=\"https:\/\/stolavsleden.com\/wp-content\/uploads\/2021\/06\/YD_Skatval.pdf\" target=\"_blank\" rel=\"noopener\">38. YD Skatval<\/a><\/p>\n\t\t\t\t\t\t\t\t<\/div>\n\t\t\t\t<\/div>\n\t\t\t\t\t<\/div>\n\t\t<\/div>\n\t\t\t\t\t<\/div>\n\t\t<\/section>\n\t\t\t\t\t<\/div>\n\t\t<\/div>\n\t\t\t\t<div class=\"elementor-column elementor-col-50 elementor-top-column elementor-element elementor-element-e8e1b53\" data-id=\"e8e1b53\" data-element_type=\"column\" data-e-type=\"column\">\n\t\t\t<div class=\"elementor-widget-wrap elementor-element-populated\">\n\t\t\t\t\t\t<div class=\"elementor-element elementor-element-013db7a elementor-widget elementor-widget-image\" data-id=\"013db7a\" data-element_type=\"widget\" data-e-type=\"widget\" data-widget_type=\"image.default\">\n\t\t\t\t<div class=\"elementor-widget-container\">\n\t\t\t\t\t\t\t\t\t\t\t\t\t\t\t<img fetchpriority=\"high\" decoding=\"async\" width=\"640\" height=\"449\" src=\"https:\/\/stolavsleden.com\/wp-content\/uploads\/2021\/06\/map-selanger.jpg\" class=\"attachment-large size-large wp-image-6557\" alt=\"karta \u00f6ver Sel\u00e5nger\" srcset=\"https:\/\/stolavsleden.com\/wp-content\/uploads\/2021\/06\/map-selanger.jpg 1024w, https:\/\/stolavsleden.com\/wp-content\/uploads\/2021\/06\/map-selanger-768x539.jpg 768w\" sizes=\"(max-width: 640px) 100vw, 640px\" \/>\t\t\t\t\t\t\t\t\t\t\t\t\t\t\t<\/div>\n\t\t\t\t<\/div>\n\t\t\t\t<div class=\"elementor-element elementor-element-82b7f47 elementor-align-right elementor-widget elementor-widget-button\" data-id=\"82b7f47\" data-element_type=\"widget\" data-e-type=\"widget\" data-widget_type=\"button.default\">\n\t\t\t\t<div class=\"elementor-widget-container\">\n\t\t\t\t\t\t\t\t\t<div class=\"elementor-button-wrapper\">\n\t\t\t\t\t<a class=\"elementor-button elementor-button-link elementor-size-sm\" href=\"https:\/\/stolavsleden.com\/wp-content\/uploads\/2021\/06\/Stolavsleden-kartor.zip\">\n\t\t\t\t\t\t<span class=\"elementor-button-content-wrapper\">\n\t\t\t\t\t\t\t\t\t<span class=\"elementor-button-text\">Alla kartor som pdf:er (zip-fil, 52 Mb)<\/span>\n\t\t\t\t\t<\/span>\n\t\t\t\t\t<\/a>\n\t\t\t\t<\/div>\n\t\t\t\t\t\t\t\t<\/div>\n\t\t\t\t<\/div>\n\t\t\t\t\t<\/div>\n\t\t<\/div>\n\t\t\t\t\t<\/div>\n\t\t<\/section>\n\t\t\t\t<\/div>\n\t\t","protected":false},"excerpt":{"rendered":"<p>Boende Ladda ner GPX Ladda ner kartor i PDF-format Ladda ner kartor \u00f6ver varje del av S:t Olavsleden i pdf-format. Eller alla kartor samlade i en ZIP-fil. 01. Sel\u00e5nger 02. Matfors 03. St\u00f6de 04. Torpshammar 05. Fr\u00e4nsta 06. Borgsj\u00f6 07. L\u00e4nsgr\u00e4nsen 08. Hemsj\u00f6n 09. Br\u00e4cke 10. G\u00e4ll\u00f6 11. Pilgrimstad 12. Brunflo 13. Ope 14. \u00d6stersund [&hellip;]<\/p>\n","protected":false},"author":3,"featured_media":2716,"parent":0,"menu_order":0,"comment_status":"closed","ping_status":"closed","template":"","meta":{"_acf_changed":false,"footnotes":""},"class_list":["post-2430","page","type-page","status-publish","has-post-thumbnail","hentry"],"acf":[],"_links":{"self":[{"href":"https:\/\/stolavsleden.com\/sv\/wp-json\/wp\/v2\/pages\/2430","targetHints":{"allow":["GET"]}}],"collection":[{"href":"https:\/\/stolavsleden.com\/sv\/wp-json\/wp\/v2\/pages"}],"about":[{"href":"https:\/\/stolavsleden.com\/sv\/wp-json\/wp\/v2\/types\/page"}],"author":[{"embeddable":true,"href":"https:\/\/stolavsleden.com\/sv\/wp-json\/wp\/v2\/users\/3"}],"replies":[{"embeddable":true,"href":"https:\/\/stolavsleden.com\/sv\/wp-json\/wp\/v2\/comments?post=2430"}],"version-history":[{"count":3,"href":"https:\/\/stolavsleden.com\/sv\/wp-json\/wp\/v2\/pages\/2430\/revisions"}],"predecessor-version":[{"id":8128,"href":"https:\/\/stolavsleden.com\/sv\/wp-json\/wp\/v2\/pages\/2430\/revisions\/8128"}],"wp:featuredmedia":[{"embeddable":true,"href":"https:\/\/stolavsleden.com\/sv\/wp-json\/wp\/v2\/media\/2716"}],"wp:attachment":[{"href":"https:\/\/stolavsleden.com\/sv\/wp-json\/wp\/v2\/media?parent=2430"}],"curies":[{"name":"wp","href":"https:\/\/api.w.org\/{rel}","templated":true}]}}