{"id":2397,"date":"2020-03-23T13:03:05","date_gmt":"2020-03-23T12:03:05","guid":{"rendered":"https:\/\/stolavsleden.se\/?page_id=2397"},"modified":"2021-05-04T11:26:31","modified_gmt":"2021-05-04T09:26:31","slug":"paketresor","status":"publish","type":"page","link":"https:\/\/stolavsleden.com\/sv\/paketresor\/","title":{"rendered":"Paketresor"},"content":{"rendered":"\n<div class=\"wp-block-columns is-layout-flex wp-container-core-columns-is-layout-9d6595d7 wp-block-columns-is-layout-flex\">\n<div class=\"wp-block-column is-layout-flow wp-block-column-is-layout-flow\">\n<h2 class=\"wp-block-heading\">Vandra med eller cykla med&#13;\nAktivUt Travels<\/h2>\n\n\n\n<figure class=\"wp-block-image size-full\"><img fetchpriority=\"high\" decoding=\"async\" width=\"1920\" height=\"1080\" src=\"https:\/\/stolavsleden.com\/wp-content\/uploads\/2020\/03\/stolavsleden_HW_1568_lowres.jpg\" alt=\"\" class=\"wp-image-2212\" srcset=\"https:\/\/stolavsleden.com\/wp-content\/uploads\/2020\/03\/stolavsleden_HW_1568_lowres.jpg 1920w, https:\/\/stolavsleden.com\/wp-content\/uploads\/2020\/03\/stolavsleden_HW_1568_lowres-300x169.jpg 300w, https:\/\/stolavsleden.com\/wp-content\/uploads\/2020\/03\/stolavsleden_HW_1568_lowres-1024x576.jpg 1024w, https:\/\/stolavsleden.com\/wp-content\/uploads\/2020\/03\/stolavsleden_HW_1568_lowres-768x432.jpg 768w, https:\/\/stolavsleden.com\/wp-content\/uploads\/2020\/03\/stolavsleden_HW_1568_lowres-1536x864.jpg 1536w\" sizes=\"(max-width: 1920px) 100vw, 1920px\" \/><\/figure>\n\n\n\n<p>Aktivut Travels erbjuder turer l\u00e4ngs med S:t Olavsleden, b\u00e5de f\u00f6r dig som vill vandra och f\u00f6r dig som hellre cyklar. Turerna paketerade b\u00e5de f\u00f6r hela str\u00e4ckan och f\u00f6r kortare distanser.<\/p>\n\n\n\n<p>Det g\u00e5r \u00e4ven bra att h\u00f6ra av sig f\u00f6r att f\u00e5 en helt skr\u00e4ddarsydd pilgrimsupplevelse l\u00e4ngs leden. Aktivut Travels hj\u00e4lper till med att tillhandah\u00e5lla information, boka boende, fixa mat och transport av bagage.<\/p>\n\n\n\n<p><strong>Startplats: Varhelst l\u00e4ngs leden<\/strong><\/p>\n\n\n\n<p><strong>Datum: Under hela vandringss\u00e4songen<\/strong><\/p>\n\n\n\n<p><strong><a href=\"http:\/\/www.aktivuttravels.com\/\" target=\"_blank\" rel=\"noreferrer noopener\">L\u00e4s mer och boka p\u00e5 aktivuttravels.se<\/a><\/strong><\/p>\n<\/div>\n\n\n\n<div class=\"wp-block-column is-layout-flow wp-block-column-is-layout-flow\">\n<h2 class=\"wp-block-heading\">Vandra med&#13;\nNordic Pilgrim<\/h2>\n\n\n\n<figure class=\"wp-block-image size-full\"><img decoding=\"async\" src=\"https:\/\/stolavsleden.com\/wp-content\/uploads\/2020\/03\/stolavsleden_package-tours.jpg\" alt=\"\" class=\"wp-image-2285\"\/><\/figure>\n\n\n\n<p>Skapa din egen unika pilgrimsf\u00e4rd l\u00e4ngs St. Olavsleden med Nordic Pilgrim.<\/p>\n\n\n\n<p>Nordic Pilgrim erbjuder vandringsturer l\u00e4ngs S:t Olavsleden: I steg, hela v\u00e4gen, med eller utan guide, individuellt eller i grupp. Nordic Pilgrim hj\u00e4lper till med att tillhandah\u00e5lla information, boka boende, fixa mat och transport av bagage.<\/p>\n\n\n\n<p><strong>Startplats: Varhelst l\u00e4ngs leden<\/strong><\/p>\n\n\n\n<p><strong>Datum: Under hela vandringss\u00e4songen<\/strong><\/p>\n\n\n\n<p><a href=\"https:\/\/www.nordicpilgrim.com\/?lang=en\" target=\"_blank\" rel=\"noreferrer noopener\"><strong>L\u00e4s mer och boka p\u00e5 nordicpilgrim.com<\/strong><\/a><\/p>\n<\/div>\n<\/div>\n","protected":false},"excerpt":{"rendered":"<p>Vandra med eller cykla med&#13; AktivUt Travels Aktivut Travels erbjuder turer l\u00e4ngs med S:t Olavsleden, b\u00e5de f\u00f6r dig som vill vandra och f\u00f6r dig som hellre cyklar. Turerna paketerade b\u00e5de f\u00f6r hela str\u00e4ckan och f\u00f6r kortare distanser. Det g\u00e5r \u00e4ven bra att h\u00f6ra av sig f\u00f6r att f\u00e5 en helt skr\u00e4ddarsydd pilgrimsupplevelse l\u00e4ngs leden. Aktivut [&hellip;]<\/p>\n","protected":false},"author":3,"featured_media":2394,"parent":0,"menu_order":0,"comment_status":"closed","ping_status":"closed","template":"","meta":{"_acf_changed":false,"footnotes":""},"class_list":["post-2397","page","type-page","status-publish","has-post-thumbnail","hentry"],"acf":[],"_links":{"self":[{"href":"https:\/\/stolavsleden.com\/sv\/wp-json\/wp\/v2\/pages\/2397","targetHints":{"allow":["GET"]}}],"collection":[{"href":"https:\/\/stolavsleden.com\/sv\/wp-json\/wp\/v2\/pages"}],"about":[{"href":"https:\/\/stolavsleden.com\/sv\/wp-json\/wp\/v2\/types\/page"}],"author":[{"embeddable":true,"href":"https:\/\/stolavsleden.com\/sv\/wp-json\/wp\/v2\/users\/3"}],"replies":[{"embeddable":true,"href":"https:\/\/stolavsleden.com\/sv\/wp-json\/wp\/v2\/comments?post=2397"}],"version-history":[{"count":3,"href":"https:\/\/stolavsleden.com\/sv\/wp-json\/wp\/v2\/pages\/2397\/revisions"}],"predecessor-version":[{"id":6013,"href":"https:\/\/stolavsleden.com\/sv\/wp-json\/wp\/v2\/pages\/2397\/revisions\/6013"}],"wp:featuredmedia":[{"embeddable":true,"href":"https:\/\/stolavsleden.com\/sv\/wp-json\/wp\/v2\/media\/2394"}],"wp:attachment":[{"href":"https:\/\/stolavsleden.com\/sv\/wp-json\/wp\/v2\/media?parent=2397"}],"curies":[{"name":"wp","href":"https:\/\/api.w.org\/{rel}","templated":true}]}}