{"id":2386,"date":"2020-02-18T12:39:09","date_gmt":"2020-02-18T11:39:09","guid":{"rendered":"https:\/\/stolavsleden.se\/?page_id=2386"},"modified":"2021-04-29T13:47:12","modified_gmt":"2021-04-29T11:47:12","slug":"lopning","status":"publish","type":"page","link":"https:\/\/stolavsleden.com\/sv\/lopning\/","title":{"rendered":"L\u00f6pning"},"content":{"rendered":"\n<p>S:t Olavsloppet \u00e4r ett 580 kilometer l\u00e5ngt lopp fr\u00e5n kust till kust l\u00e4ngs S:t Olavsleden-leden. En id\u00e9 \u00e4r att b\u00f6rja \u00e5ka i Sel\u00e5nger n\u00e5gra dagar innan loppet startar i \u00d6stersund. L\u00e5ter bra, eller hur?<\/p>\n","protected":false},"excerpt":{"rendered":"<p>S:t Olavsloppet \u00e4r ett 580 kilometer l\u00e5ngt lopp fr\u00e5n kust till kust l\u00e4ngs S:t Olavsleden-leden. En id\u00e9 \u00e4r att b\u00f6rja \u00e5ka i Sel\u00e5nger n\u00e5gra dagar innan loppet startar i \u00d6stersund. L\u00e5ter bra, eller hur?<\/p>\n","protected":false},"author":3,"featured_media":2255,"parent":0,"menu_order":0,"comment_status":"closed","ping_status":"closed","template":"","meta":{"_acf_changed":false,"footnotes":""},"class_list":["post-2386","page","type-page","status-publish","has-post-thumbnail","hentry"],"acf":[],"_links":{"self":[{"href":"https:\/\/stolavsleden.com\/sv\/wp-json\/wp\/v2\/pages\/2386","targetHints":{"allow":["GET"]}}],"collection":[{"href":"https:\/\/stolavsleden.com\/sv\/wp-json\/wp\/v2\/pages"}],"about":[{"href":"https:\/\/stolavsleden.com\/sv\/wp-json\/wp\/v2\/types\/page"}],"author":[{"embeddable":true,"href":"https:\/\/stolavsleden.com\/sv\/wp-json\/wp\/v2\/users\/3"}],"replies":[{"embeddable":true,"href":"https:\/\/stolavsleden.com\/sv\/wp-json\/wp\/v2\/comments?post=2386"}],"version-history":[{"count":3,"href":"https:\/\/stolavsleden.com\/sv\/wp-json\/wp\/v2\/pages\/2386\/revisions"}],"predecessor-version":[{"id":5901,"href":"https:\/\/stolavsleden.com\/sv\/wp-json\/wp\/v2\/pages\/2386\/revisions\/5901"}],"wp:featuredmedia":[{"embeddable":true,"href":"https:\/\/stolavsleden.com\/sv\/wp-json\/wp\/v2\/media\/2255"}],"wp:attachment":[{"href":"https:\/\/stolavsleden.com\/sv\/wp-json\/wp\/v2\/media?parent=2386"}],"curies":[{"name":"wp","href":"https:\/\/api.w.org\/{rel}","templated":true}]}}