{"id":2382,"date":"2020-03-23T12:54:33","date_gmt":"2020-03-23T11:54:33","guid":{"rendered":"https:\/\/stolavsleden.se\/?page_id=2382"},"modified":"2022-06-13T18:02:45","modified_gmt":"2022-06-13T16:02:45","slug":"ridning","status":"publish","type":"page","link":"https:\/\/stolavsleden.com\/sv\/ridning\/","title":{"rendered":"Ridning"},"content":{"rendered":"\n<h2 class=\"wp-block-heading\">Planera din ridtur<\/h2>\n\n\n\n<p>S:t Olavsleden \u00e4r ungef\u00e4r 580 kilometer l\u00e5ng. Tusentals markeringar visar v\u00e4gen. Ungef\u00e4r 45 procent av leden \u00e4r grusv\u00e4g, 36 procent \u00e4r asfalt och 19 procent g\u00e5r l\u00e4ngs stigar. P\u00e5 n\u00e5gra st\u00e4llen g\u00e5r ridleden p\u00e5 annat st\u00e4lle \u00e4n vandringsleden s\u00e5 h\u00e5ll koll s\u00e5 att du v\u00e4ljer r\u00e4tt v\u00e4g. Kartan l\u00e4ngs ned p\u00e5 sidan visar var ridleden g\u00e5r.<\/p>\n\n\n\n<div style=\"height:20px\" aria-hidden=\"true\" class=\"wp-block-spacer\"><\/div>\n\n\n\n<div class=\"wp-block-columns is-layout-flex wp-container-core-columns-is-layout-9d6595d7 wp-block-columns-is-layout-flex\">\n<div class=\"wp-block-column is-layout-flow wp-block-column-is-layout-flow\">\n<h3 class=\"wp-block-heading\">H\u00e4sten<\/h3>\n\n\n\n<figure class=\"wp-block-image size-large\"><img fetchpriority=\"high\" decoding=\"async\" width=\"1000\" height=\"563\" src=\"https:\/\/stolavsleden.com\/wp-content\/uploads\/2020\/03\/St.-Olavsleden_horse-back-riding.jpg\" alt=\"\" class=\"wp-image-2632\" srcset=\"https:\/\/stolavsleden.com\/wp-content\/uploads\/2020\/03\/St.-Olavsleden_horse-back-riding.jpg 1000w, https:\/\/stolavsleden.com\/wp-content\/uploads\/2020\/03\/St.-Olavsleden_horse-back-riding-300x169.jpg 300w, https:\/\/stolavsleden.com\/wp-content\/uploads\/2020\/03\/St.-Olavsleden_horse-back-riding-768x432.jpg 768w\" sizes=\"(max-width: 1000px) 100vw, 1000px\" \/><\/figure>\n\n\n\n<p>Det finns inga m\u00f6jligheter att hyra h\u00e4st l\u00e4ngs med leden utan du beh\u00f6ver ta med dig din egna. Med det sagt \u00e4r det viktigt att du ordnar transport f\u00f6r dig och din h\u00e4st n\u00e4r ni ridit klart, om du inte vill rida i b\u00e5da riktningarna.<\/p>\n\n\n\n<p>F\u00f6r att transportera h\u00e4st \u00f6ver gr\u00e4nsen mellan Sverige och Norge finns speciella regler att f\u00f6rh\u00e5lla sig till.&nbsp;L\u00e4s mer p\u00e5&nbsp;<a href=\"http:\/\/www.jordbruksverket.se\/amnesomraden\/djur\/resorochtransporter\/hastar.4.58f2066813fc03d6a207788.html\" target=\"_blank\" rel=\"noreferrer noopener\">www.jordbruksverket.se<\/a><\/p>\n<\/div>\n\n\n\n<div class=\"wp-block-column is-layout-flow wp-block-column-is-layout-flow\">\n<h3 class=\"wp-block-heading\">S\u00e4ng eller t\u00e4lt<\/h3>\n\n\n\n<figure class=\"wp-block-image size-large\"><img decoding=\"async\" width=\"1000\" height=\"563\" src=\"https:\/\/stolavsleden.com\/wp-content\/uploads\/2020\/03\/St.Olavsleden_accomodation-bike.jpg\" alt=\"\" class=\"wp-image-2610\" srcset=\"https:\/\/stolavsleden.com\/wp-content\/uploads\/2020\/03\/St.Olavsleden_accomodation-bike.jpg 1000w, https:\/\/stolavsleden.com\/wp-content\/uploads\/2020\/03\/St.Olavsleden_accomodation-bike-300x169.jpg 300w, https:\/\/stolavsleden.com\/wp-content\/uploads\/2020\/03\/St.Olavsleden_accomodation-bike-768x432.jpg 768w\" sizes=\"(max-width: 1000px) 100vw, 1000px\" \/><\/figure>\n\n\n\n<p>Det finns bra med boende l\u00e4ngs v\u00e4gen och du kan hitta alla p\u00e5&nbsp;<a href=\"https:\/\/stolavsleden.com\/sv\/boende\/\">boendesidan.<\/a>&nbsp;Ett gott r\u00e5d \u00e4r att boka i f\u00f6rv\u00e4g eftersom m\u00e5nga boenden \u00e4r sm\u00e5 med ett f\u00e5tal s\u00e4ngplatser.<\/p>\n\n\n\n<p>Att t\u00e4lta \u00e4r s\u00e5 klart en m\u00f6jlighet. Kom ih\u00e5g att f\u00f6lja allemansr\u00e4tten dvs aldrig t\u00e4lta mer \u00e4n tv\u00e5 n\u00e4tter p\u00e5 samma st\u00e4lle, aldrig p\u00e5 n\u00e5gons privata g\u00e5rd. T\u00e4ltar du s\u00e5 m\u00e5ste du vara extra noggrann med att inte skr\u00e4pa ner och l\u00e4mna platsen p\u00e5 samma s\u00e4tt du fann den.<\/p>\n<\/div>\n<\/div>\n\n\n\n<div class=\"wp-block-columns is-layout-flex wp-container-core-columns-is-layout-9d6595d7 wp-block-columns-is-layout-flex\">\n<div class=\"wp-block-column is-layout-flow wp-block-column-is-layout-flow\">\n<h3 class=\"wp-block-heading\">Hovslagare<\/h3>\n\n\n\n<figure class=\"wp-block-image size-large\"><img decoding=\"async\" width=\"1000\" height=\"563\" src=\"https:\/\/stolavsleden.com\/wp-content\/uploads\/2020\/03\/St.-Olavsleden_horse_farrier.jpg\" alt=\"\" class=\"wp-image-2634\" srcset=\"https:\/\/stolavsleden.com\/wp-content\/uploads\/2020\/03\/St.-Olavsleden_horse_farrier.jpg 1000w, https:\/\/stolavsleden.com\/wp-content\/uploads\/2020\/03\/St.-Olavsleden_horse_farrier-300x169.jpg 300w, https:\/\/stolavsleden.com\/wp-content\/uploads\/2020\/03\/St.-Olavsleden_horse_farrier-768x432.jpg 768w\" sizes=\"(max-width: 1000px) 100vw, 1000px\" \/><\/figure>\n\n\n\n<p>F\u00f6r att resan ska bli s\u00e5 behaglig som m\u00f6jligt \u00e4r det viktigt att b\u00e5de h\u00e4st och ryttare \u00e4r r\u00e4tt utrustade. Om en sko lossnar fr\u00e5n en hov \u00e4r det bra att veta var du kan hitta nya skor och n\u00e5gon med r\u00e4tt verktyg f\u00f6r att sl\u00e5 fast dem. N\u00e5gra hovslagare och veterin\u00e4rer l\u00e4ngs leden finns med i v\u00e5ra kartor.<\/p>\n<\/div>\n\n\n\n<div class=\"wp-block-column is-layout-flow wp-block-column-is-layout-flow\">\n<h3 class=\"wp-block-heading\">En fin gemenskap<\/h3>\n\n\n\n<figure class=\"wp-block-image size-large\"><img loading=\"lazy\" decoding=\"async\" width=\"1024\" height=\"576\" src=\"https:\/\/stolavsleden.com\/wp-content\/uploads\/2020\/03\/St.-Olavsleden_community-1-1024x576.jpg\" alt=\"\" class=\"wp-image-2289\" srcset=\"https:\/\/stolavsleden.com\/wp-content\/uploads\/2020\/03\/St.-Olavsleden_community-1-1024x576.jpg 1024w, https:\/\/stolavsleden.com\/wp-content\/uploads\/2020\/03\/St.-Olavsleden_community-1-300x169.jpg 300w, https:\/\/stolavsleden.com\/wp-content\/uploads\/2020\/03\/St.-Olavsleden_community-1-768x432.jpg 768w, https:\/\/stolavsleden.com\/wp-content\/uploads\/2020\/03\/St.-Olavsleden_community-1-1536x863.jpg 1536w, https:\/\/stolavsleden.com\/wp-content\/uploads\/2020\/03\/St.-Olavsleden_community-1.jpg 1980w\" sizes=\"(max-width: 1024px) 100vw, 1024px\" \/><\/figure>\n\n\n\n<p>Facebookgruppen \u201d<a href=\"https:\/\/www.facebook.com\/groups\/hikingstolavsleden\/\" target=\"_blank\" rel=\"noreferrer noopener\">Hiking along St. Olavsleden<\/a>\u201d \u00e4r till f\u00f6r dem som \u00e4r intresserade av S:t Olavsleden, f\u00f6r dem som vill dela med sig av sina erfarenheter i text och bild, och f\u00f6r pilgrimer&nbsp;som planerar f\u00f6r sin resa, vill fr\u00e5ga efter r\u00e5d och tips eller bara ber\u00e4tta om sina upplevelser l\u00e4ngs v\u00e4gen. I den h\u00e4r gruppen kan vi inspirera varandra och ge varandra st\u00f6d. Skriv p\u00e5 vilket spr\u00e5k du vill i gruppen.<\/p>\n\n\n\n<p>Vi har \u00e4ven ett antal&nbsp;<a href=\"https:\/\/stolavsleden.com\/ambassadors\/\">ambassad\u00f6rer<\/a>&nbsp;som du f\u00e5r kontakta. Alla ambassad\u00f6rer har vandrat S:t Olavsleden och svara p\u00e5 dina fr\u00e5gor.<\/p>\n<\/div>\n<\/div>\n\n\n\n<div class=\"wp-block-columns is-layout-flex wp-container-core-columns-is-layout-9d6595d7 wp-block-columns-is-layout-flex\">\n<div class=\"wp-block-column is-layout-flow wp-block-column-is-layout-flow\" style=\"flex-basis:66.66%\">\n<h2 class=\"wp-block-heading\">Karta<\/h2>\n\n\n\n<p>Det h\u00e4r \u00e4r en digital karta \u00f6ver ridleden. Du kan zooma och klicka p\u00e5 boenden l\u00e4ngs S:t Olavsleden, f\u00e5 mer information om vad de erbjuder och se kontaktuppgifter. Du kan filtrera kartan och l\u00e4sa om delar av leden, se servicesst\u00e4llen och sev\u00e4rdheter. Du kan ocks\u00e5 ladda ner en karta f\u00f6r utskrift samt en lista \u00f6ver boenden l\u00e4ngs leden.<\/p>\n<\/div>\n\n\n\n<div class=\"wp-block-column is-layout-flow wp-block-column-is-layout-flow\" style=\"flex-basis:33.33%\"><\/div>\n<\/div>\n","protected":false},"excerpt":{"rendered":"<p>Planera din ridtur S:t Olavsleden \u00e4r ungef\u00e4r 580 kilometer l\u00e5ng. Tusentals markeringar visar v\u00e4gen. Ungef\u00e4r 45 procent av leden \u00e4r grusv\u00e4g, 36 procent \u00e4r asfalt och 19 procent g\u00e5r l\u00e4ngs stigar. P\u00e5 n\u00e5gra st\u00e4llen g\u00e5r ridleden p\u00e5 annat st\u00e4lle \u00e4n vandringsleden s\u00e5 h\u00e5ll koll s\u00e5 att du v\u00e4ljer r\u00e4tt v\u00e4g. Kartan l\u00e4ngs ned p\u00e5 sidan [&hellip;]<\/p>\n","protected":false},"author":3,"featured_media":2379,"parent":0,"menu_order":0,"comment_status":"closed","ping_status":"closed","template":"","meta":{"_acf_changed":false,"footnotes":""},"class_list":["post-2382","page","type-page","status-publish","has-post-thumbnail","hentry"],"acf":[],"_links":{"self":[{"href":"https:\/\/stolavsleden.com\/sv\/wp-json\/wp\/v2\/pages\/2382","targetHints":{"allow":["GET"]}}],"collection":[{"href":"https:\/\/stolavsleden.com\/sv\/wp-json\/wp\/v2\/pages"}],"about":[{"href":"https:\/\/stolavsleden.com\/sv\/wp-json\/wp\/v2\/types\/page"}],"author":[{"embeddable":true,"href":"https:\/\/stolavsleden.com\/sv\/wp-json\/wp\/v2\/users\/3"}],"replies":[{"embeddable":true,"href":"https:\/\/stolavsleden.com\/sv\/wp-json\/wp\/v2\/comments?post=2382"}],"version-history":[{"count":3,"href":"https:\/\/stolavsleden.com\/sv\/wp-json\/wp\/v2\/pages\/2382\/revisions"}],"predecessor-version":[{"id":8086,"href":"https:\/\/stolavsleden.com\/sv\/wp-json\/wp\/v2\/pages\/2382\/revisions\/8086"}],"wp:featuredmedia":[{"embeddable":true,"href":"https:\/\/stolavsleden.com\/sv\/wp-json\/wp\/v2\/media\/2379"}],"wp:attachment":[{"href":"https:\/\/stolavsleden.com\/sv\/wp-json\/wp\/v2\/media?parent=2382"}],"curies":[{"name":"wp","href":"https:\/\/api.w.org\/{rel}","templated":true}]}}