{"id":2257,"date":"2020-03-18T16:31:01","date_gmt":"2020-03-18T15:31:01","guid":{"rendered":"https:\/\/stolavsleden.se\/services\/"},"modified":"2023-08-22T08:01:46","modified_gmt":"2023-08-22T06:01:46","slug":"boende","status":"publish","type":"page","link":"https:\/\/stolavsleden.com\/sv\/boende\/","title":{"rendered":"Boende"},"content":{"rendered":"\t\t<div data-elementor-type=\"wp-page\" data-elementor-id=\"2257\" class=\"elementor elementor-2257 elementor-2190\" data-elementor-post-type=\"page\">\n\t\t\t\t\t\t<section class=\"elementor-section elementor-top-section elementor-element elementor-element-471408e7 elementor-section-boxed elementor-section-height-default elementor-section-height-default\" data-id=\"471408e7\" data-element_type=\"section\" data-e-type=\"section\">\n\t\t\t\t\t\t<div class=\"elementor-container elementor-column-gap-default\">\n\t\t\t\t\t<div class=\"elementor-column elementor-col-100 elementor-top-column elementor-element elementor-element-377cfc78\" data-id=\"377cfc78\" data-element_type=\"column\" data-e-type=\"column\">\n\t\t\t<div class=\"elementor-widget-wrap elementor-element-populated\">\n\t\t\t\t\t\t<div class=\"elementor-element elementor-element-4274cb50 elementor-widget elementor-widget-text-editor\" data-id=\"4274cb50\" data-element_type=\"widget\" data-e-type=\"widget\" data-widget_type=\"text-editor.default\">\n\t\t\t\t<div class=\"elementor-widget-container\">\n\t\t\t\t\t\t\t\t\t\n<div class=\"wp-block-columns\">\n<div class=\"wp-block-column\">\n<p>P\u00e5 den digitala kartan kan du se boendealternativ som \u00e4r bel\u00e4gna n\u00e4ra leden, alternativt erbjuder transport till och fr\u00e5n leden. Det finns \u00e4ven en lista \u00f6ver boendena som g\u00e5r att ladda ner. Vi rekommenderar f\u00f6rbokning av ditt boende, vilket \u00e4r m\u00f6jligt att g\u00f6ra online f\u00f6r flera av boendena. D\u00e5 leden fortfarande utvecklas s\u00e5 kan det vara vissa str\u00e4ckor med f\u00e4rre alternativ att v\u00e4lja mellan.<\/p>\n<\/div>\n\n<div class=\"wp-block-column\">\n<p>M\u00e5nga boenden erbjuder mat och annan service s\u00e5 som wi-fi, lakan och tv\u00e4tt m\u00f6jligheter. Detta st\u00e5r specificerat f\u00f6r respektive boende i kartan.<\/p>\n\n<p>I st\u00f6rre st\u00e4der kan det finns m\u00e5nga boendealternativ, vi har valt att endast inkludera n\u00e5gra i denna lista.<\/p>\n<\/div>\n<\/div>\n\t\t\t\t\t\t\t\t<\/div>\n\t\t\t\t<\/div>\n\t\t\t\t\t<\/div>\n\t\t<\/div>\n\t\t\t\t\t<\/div>\n\t\t<\/section>\n\t\t\t\t<\/div>\n\t\t","protected":false},"excerpt":{"rendered":"<p>P\u00e5 den digitala kartan kan du se boendealternativ som \u00e4r bel\u00e4gna n\u00e4ra leden, alternativt erbjuder transport till och fr\u00e5n leden. Det finns \u00e4ven en lista \u00f6ver boendena som g\u00e5r att ladda ner. Vi rekommenderar f\u00f6rbokning av ditt boende, vilket \u00e4r m\u00f6jligt att g\u00f6ra online f\u00f6r flera av boendena. D\u00e5 leden fortfarande utvecklas s\u00e5 kan det [&hellip;]<\/p>\n","protected":false},"author":3,"featured_media":2184,"parent":0,"menu_order":0,"comment_status":"closed","ping_status":"closed","template":"","meta":{"_acf_changed":false,"footnotes":""},"class_list":["post-2257","page","type-page","status-publish","has-post-thumbnail","hentry"],"acf":[],"_links":{"self":[{"href":"https:\/\/stolavsleden.com\/sv\/wp-json\/wp\/v2\/pages\/2257","targetHints":{"allow":["GET"]}}],"collection":[{"href":"https:\/\/stolavsleden.com\/sv\/wp-json\/wp\/v2\/pages"}],"about":[{"href":"https:\/\/stolavsleden.com\/sv\/wp-json\/wp\/v2\/types\/page"}],"author":[{"embeddable":true,"href":"https:\/\/stolavsleden.com\/sv\/wp-json\/wp\/v2\/users\/3"}],"replies":[{"embeddable":true,"href":"https:\/\/stolavsleden.com\/sv\/wp-json\/wp\/v2\/comments?post=2257"}],"version-history":[{"count":3,"href":"https:\/\/stolavsleden.com\/sv\/wp-json\/wp\/v2\/pages\/2257\/revisions"}],"predecessor-version":[{"id":8837,"href":"https:\/\/stolavsleden.com\/sv\/wp-json\/wp\/v2\/pages\/2257\/revisions\/8837"}],"wp:featuredmedia":[{"embeddable":true,"href":"https:\/\/stolavsleden.com\/sv\/wp-json\/wp\/v2\/media\/2184"}],"wp:attachment":[{"href":"https:\/\/stolavsleden.com\/sv\/wp-json\/wp\/v2\/media?parent=2257"}],"curies":[{"name":"wp","href":"https:\/\/api.w.org\/{rel}","templated":true}]}}