{"id":2245,"date":"2020-02-17T10:51:26","date_gmt":"2020-02-17T09:51:26","guid":{"rendered":"https:\/\/stolavsleden.se\/history\/"},"modified":"2021-05-04T11:54:14","modified_gmt":"2021-05-04T09:54:14","slug":"historia","status":"publish","type":"page","link":"https:\/\/stolavsleden.com\/sv\/historia\/","title":{"rendered":"Historia"},"content":{"rendered":"\n<div class=\"wp-block-columns is-layout-flex wp-container-core-columns-is-layout-9d6595d7 wp-block-columns-is-layout-flex\">\n<div class=\"wp-block-column is-layout-flow wp-block-column-is-layout-flow\" style=\"flex-basis:66.66%\">\n<h2 class=\"wp-block-heading\">Om den helige Olav<\/h2>\n\n\n\n<p>Historien om Olav Haraldsson \u2013 bygger p\u00e5 skr\u00f6nor och sagor men ocks\u00e5 en del trov\u00e4rdiga k\u00e4llor. Den isl\u00e4ndska historikern och f\u00f6rfattaren Snorre Sturluson skrev omkring \u00e5ren 1230 \u2013 1240 de s.k. Nordiska Kungasagorna d\u00e4r en av b\u00f6ckerna just heter \u201dOlav den heliges saga\u201d skriven ca 200 \u00e5r efter Olav Haraldsson d\u00f6d.<\/p>\n\n\n\n<p>Olav Haraldsson f\u00f6ddes i Ringerike \u00e5r 995 i det som idag skulle kallas s\u00f6dra Norge. Denna tid \u00e4r det som i Skandinavien kallas vikingatid. Olav f\u00f6ddes in i en familj med stort lokalt inflytande och troligen en l\u00e5ng bakgrund i den lokala historian. N\u00e4r Olav var 12 \u00e5r gammal gav han sig ut p\u00e5 vad vi idag kanske skulle s\u00e4ga en utbildningsresa. Olav skulle l\u00e4ra sig att bli en skicklig viking med allt vad det kunde inneb\u00e4ra. Segling, sj\u00f6manskap men ocks\u00e5 handel, makt, politik och krig med ond br\u00e5d d\u00f6d.  Resan gick in i \u00d6stersj\u00f6n men ocks\u00e5 vidare mot England och nu tillsammans med en st\u00f6rre dansk vikingah\u00e4r. \u00c5r 1011 var Olav med om att bel\u00e4gra Canterbury och engelsm\u00e4nnen blev till sist tvungna att betala 48 000 pund till danskarna i den st\u00f6rsta s.k. daneg\u00e4ld n\u00e5gonsin.<\/p>\n\n\n\n<h2 class=\"wp-block-heading\">L\u00e4mnade asatron<\/h2>\n\n\n\n<p>Olav kom att hamna hos hertig Rikard den II i Normandie d\u00e4r man tror att Olav fick en del politisk skolning som han skulle komma ha nytta av n\u00e4r han sedan \u00e5terv\u00e4nde till Norge f\u00f6r att g\u00f6ra anspr\u00e5k p\u00e5 den norska tronen. Man tror bl.a. att han fick r\u00e5det att gifta in sig kungahuset i n\u00e5got grannland detta f\u00f6r att ha \u201dryggen fri\u201d i fara av krig. I Normandie och i staden Rouen blev ocks\u00e5 Olav Haraldsson d\u00f6pt \u00e5r 1014 och l\u00e4mnar asatron f\u00f6r kristendomen. N\u00e4r Olav \u00e4r 20 \u00e5r gammal \u00e5terv\u00e4nder han till sitt hemland f\u00f6r att f\u00f6rs\u00f6ka ena Norge under en gemensam konung.<\/p>\n\n\n\n<p> Med hj\u00e4lp av lagstiftning, kristendomen och sv\u00e4rdet lyckades Olav ena Norge och runt \u00e5r 1024 var Olav Norges f\u00f6rsta enade kung. Olav hade ocks\u00e5 blivit ingift i den sl\u00e4kt som var styrande i det omr\u00e5de som kom att bli Sverige. Den svenska kungen hette Olof Sk\u00f6tkonung och hade en dotter som hette Ingegerd. Efter olika politiska f\u00f6rvecklingar blev Ingegerd ist\u00e4llet bortgift med storfurst Jaroslav i Novgorod (eller Holmg\u00e5rd som vikingarna kallade platsen). Olav blev ist\u00e4llet gift med Olof Sk\u00f6tkonungs s.k. frilladotter Astrid.<\/p>\n\n\n\n<h2 class=\"wp-block-heading\">Fr\u00e5n kung till exil<\/h2>\n\n\n\n<p>Med hj\u00e4lp av lagstiftning, kristendomen och sv\u00e4rdet lyckades Olav ena Norge och runt \u00e5r 1024 var Olav Norges f\u00f6rsta enade kung. Olav hade ocks\u00e5 blivit ingift i den sl\u00e4kt som var styrande i det omr\u00e5de som kom att bli Sverige. Den svenska kungen hette Olof Sk\u00f6tkonung och hade en dotter som hette Ingegerd. Efter olika politiska f\u00f6rvecklingar blev Ingegerd ist\u00e4llet bortgift med storfurst Jaroslav i Novgorod (eller Holmg\u00e5rd som vikingarna kallade platsen). Olav blev ist\u00e4llet gift med Olof Sk\u00f6tkonungs s.k. frilladotter Astrid.<\/p>\n\n\n\n<p>Motst\u00e5ndet v\u00e4xte mot Olav Haraldsson i Norge och framf\u00f6rallt fr\u00e5n den danske konungen. \u00c5r 1028 flyr Olav Haraldsson fr\u00e5n Norge och begav sig sedan sig Novgorod d\u00e4r Ingegerd fanns \u2013 var det slumpen eller var det s\u00e5 att Olav och Ingegerd hade en verklig k\u00e4rlekshistoria? Efter tv\u00e5 \u00e5r i exil i dagens Ryssland fick Olav signaler att n\u00e5gra av hans v\u00e4rsta fiender i Norge var d\u00f6da. Olav best\u00e4mde sig d\u00e5 f\u00f6r att \u00e5terv\u00e4nda till Norge f\u00f6r att \u00e5terta kronan.<\/p>\n\n\n\n<h2 class=\"wp-block-heading\">Slaget i Stiklestad<\/h2>\n\n\n\n<p>Exakt vilken v\u00e4g han tog \u00e4r oklart med h\u00f6gst troligt \u00e4r att han passerar \u00c5land och landstiger i Sel\u00e5nger som d\u00e5 var en medeltida viktig hamn. Att han passerar Fr\u00f6s\u00f6n i J\u00e4mtland \u00e4r h\u00f6gts troligt innan han till sista n\u00e5r den lilla byn Stiklestad d\u00e4r det stora slaget om Norge skulle st\u00e5. Detta kom att ske den 29 juli \u00e5r 1030.  Olav d\u00f6r i slaget. N\u00e4stan omedelbart efter hans d\u00f6d b\u00f6rjar rykten g\u00e5 om under som skett kopplade till Olav. Hans lik flyttas ner till dagens Trondheim \u2013 d\u00e5 Nidaros \u2013 och hans kista gr\u00e4vs in i sandbanken p\u00e5 Nidelven.  \u00c4ven h\u00e4r b\u00f6rjar ber\u00e4ttelser spridas om t.ex. att blinda personer som g\u00e5r l\u00e4ngs Nidleven f\u00e5r synen tillbaka etc. Den tredje augusti 1031 dvs ca ett \u00e5r efter Olavs d\u00f6d kommer biskop Grimkjell till Nidaros. De gr\u00e4ver upp kistan. Upp st\u00e5r en doft av rosor och Olavs r\u00f6da sk\u00e4gg har vuxit och hans kinder \u00e4r blossande r\u00f6da. D\u00e5 f\u00f6rst\u00e5r biskopen att Olavs Haraldsson inte bara var en vikingakung och Olav Haraldsson blir Olav den Helige. Hans kista flyttas upp till den lilla Klemenskyrkan som fanns i Nidaros och man p\u00e5b\u00f6rjar bygget av dagens fantastiska Nidarosdom.<\/p>\n\n\n\n<p>Det dr\u00f6jde inte l\u00e4nge f\u00f6rr\u00e4n pilgrimer b\u00f6rjade vandra till Nidaros, som fram till 1500-talet var de st\u00f6rsta pilgrimsm\u00e5len i Nordeuropa. D\u00e4refter satte den lutherska reformationen stopp f\u00f6r pilgrimsvandringar i Norden och i Sverige f\u00f6rbj\u00f6ds pilgrimsvandring. Pilgrimsvandringen f\u00f6ll i gl\u00f6mska men inte den lokala historian kring Olav. Under 1980-talet b\u00f6rjade intresset f\u00f6r pilgrimsvandringar p\u00e5 nytt att \u00f6ka i Europa. och i september 2013 \u00e5terinvigdes S:t Olavsleden och \u00e5terigen kommer det 100-tals vandrare fr\u00e5n hela v\u00e4rlden hit och vandrar i S:t Olavs fotsp\u00e5r genom historiska landskap p\u00e5 resa mot Nidarosdomen.<\/p>\n<\/div>\n\n\n\n<div class=\"wp-block-column is-layout-flow wp-block-column-is-layout-flow\" style=\"flex-basis:33.33%\">\n<figure class=\"wp-block-image size-large\"><img fetchpriority=\"high\" decoding=\"async\" width=\"680\" height=\"1024\" src=\"https:\/\/stolavsleden.se\/wp-content\/uploads\/2020\/03\/History_St.Olav_-680x1024.jpg\" alt=\"\" class=\"wp-image-672\" srcset=\"https:\/\/stolavsleden.com\/wp-content\/uploads\/2020\/03\/History_St.Olav_-680x1024.jpg 680w, https:\/\/stolavsleden.com\/wp-content\/uploads\/2020\/03\/History_St.Olav_-199x300.jpg 199w, https:\/\/stolavsleden.com\/wp-content\/uploads\/2020\/03\/History_St.Olav_-768x1156.jpg 768w, https:\/\/stolavsleden.com\/wp-content\/uploads\/2020\/03\/History_St.Olav_.jpg 800w\" sizes=\"(max-width: 680px) 100vw, 680px\" \/><\/figure>\n\n\n\n<div style=\"height:100px\" aria-hidden=\"true\" class=\"wp-block-spacer\"><\/div>\n\n\n\n<figure class=\"wp-block-image size-large\"><img decoding=\"async\" width=\"1024\" height=\"667\" src=\"https:\/\/stolavsleden.se\/wp-content\/uploads\/2020\/04\/stolavsleden_taiga_012-1024x667.jpg\" alt=\"\" class=\"wp-image-3845\" srcset=\"https:\/\/stolavsleden.com\/wp-content\/uploads\/2020\/04\/stolavsleden_taiga_012-1024x667.jpg 1024w, https:\/\/stolavsleden.com\/wp-content\/uploads\/2020\/04\/stolavsleden_taiga_012-768x500.jpg 768w, https:\/\/stolavsleden.com\/wp-content\/uploads\/2020\/04\/stolavsleden_taiga_012-1536x1001.jpg 1536w, https:\/\/stolavsleden.com\/wp-content\/uploads\/2020\/04\/stolavsleden_taiga_012.jpg 1920w\" sizes=\"(max-width: 1024px) 100vw, 1024px\" \/><\/figure>\n\n\n\n<div style=\"height:100px\" aria-hidden=\"true\" class=\"wp-block-spacer\"><\/div>\n\n\n\n<figure class=\"wp-block-image size-large\"><img decoding=\"async\" width=\"683\" height=\"1024\" src=\"https:\/\/stolavsleden.se\/wp-content\/uploads\/2020\/04\/stolavsleden_HW_3250-683x1024.jpg\" alt=\"\" class=\"wp-image-3843\" srcset=\"https:\/\/stolavsleden.com\/wp-content\/uploads\/2020\/04\/stolavsleden_HW_3250-683x1024.jpg 683w, https:\/\/stolavsleden.com\/wp-content\/uploads\/2020\/04\/stolavsleden_HW_3250-768x1152.jpg 768w, https:\/\/stolavsleden.com\/wp-content\/uploads\/2020\/04\/stolavsleden_HW_3250-1024x1536.jpg 1024w, https:\/\/stolavsleden.com\/wp-content\/uploads\/2020\/04\/stolavsleden_HW_3250-1365x2048.jpg 1365w, https:\/\/stolavsleden.com\/wp-content\/uploads\/2020\/04\/stolavsleden_HW_3250-scaled.jpg 1707w\" sizes=\"(max-width: 683px) 100vw, 683px\" \/><\/figure>\n<\/div>\n<\/div>\n\n<h2 class=\"wp-block-heading\">Stories along St. Olavsleden<\/h2>\n<figure class=\"wp-block-embed is-type-video is-provider-youtube wp-block-embed-youtube wp-embed-aspect-16-9 wp-has-aspect-ratio\">\r\n<div class=\"wp-block-embed__wrapper\">https:\/\/www.youtube.com\/watch?v=gN0TvfApP-E&amp;list=PLZlrClbOrhQx18zvEeUyeQbId6WM1an1m<\/div><\/figure>\n<div style=\"height:100px\" aria-hidden=\"true\" class=\"wp-block-spacer\"><\/div>\n\n<div class=\"wp-block-columns is-layout-flex wp-container-core-columns-is-layout-9d6595d7 wp-block-columns-is-layout-flex\">\n<div class=\"wp-block-column is-layout-flow wp-block-column-is-layout-flow\">\n<h2 class=\"wp-block-heading\">Helgonf\u00f6rklaring<\/h2>\n\n\n\n<figure class=\"wp-block-image size-full\"><img loading=\"lazy\" decoding=\"async\" width=\"800\" height=\"500\" src=\"https:\/\/stolavsleden.com\/wp-content\/uploads\/2020\/03\/history_stolav.jpg\" alt=\"\" class=\"wp-image-3848\" srcset=\"https:\/\/stolavsleden.com\/wp-content\/uploads\/2020\/03\/history_stolav.jpg 800w, https:\/\/stolavsleden.com\/wp-content\/uploads\/2020\/03\/history_stolav-300x188.jpg 300w, https:\/\/stolavsleden.com\/wp-content\/uploads\/2020\/03\/history_stolav-768x480.jpg 768w\" sizes=\"(max-width: 800px) 100vw, 800px\" \/><\/figure>\n\n\n\n<p>Ett \u00e5r efter slaget vid Stiklestad gr\u00e4vdes Olavs kropp upp. Biskopen uts\u00e5g honom till en helig man med befolkningens st\u00f6d. Olav helgonf\u00f6rklarades som martyr. Hans d\u00f6d f\u00f6r kristendomen betraktades som ett s\u00e4kert bevis p\u00e5 att han var Guds instrument. Han hedrade sig som en av Norges apostlar f\u00f6r att ha fullbordat den l\u00e5nga kristningsprocessen. Denna unika kombination av martyr och apostel \u00e4r kanske den fr\u00e4msta anledningen till att Olav fick s\u00e5 starka och breda anh\u00e4ngare. Olav var en mycket popul\u00e4r helgon och v\u00e4djade till alla samh\u00e4llsgrupper.<\/p>\n<\/div>\n\n\n\n<div class=\"wp-block-column is-layout-flow wp-block-column-is-layout-flow\">\n<h2 class=\"wp-block-heading\">Skydd<\/h2>\n\n\n\n<figure class=\"wp-block-image size-full\"><img loading=\"lazy\" decoding=\"async\" width=\"800\" height=\"500\" src=\"https:\/\/stolavsleden.com\/wp-content\/uploads\/2020\/03\/history_st.olavspring.jpg\" alt=\"\" class=\"wp-image-3849\" srcset=\"https:\/\/stolavsleden.com\/wp-content\/uploads\/2020\/03\/history_st.olavspring.jpg 800w, https:\/\/stolavsleden.com\/wp-content\/uploads\/2020\/03\/history_st.olavspring-300x188.jpg 300w, https:\/\/stolavsleden.com\/wp-content\/uploads\/2020\/03\/history_st.olavspring-768x480.jpg 768w\" sizes=\"(max-width: 800px) 100vw, 800px\" \/><\/figure>\n\n\n\n<p>\u00d6vernattning f\u00f6r pilgrimer byggdes l\u00e4ngs S:t Olavsleden, k\u00e4nt som \u201dsj\u00e4lskydd\u201d. Pilgrimer drack av kalla k\u00e4llor l\u00e4ngs v\u00e4gen, som har f\u00e5tt sitt namn efter S:t Olav. Legenden s\u00e4ger att k\u00e4llorna d\u00f6k upp n\u00e4r Olav slog sin stav i marken och fick vatten att str\u00f6mma fr\u00e5n jorden. K\u00e4llvattnet tros fr\u00e4mja god h\u00e4lsa, ytterligare ett incitament f\u00f6r pilgrimsf\u00e4rden. De mest k\u00e4nda S:t Olav-k\u00e4llorna finns i Borgsj\u00f6 och Pilgrimstad. Du kan fortfarande dricka kallt, uppfriskande vatten fr\u00e5n k\u00e4llorna medan du andar frisk luft.<\/p>\n<\/div>\n\n\n\n<div class=\"wp-block-column is-layout-flow wp-block-column-is-layout-flow\">\n<h2 class=\"wp-block-heading\">Nidaros<\/h2>\n\n\n\n<figure class=\"wp-block-image size-full\"><img loading=\"lazy\" decoding=\"async\" width=\"800\" height=\"500\" src=\"https:\/\/stolavsleden.com\/wp-content\/uploads\/2020\/03\/History_Nidaros.jpg\" alt=\"\" class=\"wp-image-3850\" srcset=\"https:\/\/stolavsleden.com\/wp-content\/uploads\/2020\/03\/History_Nidaros.jpg 800w, https:\/\/stolavsleden.com\/wp-content\/uploads\/2020\/03\/History_Nidaros-300x188.jpg 300w, https:\/\/stolavsleden.com\/wp-content\/uploads\/2020\/03\/History_Nidaros-768x480.jpg 768w\" sizes=\"(max-width: 800px) 100vw, 800px\" \/><\/figure>\n\n\n\n<p>De \u00e4ldsta bevarade delarna av Nidarosdomen \u00e4r romanska fr\u00e5n mitten av 1100-talet. Nidarosdomen har renoverats flera g\u00e5nger &#8211; \u00f6verv\u00e4gande i gotisk stil &#8211; efter att ha skadats av eld. Sitt p\u00e5 en b\u00e4nk utanf\u00f6r och studera katedralens v\u00e4stra v\u00e4gg. Skulpturer p\u00e5 v\u00e4ggen skildrar scener inklusive korsf\u00e4stelsen och h\u00f6gst upp Kristi uppstigning. 400 000 m\u00e4nniskor bes\u00f6ker Nidarosdomen varje \u00e5r fr\u00e5n hela v\u00e4rlden.<\/p>\n<\/div>\n<\/div>\n\n<p><\/p>\n","protected":false},"excerpt":{"rendered":"<p>Om den helige Olav Historien om Olav Haraldsson \u2013 bygger p\u00e5 skr\u00f6nor och sagor men ocks\u00e5 en del trov\u00e4rdiga k\u00e4llor. Den isl\u00e4ndska historikern och f\u00f6rfattaren Snorre Sturluson skrev omkring \u00e5ren 1230 \u2013 1240 de s.k. Nordiska Kungasagorna d\u00e4r en av b\u00f6ckerna just heter \u201dOlav den heliges saga\u201d skriven ca 200 \u00e5r efter Olav Haraldsson d\u00f6d. [&hellip;]<\/p>\n","protected":false},"author":1,"featured_media":2246,"parent":0,"menu_order":0,"comment_status":"closed","ping_status":"closed","template":"","meta":{"_acf_changed":false,"footnotes":""},"class_list":["post-2245","page","type-page","status-publish","has-post-thumbnail","hentry"],"acf":[],"_links":{"self":[{"href":"https:\/\/stolavsleden.com\/sv\/wp-json\/wp\/v2\/pages\/2245","targetHints":{"allow":["GET"]}}],"collection":[{"href":"https:\/\/stolavsleden.com\/sv\/wp-json\/wp\/v2\/pages"}],"about":[{"href":"https:\/\/stolavsleden.com\/sv\/wp-json\/wp\/v2\/types\/page"}],"author":[{"embeddable":true,"href":"https:\/\/stolavsleden.com\/sv\/wp-json\/wp\/v2\/users\/1"}],"replies":[{"embeddable":true,"href":"https:\/\/stolavsleden.com\/sv\/wp-json\/wp\/v2\/comments?post=2245"}],"version-history":[{"count":3,"href":"https:\/\/stolavsleden.com\/sv\/wp-json\/wp\/v2\/pages\/2245\/revisions"}],"predecessor-version":[{"id":6018,"href":"https:\/\/stolavsleden.com\/sv\/wp-json\/wp\/v2\/pages\/2245\/revisions\/6018"}],"wp:featuredmedia":[{"embeddable":true,"href":"https:\/\/stolavsleden.com\/sv\/wp-json\/wp\/v2\/media\/2246"}],"wp:attachment":[{"href":"https:\/\/stolavsleden.com\/sv\/wp-json\/wp\/v2\/media?parent=2245"}],"curies":[{"name":"wp","href":"https:\/\/api.w.org\/{rel}","templated":true}]}}