{"id":2238,"date":"2020-02-18T11:50:58","date_gmt":"2020-02-18T10:50:58","guid":{"rendered":"https:\/\/stolavsleden.se\/getting-here-and-away\/"},"modified":"2024-05-20T13:54:43","modified_gmt":"2024-05-20T11:54:43","slug":"resa-till-och-fran","status":"publish","type":"page","link":"https:\/\/stolavsleden.com\/sv\/resa-till-och-fran\/","title":{"rendered":"Resa till och fr\u00e5n"},"content":{"rendered":"\n<div class=\"wp-block-columns is-layout-flex wp-container-core-columns-is-layout-9d6595d7 wp-block-columns-is-layout-flex\">\n<div class=\"wp-block-column is-layout-flow wp-block-column-is-layout-flow\">\n<h2 class=\"wp-block-heading\">Till Sundsvall \/\nSel\u00e5nger<\/h2>\n\n\n\n<figure class=\"wp-block-image size-full\"><img fetchpriority=\"high\" decoding=\"async\" width=\"2560\" height=\"1440\" src=\"https:\/\/stolavsleden.com\/wp-content\/uploads\/2020\/03\/st-olavsleden_Sela\u030anger-scaled.jpg\" alt=\"\" class=\"wp-image-2112\" srcset=\"https:\/\/stolavsleden.com\/wp-content\/uploads\/2020\/03\/st-olavsleden_Sela\u030anger-scaled.jpg 2560w, https:\/\/stolavsleden.com\/wp-content\/uploads\/2020\/03\/st-olavsleden_Sela\u030anger-300x169.jpg 300w, https:\/\/stolavsleden.com\/wp-content\/uploads\/2020\/03\/st-olavsleden_Sela\u030anger-1024x576.jpg 1024w, https:\/\/stolavsleden.com\/wp-content\/uploads\/2020\/03\/st-olavsleden_Sela\u030anger-768x432.jpg 768w, https:\/\/stolavsleden.com\/wp-content\/uploads\/2020\/03\/st-olavsleden_Sela\u030anger-1536x864.jpg 1536w, https:\/\/stolavsleden.com\/wp-content\/uploads\/2020\/03\/st-olavsleden_Sela\u030anger-2048x1152.jpg 2048w\" sizes=\"(max-width: 2560px) 100vw, 2560px\" \/><\/figure>\n\n\n\n<p><strong>Flyg:<\/strong>&nbsp;Flygplatsen heter&nbsp;<strong><a href=\"http:\/\/www.sdlairport.se\/english\/start.html\" target=\"_blank\" rel=\"noreferrer noopener\">Sundsvall Timr\u00e5 Airport<\/a><\/strong>&nbsp;och ligger efter E4, 21 km norr om Sundsvalls centrum<\/p>\n\n\n\n<p><strong>T\u00e5g:&nbsp;<\/strong>Till Sundsvall \u00e5ker man med&nbsp;<strong><a href=\"http:\/\/www.sj.se\/\" target=\"_blank\" rel=\"noreferrer noopener\">SJ<\/a><\/strong><a href=\"http:\/\/www.sj.se\/\" target=\"_blank\" rel=\"noreferrer noopener\">,<\/a>&nbsp;fr\u00e5n Stockholm och Arlanda tar det ca 3.5 timmar med deras snabbt\u00e5g.<\/p>\n\n\n\n<p><strong>Buss:&nbsp;<\/strong>Det finns flera olika bussbolag att v\u00e4lja mellan. Bland annat&nbsp;<strong><a href=\"https:\/\/www.ybuss.se\/\" target=\"_blank\" rel=\"noreferrer noopener\">Ybuss<\/a><\/strong>&nbsp;och&nbsp;<strong><a href=\"https:\/\/www.flixbus.se\/\" target=\"_blank\" rel=\"noreferrer noopener\">Flixbus.<\/a><\/strong><\/p>\n\n\n\n<p><strong>Bil:<\/strong>&nbsp;Till Sundsvall kommer man enklast via E 4 eller E14.<\/p>\n\n\n\n<p>Anl\u00e4nder du med t\u00e5g till Sundsvall kan du f\u00f6lja S:t Olavsleden-skyltar de 10 f\u00f6rsta kilometrarna fr\u00e5n Sundsvall station till starten i Sel\u00e5nger.<\/p>\n<\/div>\n\n\n\n<div class=\"wp-block-column is-layout-flow wp-block-column-is-layout-flow\">\n<h2 class=\"wp-block-heading\">Fr\u00e5n\nTrondheim<\/h2>\n\n\n\n<figure class=\"wp-block-image size-full\"><img decoding=\"async\" width=\"2560\" height=\"1440\" src=\"https:\/\/stolavsleden.com\/wp-content\/uploads\/2020\/03\/stolavsleden_Trondheim-scaled.jpg\" alt=\"\" class=\"wp-image-5764\" srcset=\"https:\/\/stolavsleden.com\/wp-content\/uploads\/2020\/03\/stolavsleden_Trondheim-scaled.jpg 2560w, https:\/\/stolavsleden.com\/wp-content\/uploads\/2020\/03\/stolavsleden_Trondheim-300x169.jpg 300w, https:\/\/stolavsleden.com\/wp-content\/uploads\/2020\/03\/stolavsleden_Trondheim-1024x576.jpg 1024w, https:\/\/stolavsleden.com\/wp-content\/uploads\/2020\/03\/stolavsleden_Trondheim-768x432.jpg 768w, https:\/\/stolavsleden.com\/wp-content\/uploads\/2020\/03\/stolavsleden_Trondheim-1536x864.jpg 1536w, https:\/\/stolavsleden.com\/wp-content\/uploads\/2020\/03\/stolavsleden_Trondheim-2048x1152.jpg 2048w\" sizes=\"(max-width: 2560px) 100vw, 2560px\" \/><\/figure>\n\n\n\n<p><strong>Flyg<\/strong>:&nbsp;<strong><a href=\"https:\/\/avinor.no\/en\/airport\/trondheim-airport\/\" target=\"_blank\" rel=\"noreferrer noopener\">Trondheim airport<\/a><\/strong>&nbsp;ligger i V\u00e6rn\u00e6s vid E6, 35 km norr om Trondheims centrum.<\/p>\n\n\n\n<p><strong>T\u00e5g:&nbsp;<\/strong><a rel=\"noreferrer noopener\" href=\"http:\/\/vy.se\/\" target=\"_blank\"><strong>Vy T\u00e5g<\/strong><\/a>&nbsp;tar dig genom st\u00f6rsta delen av Norge och p\u00e5 deras webb bokar du smidigt din t\u00e5gbiljett. Du kan ocks\u00e5 anv\u00e4nda reseplaneraren&nbsp;<a href=\"https:\/\/entur.no\/\" target=\"_blank\" rel=\"noopener\"><strong>Entur<\/strong><\/a>.<\/p>\n\n\n\n<p><strong>Buss:&nbsp;<\/strong>Information om bussar finns p\u00e5&nbsp;<strong><a href=\"https:\/\/www.atb.no\/\" target=\"_blank\" rel=\"noreferrer noopener\" aria-label=\" (\u00f6ppnas i en ny flik)\">AtB<\/a><\/strong>,<strong>&nbsp;<a href=\"http:\/\/www.nettbuss.no\/\" target=\"_blank\" rel=\"noreferrer noopener\">Nettbuss<\/a>&nbsp;<\/strong>and&nbsp;<strong><a href=\"https:\/\/en-tur.no\/\" target=\"_blank\" rel=\"noreferrer noopener\">Entur<\/a><\/strong><\/p>\n\n\n\n<p><strong>Bil:&nbsp;<\/strong>E14 \u00f6sterut mot Sverige eller E6an s\u00f6derut eller norrut.<\/p>\n<\/div>\n\n\n\n<div class=\"wp-block-column is-layout-flow wp-block-column-is-layout-flow\">\n<h2 class=\"wp-block-heading\">Till och fr\u00e5n\n\u00d6stersund<\/h2>\n\n\n\n<figure class=\"wp-block-image size-full\"><img decoding=\"async\" width=\"2560\" height=\"1440\" src=\"https:\/\/stolavsleden.com\/wp-content\/uploads\/2020\/03\/St-Olavsleden_O\u0308stersund-scaled.jpg\" alt=\"\" class=\"wp-image-2110\" srcset=\"https:\/\/stolavsleden.com\/wp-content\/uploads\/2020\/03\/St-Olavsleden_O\u0308stersund-scaled.jpg 2560w, https:\/\/stolavsleden.com\/wp-content\/uploads\/2020\/03\/St-Olavsleden_O\u0308stersund-300x169.jpg 300w, https:\/\/stolavsleden.com\/wp-content\/uploads\/2020\/03\/St-Olavsleden_O\u0308stersund-1024x576.jpg 1024w, https:\/\/stolavsleden.com\/wp-content\/uploads\/2020\/03\/St-Olavsleden_O\u0308stersund-768x432.jpg 768w, https:\/\/stolavsleden.com\/wp-content\/uploads\/2020\/03\/St-Olavsleden_O\u0308stersund-1536x864.jpg 1536w, https:\/\/stolavsleden.com\/wp-content\/uploads\/2020\/03\/St-Olavsleden_O\u0308stersund-2048x1152.jpg 2048w\" sizes=\"(max-width: 2560px) 100vw, 2560px\" \/><\/figure>\n\n\n\n<p><strong>Flyg:&nbsp;<a href=\"https:\/\/www.swedavia.se\/ostersund\/\" target=\"_blank\" rel=\"noreferrer noopener\">\u00c5re-\u00d6stersund<\/a><\/strong>&nbsp;ligger strax utanf\u00f6r \u00d6stersund, restiden in till centrum \u00e4r cirka 10 minuter. Restiden \u00e4r en dryg timme fr\u00e5n \u00c5re till flygplatsen.<\/p>\n\n\n\n<p><strong>T\u00e5g:<\/strong>&nbsp;Det g\u00e5r snabbt\u00e5g (tar ca 5 timmar) med<strong><a href=\"http:\/\/www.sj.se\/\" target=\"_blank\" rel=\"noreferrer noopener\">&nbsp;<\/a><a href=\"https:\/\/www.sj.se\/#\/\" target=\"_blank\" rel=\"noreferrer noopener\">SJ<\/a><\/strong>&nbsp;till bland annat Stockholm och Arlanda. Det g\u00e5r \u00e4ven natt\u00e5g.&nbsp;<strong><a href=\"http:\/\/inlandsbanan.se\/\" target=\"_blank\" rel=\"noreferrer noopener\">Inlandsbanan&nbsp;<\/a><\/strong>g\u00e5r mellan Kristinehamn och G\u00e4llivare och stannar i \u00d6stersund. Ett vackert och lite l\u00e5ngsammare alternativ!<\/p>\n\n\n\n<p><strong>Buss:&nbsp;<\/strong>F\u00f6r att ta sig med buss till \u00d6stersund finns&nbsp;<strong><a href=\"https:\/\/www.flixbus.se\/\" target=\"_blank\" rel=\"noreferrer noopener\">Flixbus<\/a><\/strong>&nbsp;att nyttja.<\/p>\n\n\n\n<p><strong>Bil:&nbsp;<\/strong>E14 g\u00e5r \u00f6ster eller v\u00e4sterut. E 45 g\u00e5r s\u00f6der och norr.<\/p>\n<\/div>\n<\/div>\n\n\n\n<h2 class=\"wp-block-heading\">T\u00c5G OCH BUSSAR L\u00c4NGS LEDEN<\/h2>\n\n\n\n<div class=\"wp-block-columns is-layout-flex wp-container-core-columns-is-layout-9d6595d7 wp-block-columns-is-layout-flex\">\n<div class=\"wp-block-column is-layout-flow wp-block-column-is-layout-flow\">\n<p>Lokala t\u00e5g och bussar g\u00e5r mellan flera av orterna l\u00e4ngs S:t Olavsleden. Det betyder att du kan vandra en str\u00e4cka mitt i leden f\u00f6r att sedan ta t\u00e5get eller bussen till en annan str\u00e4cka. T\u00e5g som sk\u00f6ts av <strong><a aria-label=\"SJ (\u00f6ppnas i en ny flik)\" href=\"https:\/\/www.sj.se\/en\/home.html#\/\" target=\"_blank\" rel=\"noreferrer noopener\">SJ<\/a><\/strong> (Sveriges J\u00e4rnv\u00e4g) och <a href=\"https:\/\/www.vy.no\" target=\"_blank\" rel=\"noreferrer noopener\"><strong>VY<\/strong><\/a> (Norges J\u00e4rnv\u00e4g) stannar vid dessa st\u00f6rre orter\/st\u00e4der i Sverige: Sundsvall, \u00c5nge, Br\u00e4cke, \u00d6stersund, \u00c5re, Duved. I Norge finns stationer n\u00e4ra leden i Stj\u00f8rdal, Hell, Vikhammer och Trondheim. T\u00e5g fr\u00e5n norr stannar i Verdal.<\/p>\n\n\n\n<p>Med lokalt\u00e5get\u00a0\u2013 <strong><a href=\"http:\/\/www.norrtag.se\/\" target=\"_blank\" rel=\"noreferrer noopener\">Norrt\u00e5g<\/a><\/strong>\u00a0kan du \u00e4ven kliva av vid mindre stationer. Dessa t\u00e5gstationer finns i Sundsvall, St\u00f6de, Torpshammar, Fr\u00e4nsta, Ljungaverk, Erikslund, \u00c5nge (med buss till Borgsj\u00f6), Br\u00e4cke, Stavre, G\u00e4ll\u00f6, Pilgrimstad, Brunflo, \u00d6stersund, Krokom (med buss till N\u00e4lden), M\u00f6rsil, J\u00e4rpen, Unders\u00e5ker, \u00c5re och Duved.<\/p>\n<\/div>\n\n\n\n<div class=\"wp-block-column is-layout-flow wp-block-column-is-layout-flow\">\n<p>I Norge finns stationer n\u00e4ra leden i Stj\u00f8rdal, Hell, Vikhammer och Trondheim. P\u00e5 dessa t\u00e5g kan man \u00e4ven ta med cykel. L\u00e4s mer p\u00e5&nbsp;<a href=\"https:\/\/www.norrtag.se\/#\/\" target=\"_blank\" rel=\"noreferrer noopener\"><strong>www.norrtag.se<\/strong><\/a><\/p>\n\n\n\n<p>I Sverige finns information om bussar som g\u00e4ller V\u00e4sternorrland och leden fr\u00e5n Sundsvall till Borgsj\u00f6 p\u00e5&nbsp;<strong><a href=\"http:\/\/www.dintur.se\/\" target=\"_blank\" rel=\"noreferrer noopener\">www.dintur.se<\/a><\/strong>&nbsp; Vad g\u00e4ller J\u00e4mtland finns information p\u00e5&nbsp;<strong><a href=\"https:\/\/ltr.se\/\" target=\"_blank\" rel=\"noreferrer noopener\">www.ltr.se.<\/a><\/strong>\nI Norge finns information p\u00e5&nbsp;<strong><a href=\"http:\/\/www.nettbuss.no\/\" target=\"_blank\" rel=\"noreferrer noopener\">www.nettbuss.no<\/a>&nbsp;<\/strong>och&nbsp;<strong><a href=\"https:\/\/www.atb.no\/\" target=\"_blank\" rel=\"noreferrer noopener\">www.atb.no<\/a><\/strong><\/p>\n\n\n\n<h3 class=\"wp-block-heading\">L\u00e4stips!<\/h3>\n\n\n\n<p>P\u00e5&nbsp;<a href=\"https:\/\/adventuresweden.com\/train-adventure-st-olavsleden\/\" target=\"_blank\" rel=\"noreferrer noopener\" aria-label=\"adventuresweden.com (\u00f6ppnas i en ny flik)\">adventuresweden.com<\/a>&nbsp;kan du l\u00e4sa om m\u00f6jligheten att g\u00f6ra en pilgrimsresa l\u00e4ngs S:t Olavsleden med t\u00e5g.<\/p>\n<\/div>\n\n\n\n<div class=\"wp-block-column is-layout-flow wp-block-column-is-layout-flow\">\n<figure class=\"wp-block-image size-large\"><img loading=\"lazy\" decoding=\"async\" width=\"680\" height=\"1024\" src=\"https:\/\/stolavsleden.com\/wp-content\/uploads\/2020\/03\/stolavsleden_transportation-680x1024.jpg\" alt=\"\" class=\"wp-image-2113\" srcset=\"https:\/\/stolavsleden.com\/wp-content\/uploads\/2020\/03\/stolavsleden_transportation-680x1024.jpg 680w, https:\/\/stolavsleden.com\/wp-content\/uploads\/2020\/03\/stolavsleden_transportation-199x300.jpg 199w, https:\/\/stolavsleden.com\/wp-content\/uploads\/2020\/03\/stolavsleden_transportation-768x1157.jpg 768w, https:\/\/stolavsleden.com\/wp-content\/uploads\/2020\/03\/stolavsleden_transportation-1020x1536.jpg 1020w, https:\/\/stolavsleden.com\/wp-content\/uploads\/2020\/03\/stolavsleden_transportation.jpg 1024w\" sizes=\"(max-width: 680px) 100vw, 680px\" \/><\/figure>\n<\/div>\n<\/div>\n","protected":false},"excerpt":{"rendered":"<p>Till Sundsvall \/ Sel\u00e5nger Flyg:&nbsp;Flygplatsen heter&nbsp;Sundsvall Timr\u00e5 Airport&nbsp;och ligger efter E4, 21 km norr om Sundsvalls centrum T\u00e5g:&nbsp;Till Sundsvall \u00e5ker man med&nbsp;SJ,&nbsp;fr\u00e5n Stockholm och Arlanda tar det ca 3.5 timmar med deras snabbt\u00e5g. Buss:&nbsp;Det finns flera olika bussbolag att v\u00e4lja mellan. Bland annat&nbsp;Ybuss&nbsp;och&nbsp;Flixbus. Bil:&nbsp;Till Sundsvall kommer man enklast via E 4 eller E14. Anl\u00e4nder du [&hellip;]<\/p>\n","protected":false},"author":3,"featured_media":2239,"parent":0,"menu_order":0,"comment_status":"closed","ping_status":"closed","template":"","meta":{"_acf_changed":false,"footnotes":""},"class_list":["post-2238","page","type-page","status-publish","has-post-thumbnail","hentry"],"acf":[],"_links":{"self":[{"href":"https:\/\/stolavsleden.com\/sv\/wp-json\/wp\/v2\/pages\/2238","targetHints":{"allow":["GET"]}}],"collection":[{"href":"https:\/\/stolavsleden.com\/sv\/wp-json\/wp\/v2\/pages"}],"about":[{"href":"https:\/\/stolavsleden.com\/sv\/wp-json\/wp\/v2\/types\/page"}],"author":[{"embeddable":true,"href":"https:\/\/stolavsleden.com\/sv\/wp-json\/wp\/v2\/users\/3"}],"replies":[{"embeddable":true,"href":"https:\/\/stolavsleden.com\/sv\/wp-json\/wp\/v2\/comments?post=2238"}],"version-history":[{"count":2,"href":"https:\/\/stolavsleden.com\/sv\/wp-json\/wp\/v2\/pages\/2238\/revisions"}],"predecessor-version":[{"id":9008,"href":"https:\/\/stolavsleden.com\/sv\/wp-json\/wp\/v2\/pages\/2238\/revisions\/9008"}],"wp:featuredmedia":[{"embeddable":true,"href":"https:\/\/stolavsleden.com\/sv\/wp-json\/wp\/v2\/media\/2239"}],"wp:attachment":[{"href":"https:\/\/stolavsleden.com\/sv\/wp-json\/wp\/v2\/media?parent=2238"}],"curies":[{"name":"wp","href":"https:\/\/api.w.org\/{rel}","templated":true}]}}