{"id":2231,"date":"2020-02-18T12:02:24","date_gmt":"2020-02-18T11:02:24","guid":{"rendered":"https:\/\/stolavsleden.se\/equipment\/"},"modified":"2021-07-09T14:58:38","modified_gmt":"2021-07-09T12:58:38","slug":"utrustning","status":"publish","type":"page","link":"https:\/\/stolavsleden.com\/sv\/utrustning\/","title":{"rendered":"Utrustning"},"content":{"rendered":"\n<div class=\"wp-block-columns is-layout-flex wp-container-core-columns-is-layout-9d6595d7 wp-block-columns-is-layout-flex\">\n<div class=\"wp-block-column is-layout-flow wp-block-column-is-layout-flow\">\n<h2 class=\"wp-block-heading\">F\u00f6r \u00f6vernattning<\/h2>\n\n\n\n<figure class=\"wp-block-image size-full\"><img fetchpriority=\"high\" decoding=\"async\" width=\"1000\" height=\"600\" src=\"https:\/\/stolavsleden.com\/wp-content\/uploads\/2020\/03\/Equipment_sleeping.jpg\" alt=\"\" class=\"wp-image-5828\" srcset=\"https:\/\/stolavsleden.com\/wp-content\/uploads\/2020\/03\/Equipment_sleeping.jpg 1000w, https:\/\/stolavsleden.com\/wp-content\/uploads\/2020\/03\/Equipment_sleeping-300x180.jpg 300w, https:\/\/stolavsleden.com\/wp-content\/uploads\/2020\/03\/Equipment_sleeping-768x461.jpg 768w\" sizes=\"(max-width: 1000px) 100vw, 1000px\" \/><\/figure>\n\n\n\n<p>Det g\u00e5r att bo under tak efter hela leden. Vissa av v\u00e5ra boenden \u00e4r mindre och kan beh\u00f6va bokas i f\u00f6rv\u00e4g f\u00f6r att du ska f\u00e5 plats. Det finns en variation av enklare stugor till riktiga hotell.\u00a0P\u00e5 m\u00e5nga boenden ing\u00e5r s\u00e4nglinne, eller g\u00e5r att k\u00f6pa till men det kan vara bra med ett l\u00e4tt reselakan i packningen.&#13;\n&#13;\n<a href=\"https:\/\/stolavsleden.com\/sv\/boende\/\">Klicka h\u00e4r f\u00f6r att se alla boenden l\u00e4ngs leden.<\/a><\/p>\n<\/div>\n\n\n\n<div class=\"wp-block-column is-layout-flow wp-block-column-is-layout-flow\">\n<h2 class=\"wp-block-heading\">Mat<\/h2>\n\n\n\n<figure class=\"wp-block-image size-full\"><img decoding=\"async\" width=\"1000\" height=\"600\" src=\"https:\/\/stolavsleden.com\/wp-content\/uploads\/2020\/03\/equipment_food.jpg\" alt=\"\" class=\"wp-image-5827\" srcset=\"https:\/\/stolavsleden.com\/wp-content\/uploads\/2020\/03\/equipment_food.jpg 1000w, https:\/\/stolavsleden.com\/wp-content\/uploads\/2020\/03\/equipment_food-300x180.jpg 300w, https:\/\/stolavsleden.com\/wp-content\/uploads\/2020\/03\/equipment_food-768x461.jpg 768w\" sizes=\"(max-width: 1000px) 100vw, 1000px\" \/><\/figure>\n\n\n\n<p>Det finns aff\u00e4rer och restauranger efter leden d\u00e4r du kan \u00e4ta eller k\u00f6pa mat. Men med ett friluftsk\u00f6k i packningen blir friheten st\u00f6rre men kom ih\u00e5g att p\u00e5 grund av brandrisken \u00e4r friluftsk\u00f6k inte till\u00e5tet i Norge f\u00f6rutom vid vatten och p\u00e5 fj\u00e4llet. Du m\u00e5ste vara mycket f\u00f6rsiktig \u00e4ven i Sverige under varma perioder. Ett alternativ \u00e4r att fylla en termos med hett vatten vid boendest\u00e4llet, och s\u00e5 kan du g\u00f6ra soppa och dricka te eller kaffe under dagen. Ta med en flaska s\u00e5 kan du fylla p\u00e5 vatten under vandringen, det g\u00e5r att dricka vattnet i S:t Olavsk\u00e4llorna och i str\u00f6mmande vatten. Ta ocks\u00e5 med ett sittunderlag f\u00f6r rasten.<\/p>\n<\/div>\n<\/div>\n\n<div class=\"wp-block-columns is-layout-flex wp-container-core-columns-is-layout-9d6595d7 wp-block-columns-is-layout-flex\">\n<div class=\"wp-block-column is-layout-flow wp-block-column-is-layout-flow\">\n<h2 class=\"wp-block-heading\">Kl\u00e4der<\/h2>\n\n\n\n<figure class=\"wp-block-image size-full\"><img decoding=\"async\" width=\"1000\" height=\"600\" src=\"https:\/\/stolavsleden.com\/wp-content\/uploads\/2020\/03\/equipment_clothes.jpg\" alt=\"\" class=\"wp-image-5826\" srcset=\"https:\/\/stolavsleden.com\/wp-content\/uploads\/2020\/03\/equipment_clothes.jpg 1000w, https:\/\/stolavsleden.com\/wp-content\/uploads\/2020\/03\/equipment_clothes-300x180.jpg 300w, https:\/\/stolavsleden.com\/wp-content\/uploads\/2020\/03\/equipment_clothes-768x461.jpg 768w\" sizes=\"(max-width: 1000px) 100vw, 1000px\" \/><\/figure>\n\n\n\n<p>Vad man har p\u00e5 f\u00f6tterna \u00e4r ju alltid viktigt men speciellt n\u00e4r man ska vandra s\u00e5 l\u00e5ngt som p\u00e5 S:t Olavsleden \u00e4r det av stor vikt. V\u00e4lj skor eller k\u00e4ngor som du g\u00e5tt mycket i och som du vet funkar f\u00f6r dina f\u00f6tter. Underlaget kommer variera mellan grusv\u00e4g, stig och asfalt.&#13;\n&#13;\nI packningen ska det ocks\u00e5 finnas regnkl\u00e4der, v\u00e4rmeplagg- g\u00e4rna i ull och ombyteskl\u00e4der. Ta med m\u00f6ssa och vantar, det kan bli kyligt speciellt i fj\u00e4lltrakterna. Det kan ocks\u00e5 bli h\u00e4rligt varmt s\u00e5 ta med badkl\u00e4der och en liten handduk och att ha ett par l\u00e4tta sandaler eller foppatofflor att byta till p\u00e5 kv\u00e4llen kan vara en underbar k\u00e4nsla!<\/p>\n<\/div>\n\n\n\n<div class=\"wp-block-column is-layout-flow wp-block-column-is-layout-flow\">\n<h2 class=\"wp-block-heading\">Fler saker att packa<\/h2>\n\n\n\n<figure class=\"wp-block-image size-full\"><img loading=\"lazy\" decoding=\"async\" width=\"1000\" height=\"600\" src=\"https:\/\/stolavsleden.com\/wp-content\/uploads\/2020\/03\/equipment_supplies.jpg\" alt=\"\" class=\"wp-image-5825\" srcset=\"https:\/\/stolavsleden.com\/wp-content\/uploads\/2020\/03\/equipment_supplies.jpg 1000w, https:\/\/stolavsleden.com\/wp-content\/uploads\/2020\/03\/equipment_supplies-300x180.jpg 300w, https:\/\/stolavsleden.com\/wp-content\/uploads\/2020\/03\/equipment_supplies-768x461.jpg 768w\" sizes=\"(max-width: 1000px) 100vw, 1000px\" \/><\/figure>\n\n\n\n<p>L\u00e4tt \u00e5tkomligt ska du ha kartor och kanske mobilen med information om S:t Olavsleden. Toalettpapper och skavs\u00e5rspl\u00e5ster brukar vara sk\u00f6nt att ha med sig och vill du g\u00f6ra dina behov i naturen s\u00e5 rekommenderas en liten l\u00e4tt spade.&#13;\n&#13;\nTa g\u00e4rna med en liten anteckningsbok \u2013 p\u00e5 vandring dyker de b\u00e4sta id\u00e9erna upp!&#13;\n&#13;\nF\u00f6rsta hj\u00e4lpen kit \u00e4r viktigt att ha med sig. Myggmedel och ett sittunderlag \u00e4r v\u00e4ldigt bra att ha med p\u00e5 sin vandring!<\/p>\n<\/div>\n<\/div>\n","protected":false},"excerpt":{"rendered":"<p>F\u00f6r \u00f6vernattning Det g\u00e5r att bo under tak efter hela leden. Vissa av v\u00e5ra boenden \u00e4r mindre och kan beh\u00f6va bokas i f\u00f6rv\u00e4g f\u00f6r att du ska f\u00e5 plats. Det finns en variation av enklare stugor till riktiga hotell.\u00a0P\u00e5 m\u00e5nga boenden ing\u00e5r s\u00e4nglinne, eller g\u00e5r att k\u00f6pa till men det kan vara bra med ett [&hellip;]<\/p>\n","protected":false},"author":3,"featured_media":2232,"parent":0,"menu_order":0,"comment_status":"closed","ping_status":"closed","template":"","meta":{"_acf_changed":false,"footnotes":""},"class_list":["post-2231","page","type-page","status-publish","has-post-thumbnail","hentry"],"acf":[],"_links":{"self":[{"href":"https:\/\/stolavsleden.com\/sv\/wp-json\/wp\/v2\/pages\/2231","targetHints":{"allow":["GET"]}}],"collection":[{"href":"https:\/\/stolavsleden.com\/sv\/wp-json\/wp\/v2\/pages"}],"about":[{"href":"https:\/\/stolavsleden.com\/sv\/wp-json\/wp\/v2\/types\/page"}],"author":[{"embeddable":true,"href":"https:\/\/stolavsleden.com\/sv\/wp-json\/wp\/v2\/users\/3"}],"replies":[{"embeddable":true,"href":"https:\/\/stolavsleden.com\/sv\/wp-json\/wp\/v2\/comments?post=2231"}],"version-history":[{"count":3,"href":"https:\/\/stolavsleden.com\/sv\/wp-json\/wp\/v2\/pages\/2231\/revisions"}],"predecessor-version":[{"id":6764,"href":"https:\/\/stolavsleden.com\/sv\/wp-json\/wp\/v2\/pages\/2231\/revisions\/6764"}],"wp:featuredmedia":[{"embeddable":true,"href":"https:\/\/stolavsleden.com\/sv\/wp-json\/wp\/v2\/media\/2232"}],"wp:attachment":[{"href":"https:\/\/stolavsleden.com\/sv\/wp-json\/wp\/v2\/media?parent=2231"}],"curies":[{"name":"wp","href":"https:\/\/api.w.org\/{rel}","templated":true}]}}