{"id":2217,"date":"2020-02-20T22:55:56","date_gmt":"2020-02-20T21:55:56","guid":{"rendered":"https:\/\/stolavsleden.se\/selanger-borgsjo\/"},"modified":"2025-03-28T09:16:05","modified_gmt":"2025-03-28T08:16:05","slug":"selanger-borgsjo","status":"publish","type":"page","link":"https:\/\/stolavsleden.com\/sv\/selanger-borgsjo\/","title":{"rendered":"Sel\u00e5nger &#8211; Borgsj\u00f6"},"content":{"rendered":"\n<p>Ruinen \u00e4r i dag en fridfull plats f\u00f6r musik och gudstj\u00e4nster. F\u00f6r er som kommer till Sundsvall med t\u00e5g kan med f\u00f6rdel f\u00f6lja ledm\u00e4rkningarna i \u00e5tta kilometer fr\u00e5n centralstationen till Sel\u00e5nger.<\/p>\n\n\n\n<p>S:t Olavsleden passerar Kungsn\u00e4s, d\u00e4r det l\u00e5g en forntida kungsg\u00e5rd. V\u00e4gen g\u00e5r fram i Sel\u00e5ngerdalens b\u00f6ljande jordbrukslandskap som har sp\u00e5r fr\u00e5n j\u00e4rn\u00e5ldern. I P\u00e5l\u00e4ng tar du av mot V\u00e4ster\u00e5sen och flera andra byar fr\u00e5n medeltiden. Tuna socken breder ut sig i Ljungans dalg\u00e5ng, och i Vattjom ligger ledens f\u00f6rsta k\u00e4nda S:t Olavsk\u00e4lla. En stig g\u00e5r upp till Torkarlsberget och Tuna Hembygdsg\u00e5rd med samlade hus fr\u00e5n trakten och \u00e4ven en runsten har flyttats hit.<\/p>\n\n\n\n<h2 class=\"wp-block-heading\">Uppfriskande bad<\/h2>\n\n\n\n<p>Mot St\u00f6de g\u00e5r f\u00e4rden&nbsp;natursk\u00f6nt p\u00e5 s\u00f6dra sidan av sj\u00f6n med m\u00f6jligheter till bad, och du passerar Lob\u00f6le bygdeg\u00e5rd.&nbsp;I&nbsp;<strong><a href=\"http:\/\/www.svenskakyrkan.se\/stode\" target=\"_blank\" rel=\"noreferrer noopener\">St\u00f6de kyrka<\/a><\/strong>&nbsp;finns en S:t Olavsskulptur, och invid Ljungan ligger en \u00f6rtag\u00e5rd som \u00e4r en doftande och fridfull meditationsplats. Det finns ett friluftsbad l\u00e4ngs leden och en&nbsp;<strong><a href=\"http:\/\/www.huberget.se\/\" target=\"_blank\" rel=\"noreferrer noopener\">hembygdsg\u00e5rd p\u00e5 Hubergets topp<\/a>.&nbsp;<a href=\"http:\/\/www.baggnasgarden.se\/\" target=\"_blank\" rel=\"noreferrer noopener\">Baggn\u00e4sg\u00e5rden<\/a><\/strong>&nbsp;var tidigare g\u00e4stgiveri d\u00e4r resande kunde byta h\u00e4star \u2013 och fortfarande kan tv\u00e5benta g\u00e4ster vila ut. Vandringen g\u00e5r vidare p\u00e5 Ljungan\u00e5sen.<\/p>\n\n\n\n<p>Efter Viskan passeras Storboda och du g\u00e5r i en vacker jordbruksbygd. H\u00e4r f\u00f6ddes Magnus Huss, som kallades Vildhussen efter att ha t\u00f6mt Ragundasj\u00f6n n\u00e4r han \u00e4ndrade en led f\u00f6r flottning av timmer. Han var \u00e4ven med och startade ett j\u00e4rnbruk i Torpshammar.<\/p>\n\n\n\n<p>H\u00e4r finns den gamla \u00e5ngb\u00e5ten Ljungfrun af Torpshammar. Fram till 1877 var det b\u00e5ttrafik \u00f6ver St\u00f6desj\u00f6n och Torpsj\u00f6n genom Ede kanal med slussar. Gods h\u00e4mtades av forb\u00f6nder f\u00f6r vidare befordran till J\u00e4mtland och H\u00e4rjedalen. N\u00e4r pilgrimsleden passerar Gim\u00e5n kan du se en r\u00e4nna av betong som anv\u00e4ndes vid flottningen. I Kl\u00f6stre ska det under medeltiden ha funnits en sj\u00e4lastuga som sk\u00f6ttes av munkar.<\/p>\n\n\n\n<h2 class=\"wp-block-heading\">SVERIGES L\u00c4NGSTA TR\u00c4BRO I FR\u00c4NSTA<\/h2>\n\n\n\n<p>Vid hembygdsg\u00e5rden i samh\u00e4llet Fr\u00e4nsta kan du njuta av vyn \u00f6ver Torpsj\u00f6n. Nere vid Torpssj\u00f6n ligger ocks\u00e5 vackra Torps kyrka som har en S:t Olavsskulptur fr\u00e5n 1200-talet.<\/p>\n\n\n\n<p>Sev\u00e4rd i Fr\u00e4nsta \u00e4r ocks\u00e5 Vikbron i tr\u00e4 fr\u00e5n 1888 som \u00e4r 133 meter och den l\u00e4ngsta i sitt slag i Sverige. Vandringen forts\u00e4tter efter den s\u00e5 kallade K\u00e4rleksstigen och d\u00e4r finns det flera rastplatser med vindskydd. Leden forts\u00e4tter efter den vackra stigen l\u00e4ngs Ljungan och kommer fram till pampiga Byforsenbron och d\u00e4r det vackert vid spegeldammen ligger ett vindskydd med eldstad.<\/p>\n\n\n\n<p>Vid Ljungan strax utanf\u00f6r Ljungaverk ligger&nbsp;<strong><a href=\"http:\/\/www.hussborg.com\/\" target=\"_blank\" rel=\"noreferrer noopener\">Hussborgs Herrg\u00e5rd<\/a><\/strong>, ett st\u00e5tligt stenhus uppf\u00f6rt i b\u00f6rjan av 1850-talet av Carl-Fredrik Huss, brorson till Magnus Huss.&nbsp;Efter Ljungaverk kommer du till Johannisberg som p\u00e5 1850-talet var en av Norrlands st\u00f6rsta lantegendomar.P\u00e5 sockengr\u00e4nsen mellan Torp och Borgsj\u00f6 l\u00e5g en stupstock och sista avr\u00e4ttningen h\u00f6lls 1809. I Sillre ska det enligt s\u00e4gnen ha funnits en sj\u00e4lastuga.<\/p>\n\n\n\n<h2 class=\"wp-block-heading\">DR\u00d6J DIG KVAR I BORGSJ\u00d6<\/h2>\n\n\n\n<p>I Borgsj\u00f6 finns mycket att se och g\u00f6ra. Ett givet stopp \u00e4r S:t Olavs k\u00e4lla, en av de mest ber\u00f6mda k\u00e4llorna efter leden, som ligger vid foten av Berg\u00e5sen.&nbsp;S:t Olavskulpturer finns i&nbsp;<strong><a rel=\"noreferrer noopener\" href=\"http:\/\/www.svenskakyrkan.se\/default.aspx?id=909861\" target=\"_blank\">Borgsj\u00f6 kyrka<\/a><\/strong>&nbsp;som \u00e4r en av landets vackraste rokokokyrkor, byggd 1771. Klockstapeln kallas \u201dKungen bland tr\u00e4torn i Norden\u201d. Du kan ocks\u00e5 bes\u00f6ka hembygdsg\u00e5rden med 20-talet hus och aktiviteter. I Borgsj\u00f6 finns \u00e4ven&nbsp;<strong><a rel=\"noreferrer noopener\" href=\"https:\/\/www.ange.se\/uppleva-och-gora\/turism-besok-ange-kommun\/naturum-ange.html\" target=\"_blank\">turistbyr\u00e5 och naturum<\/a><\/strong>, restaurang och vacker camping p\u00e5&nbsp;<a href=\"https:\/\/www.facebook.com\/borgsjostrand\" target=\"_blank\" rel=\"noreferrer noopener\">Borgsj\u00f6 Strand<\/a>&nbsp;som ligger vackert vid Borgsj\u00f6n.<\/p>\n","protected":false},"excerpt":{"rendered":"<p>Ruinen \u00e4r i dag en fridfull plats f\u00f6r musik och gudstj\u00e4nster. F\u00f6r er som kommer till Sundsvall med t\u00e5g kan med f\u00f6rdel f\u00f6lja ledm\u00e4rkningarna i \u00e5tta kilometer fr\u00e5n centralstationen till Sel\u00e5nger. S:t Olavsleden passerar Kungsn\u00e4s, d\u00e4r det l\u00e5g en forntida kungsg\u00e5rd. V\u00e4gen g\u00e5r fram i Sel\u00e5ngerdalens b\u00f6ljande jordbrukslandskap som har sp\u00e5r fr\u00e5n j\u00e4rn\u00e5ldern. I P\u00e5l\u00e4ng [&hellip;]<\/p>\n","protected":false},"author":3,"featured_media":2218,"parent":0,"menu_order":0,"comment_status":"closed","ping_status":"closed","template":"","meta":{"_acf_changed":false,"footnotes":""},"class_list":["post-2217","page","type-page","status-publish","has-post-thumbnail","hentry"],"acf":[],"_links":{"self":[{"href":"https:\/\/stolavsleden.com\/sv\/wp-json\/wp\/v2\/pages\/2217","targetHints":{"allow":["GET"]}}],"collection":[{"href":"https:\/\/stolavsleden.com\/sv\/wp-json\/wp\/v2\/pages"}],"about":[{"href":"https:\/\/stolavsleden.com\/sv\/wp-json\/wp\/v2\/types\/page"}],"author":[{"embeddable":true,"href":"https:\/\/stolavsleden.com\/sv\/wp-json\/wp\/v2\/users\/3"}],"replies":[{"embeddable":true,"href":"https:\/\/stolavsleden.com\/sv\/wp-json\/wp\/v2\/comments?post=2217"}],"version-history":[{"count":3,"href":"https:\/\/stolavsleden.com\/sv\/wp-json\/wp\/v2\/pages\/2217\/revisions"}],"predecessor-version":[{"id":9299,"href":"https:\/\/stolavsleden.com\/sv\/wp-json\/wp\/v2\/pages\/2217\/revisions\/9299"}],"wp:featuredmedia":[{"embeddable":true,"href":"https:\/\/stolavsleden.com\/sv\/wp-json\/wp\/v2\/media\/2218"}],"wp:attachment":[{"href":"https:\/\/stolavsleden.com\/sv\/wp-json\/wp\/v2\/media?parent=2217"}],"curies":[{"name":"wp","href":"https:\/\/api.w.org\/{rel}","templated":true}]}}