{"id":2211,"date":"2020-03-14T20:00:51","date_gmt":"2020-03-14T19:00:51","guid":{"rendered":"https:\/\/stolavsleden.se\/ostersund-are\/"},"modified":"2023-06-27T09:25:21","modified_gmt":"2023-06-27T07:25:21","slug":"ostersund-are","status":"publish","type":"page","link":"https:\/\/stolavsleden.com\/sv\/ostersund-are\/","title":{"rendered":"\u00d6stersund &#8211; \u00c5re"},"content":{"rendered":"\n<p>Stanna till vid runstenen strax efter Fr\u00f6s\u00f6bron (ca 300 meter v\u00e4ster om Coop) med skrift om att J\u00e4mtland kristnades och strosa fram p\u00e5 den gr\u00f6na \u00f6n och njut av utsikten mot Oviksfj\u00e4llen. Fr\u00f6s\u00f6 kyrka fr\u00e5n 1200-talet uppf\u00f6rdes med S:t Olav som skyddshelgon. Sommartid spelas dramat Arnljot h\u00e4r intill. Det handlar om vikingen fr\u00e5n G\u00e4ll\u00f6 som stred med S:t  Olav i Stiklestad.<\/p>\n\n\n\n<p>Ta dig \u00f6ver bron till R\u00f6d\u00f6n med borgkullen Tibrandsholm fr\u00e5n 1300-talet. Lyssna p\u00e5 v\u00e5gskvalp och spana efter Storsj\u00f6odjuret som s\u00e4gs bo i sj\u00f6ns djuph\u00e5lor. R\u00f6d\u00f6ns kyrka \u00e4r fr\u00e5n medeltiden och fick p\u00e5kostad inredning efter en brand p\u00e5 1920-talet. Vandringen k\u00e4nns ombonad vid jordgubbs- och potatisodlingar. S:t Olavsk\u00e4llan ligger i Viker\u00e4nget och du g\u00e5r p\u00e5 skogsstigar vid byn Tullus mot den aktiva byn N\u00e4lden.<\/p>\n\n\n\n<h2 class=\"wp-block-heading\">Vilsam vandring<\/h2>\n\n\n\n<p>Uppstr\u00f6ms Vaplan finns ett gammalt vadst\u00e4lle \u00f6ver Fax\u00e5n som \u00e4ven pilgrimerna anv\u00e4nde. Du g\u00e5r med vilsamma steg p\u00e5 gamla byv\u00e4gar till Valne och i mer kuperad terr\u00e4ng till&nbsp;<a href=\"http:\/\/www.glosaalgriket.se\/\" target=\"_blank\" rel=\"noreferrer noopener\">Gl\u00f6sa<\/a>&nbsp;med 5 000 \u00e5r gamla h\u00e4llristningar av \u00e4lgar. Stenh\u00e4llarna och b\u00e4ckens porl ger en tidl\u00f6s k\u00e4nsla. Leden&nbsp;forts\u00e4tter p\u00e5 Br\u00f6llopsstigen till&nbsp;<a href=\"http:\/\/www.wangen.se\/\" target=\"_blank\" rel=\"noreferrer noopener\">W\u00e5ngen<\/a>&nbsp;med h\u00e4stutbildningar och v\u00e4rdshus. Det \u00e4r ett bra stopp f\u00f6r att njuta av vyerna mot Alsensj\u00f6n och fj\u00e4llen.&nbsp;Bes\u00f6k g\u00e4rna Backg\u00e5rden i Alsen som har hantverksutst\u00e4llning sommartid.<\/p>\n\n\n\n<p>Terr\u00e4ngen \u00e4r kuperad vid H\u00e4lleberg och leden passerar byarna Kluk, Bleck\u00e5sen och Semlan d\u00e4r det fanns en kopparhytta. Idag lockar M\u00f6rsil med&nbsp;<a href=\"http:\/\/www.kretsloppshuset.com\/\" target=\"_blank\" rel=\"noreferrer noopener\">Kretsloppshuset<\/a>&nbsp;som \u00e4r en gr\u00f6n oas med tr\u00e4dg\u00e5rdar och mat av n\u00e4rodlat. Intill kyrkan ligger R\u00f6mmens hembygdsg\u00e5rd och det finns rester av en 1600-talsskans.<\/p>\n\n\n\n<p>Leden g\u00e5r invid fiskrika sj\u00f6n Liten med badplats i St\u00e5lsviken och Havsdoan till J\u00e4rpen som \u00e4r centralort. V\u00e4gen v\u00e4sterut \u00e4r vacker och passerar kyrkoruinen i Slags\u00e5n och Unders\u00e5kers kyrka. Du kommer snart till <a href=\"https:\/\/hallandsgarden.com\" target=\"_blank\" rel=\"noopener\">H\u00e5llandsg\u00e5rden<\/a> d\u00e4r de har byggt upp ett centrum f\u00f6r pilgrimer med stavkyrka i gr\u00e5nat tr\u00e4 fr\u00e5n 1999. Det finns en modell av Jerusalem, och utanf\u00f6r kyrkan \u00e5terges en landskapsbild av Jesu tids Palestina. Detta familjehotell ordnar \u00e4ven guidning och konserter. Leden g\u00e5r sedan vidare via en Olavsk\u00e4lla och det mycket pampiga Ristafallet. Ett 14 meter h\u00f6gt vattenfall.<\/p>\n\n\n\n<h2 class=\"wp-block-heading\">Fj\u00e4llbyn vid \u00c5reskutan<\/h2>\n\n\n\n<p>S:t Olavsleden g\u00e5r p\u00e5 h\u00f6jderna ovanf\u00f6r byn Unders\u00e5ker mot Brattland med vyer mot Renfj\u00e4llet och \u00c5reskutan. Du g\u00e5r i jordbruksbygd l\u00e4ngs S\u00e5\u00e5 byv\u00e4g till&nbsp;<a href=\"http:\/\/www.are360.com\/\" target=\"_blank\" rel=\"noreferrer noopener\">\u00c5re<\/a>&nbsp;som \u00e4r alpint centrum f\u00f6r vandring och skid\u00e5kning med m\u00e5nga restauranger, hotell och butiker. Det finns \u00e4ven&nbsp;<a href=\"http:\/\/holidayclub.se\/\" target=\"_blank\" rel=\"noreferrer noopener\">\u00e4ventyrsbad<\/a>&nbsp;inomhus och badplats i \u00c5resj\u00f6n. Njut av stillheten i den gamla kyrkan fr\u00e5n slutet av 1100-talet med S:t Olavsstaty if\u00f6rd karolinerhatt.<\/p>\n\n\n\n<p>Rensk\u00f6tseln har en mycket l\u00e5ng historia i dalg\u00e5ngen, och tidigare fanns renar mitt i dagens skidbackar och slakthagar vid Ullsj\u00f6n. Idag finns fyra samebyar i&nbsp;<a rel=\"noreferrer noopener\" href=\"http:\/\/are.se\/\" target=\"_blank\">\u00c5re kommun<\/a>&nbsp;och rensk\u00f6tseln \u00e4r aktiv. Den sydsamiska sl\u00f6jden har runda former ofta med sicksackm\u00f6nster. \u00c5re Hemsl\u00f6jd har samesl\u00f6jd fr\u00e5n hela landet med knivar, halssmycken och annat. Till&nbsp;Thomassons g\u00e5rd&nbsp;flyttade ren\u00e4garen och fotografen Nils Thomasson med sin familj 1916. D\u00e5 var g\u00e5rden en knutpunkt f\u00f6r samer fr\u00e5n n\u00e4r och fj\u00e4rran. H\u00e4r fanns alltid husrum och samtalen runt matbordet handlade m\u00e5nga g\u00e5nger om strategier och planer f\u00f6r att \u00f6ka f\u00f6rst\u00e5elsen f\u00f6r renn\u00e4ringen och tydligg\u00f6ra r\u00e4ttigheter f\u00f6r samerna. Idag har de konferenser och erbjuder boende och de f\u00f6r den samiska kulturen vidare.<\/p>\n","protected":false},"excerpt":{"rendered":"<p>Stanna till vid runstenen strax efter Fr\u00f6s\u00f6bron (ca 300 meter v\u00e4ster om Coop) med skrift om att J\u00e4mtland kristnades och strosa fram p\u00e5 den gr\u00f6na \u00f6n och njut av utsikten mot Oviksfj\u00e4llen. Fr\u00f6s\u00f6 kyrka fr\u00e5n 1200-talet uppf\u00f6rdes med S:t Olav som skyddshelgon. Sommartid spelas dramat Arnljot h\u00e4r intill. Det handlar om vikingen fr\u00e5n G\u00e4ll\u00f6 som [&hellip;]<\/p>\n","protected":false},"author":3,"featured_media":2212,"parent":0,"menu_order":0,"comment_status":"closed","ping_status":"closed","template":"","meta":{"_acf_changed":false,"footnotes":""},"class_list":["post-2211","page","type-page","status-publish","has-post-thumbnail","hentry"],"acf":[],"_links":{"self":[{"href":"https:\/\/stolavsleden.com\/sv\/wp-json\/wp\/v2\/pages\/2211","targetHints":{"allow":["GET"]}}],"collection":[{"href":"https:\/\/stolavsleden.com\/sv\/wp-json\/wp\/v2\/pages"}],"about":[{"href":"https:\/\/stolavsleden.com\/sv\/wp-json\/wp\/v2\/types\/page"}],"author":[{"embeddable":true,"href":"https:\/\/stolavsleden.com\/sv\/wp-json\/wp\/v2\/users\/3"}],"replies":[{"embeddable":true,"href":"https:\/\/stolavsleden.com\/sv\/wp-json\/wp\/v2\/comments?post=2211"}],"version-history":[{"count":3,"href":"https:\/\/stolavsleden.com\/sv\/wp-json\/wp\/v2\/pages\/2211\/revisions"}],"predecessor-version":[{"id":8815,"href":"https:\/\/stolavsleden.com\/sv\/wp-json\/wp\/v2\/pages\/2211\/revisions\/8815"}],"wp:featuredmedia":[{"embeddable":true,"href":"https:\/\/stolavsleden.com\/sv\/wp-json\/wp\/v2\/media\/2212"}],"wp:attachment":[{"href":"https:\/\/stolavsleden.com\/sv\/wp-json\/wp\/v2\/media?parent=2211"}],"curies":[{"name":"wp","href":"https:\/\/api.w.org\/{rel}","templated":true}]}}