{"id":2208,"date":"2020-03-14T20:00:12","date_gmt":"2020-03-14T19:00:12","guid":{"rendered":"https:\/\/stolavsleden.se\/borgsjo-ostersund\/"},"modified":"2023-08-22T13:35:59","modified_gmt":"2023-08-22T11:35:59","slug":"borgsjo-ostersund","status":"publish","type":"page","link":"https:\/\/stolavsleden.com\/sv\/borgsjo-ostersund\/","title":{"rendered":"Borgsj\u00f6 &#8211; \u00d6stersund"},"content":{"rendered":"\n<p>Fr\u00e5n Borgsj\u00f6 g\u00e5r du vid Lomb\u00e4ckens orkid\u00e9er genom en by med v\u00e4lh\u00e5llna timmerhus. Det finns gamla f\u00e5ngstgropar f\u00f6r jakt p\u00e5 bland annat \u00e4lgar. Vid J\u00e4mtlandsgr\u00e4nsen l\u00e5g J\u00e4mtkrogen som fr\u00e5n 1650-talet var ett g\u00e4stgiveri d\u00e4r postryttare och forb\u00f6nder \u00f6vernattade. Enligt s\u00e4gnen har det varit tingsplats vid Altarstenen d\u00e4r vid gr\u00e4nsen.<\/p>\n\n\n\n<h2 class=\"wp-block-heading\">G\u00e4stgiverier f\u00f6r alla<\/h2>\n\n\n\n<p>I J\u00e4mtskogen och Br\u00e4cke fanns g\u00e4stgiverier som tog emot allt fr\u00e5n kungar och \u00e4rkebiskopar till handelsm\u00e4n, kurirer och r\u00f6vare. Under den senare delen av 1800-talet drevs J\u00e4mtkrogen av den legendariska g\u00e4stgiverskan Moster i Krog. I centralorten Br\u00e4cke reser sig st\u00e5tliga tr\u00e4hus fr\u00e5n f\u00f6rra sekelskiftet. Samh\u00e4llet v\u00e4xte n\u00e4r j\u00e4rnv\u00e4gen byggdes ut under 1870-talet. Vid hembygdsg\u00e5rden finns ett str\u00f6vomr\u00e5de och sommartid ett litet museum och caf\u00e9. Br\u00e4cke kyrka fr\u00e5n 1859 ligger fint p\u00e5 h\u00f6jden.<\/p>\n\n\n\n<p>Leden passerar Mordviken som inte \u00e4r s\u00e5 dramatisk som det l\u00e5ter \u2013 namnet kommer fr\u00e5n ordet mordh i betydelsen skog. Byn ligger vid fiskrika Revsundssj\u00f6n, och Gim\u00e5n med forsar och lugnvatten lockar ocks\u00e5 m\u00e5nga att pr\u00f6va fiskelyckan. H\u00e4r finns Gim\u00e5rasten med fikastuga, vindskydd, grillplats och toaletter. Tr\u00e4bron \u00f6ver \u00e5n vilar p\u00e5 stenar fr\u00e5n flottningstiden.<\/p>\n\n\n\n<p>Fr\u00e5n Stavre g\u00e5r turer med&nbsp;<a href=\"http:\/\/www.ss-alma.se\/\" target=\"_blank\" rel=\"noreferrer noopener\">\u00e5ngaren Alma<\/a>.&nbsp;I J\u00e4mtland finns n\u00e5gra av Europas \u00e4ldsta timmerhus, och ett h\u00e4rbre i M\u00e4lg\u00e5sen \u00e4r fr\u00e5n 1600. I Grimn\u00e4s ligger Skelett\u00e5kern med fynd fr\u00e5n sent 1200-tal.<\/p>\n\n\n\n<h2 class=\"wp-block-heading\">Knutpunkt f\u00f6r pilgrimer<\/h2>\n\n\n\n<p>I&nbsp;<a href=\"https:\/\/www.svenskakyrkan.se\/bracke-revsund\/revsunds-kyrka-och-kapell\" target=\"_blank\" rel=\"noreferrer noopener\">Revsunds kyrka<\/a>&nbsp;finns en S:t Olavsbild fr\u00e5n 1200-talet. Revsund \u00e4r en knutpunkt f\u00f6r pilgrimer och h\u00e4rifr\u00e5n leder den icke skyltade J\u00e4mt-Norgev\u00e4gen mot H\u00e4rjedalsfj\u00e4llen medan S:t Olavsleden g\u00e5r vidare v\u00e4sterut mot Anviken med H\u00e5llbergsgrottan d\u00e4r en fredl\u00f6s man g\u00f6mt sig.<\/p>\n\n\n\n<p>I Pilgrimstad har det ber\u00e4ttats att det i tr\u00e4den runt pilgrimsk\u00e4llan h\u00e4ngde k\u00e4ppar eftersom pilgrimerna blev kvitt sina kr\u00e4mpor n\u00e4r de drack av vattnet. Invid k\u00e4llan ligger kapellet Pilgrimernas hus som invigdes f\u00f6r cirka 20 \u00e5r sedan. I ett grustag i trakten gjordes en unik uppt\u00e4ckt, och det var 80 000 \u00e5r gamla ben fr\u00e5n en mammut!<\/p>\n\n\n\n<h2 class=\"wp-block-heading\">Utsikt mot fj\u00e4llen<\/h2>\n\n\n\n<p>Leden g\u00e5r vid Runberget och i Svedje st\u00e5r Kungsstenen som visar att Karl XIV Johan \u00e5t frukost h\u00e4r 1835. Kornet hade frusit under natten, och det var f\u00f6rsta g\u00e5ngen som kungen s\u00e5g frostig s\u00e4d. Vandringen forts\u00e4tter till H\u00e5llsta kvarn, och genom byarna Balsta, Sl\u00e5tte och Bodal som bjuder p\u00e5 utsikt mot fj\u00e4llen. I trakten v\u00e4xer J\u00e4mtlands landskapsblomma som \u00e4r den fridlysta orkid\u00e9n brunkullan.<\/p>\n\n\n\n<p>I Berge kan du vid Storflat\u00e5kern se hur bygden s\u00e5g ut f\u00f6re 1800-talet med odlingsr\u00f6sen. Kalkstenen i omr\u00e5det \u00e4r Sveriges b\u00e4sta och i Gusta finns stenmuseum. Under 1920-talet blomstrade Skandinaviens st\u00f6rsta stenindustri d\u00e4r.<\/p>\n\n\n\n<p>Brunflo har en 30 meter h\u00f6g kastal, ett f\u00f6rsvarstorn fr\u00e5n 1100-talet, som helgades \u00e5t S:t Olav. Namnet Brunflo betyder brunnen vid myren och vid L\u00f6vberget ligger S:t Olavs k\u00e4lla. Odensalak\u00e4rret \u00e4r rikt p\u00e5 orkid\u00e9er och ligger invid S:t Olavsleden, tre kilometer fr\u00e5n \u00d6stersund. P\u00e5 grund av det kalkhaltiga vattnet trivs bland annat purpurknipprot med m\u00f6rkt purpurr\u00f6da och vaniljdoftande blommor. Markerade stigar och sp\u00e4nger g\u00e5r fram mellan flugblomster, brudsporre och tv\u00e5blad.<\/p>\n\n\n\n<p><a href=\"http:\/\/www.ostersund.se\/\" target=\"_blank\" rel=\"noreferrer noopener\">\u00d6stersund<\/a>&nbsp;\u00e4r den enda staden i J\u00e4mtlands l\u00e4n, och grundades 1786 av Gustav III.&nbsp;G\u00f6r ett bes\u00f6k p\u00e5&nbsp;<a href=\"http:\/\/www.jamtli.se\/\" target=\"_blank\" rel=\"noreferrer noopener\">Jamtli&nbsp;<\/a>som \u00e4r ett levande historieland d\u00e4r du sommartid m\u00f6ter tidsenligt kl\u00e4dda m\u00e4nniskor i husen som ber\u00e4ttar om livet f\u00f6rr.<\/p>\n","protected":false},"excerpt":{"rendered":"<p>Fr\u00e5n Borgsj\u00f6 g\u00e5r du vid Lomb\u00e4ckens orkid\u00e9er genom en by med v\u00e4lh\u00e5llna timmerhus. Det finns gamla f\u00e5ngstgropar f\u00f6r jakt p\u00e5 bland annat \u00e4lgar. Vid J\u00e4mtlandsgr\u00e4nsen l\u00e5g J\u00e4mtkrogen som fr\u00e5n 1650-talet var ett g\u00e4stgiveri d\u00e4r postryttare och forb\u00f6nder \u00f6vernattade. Enligt s\u00e4gnen har det varit tingsplats vid Altarstenen d\u00e4r vid gr\u00e4nsen. G\u00e4stgiverier f\u00f6r alla I J\u00e4mtskogen och [&hellip;]<\/p>\n","protected":false},"author":3,"featured_media":3318,"parent":0,"menu_order":0,"comment_status":"closed","ping_status":"closed","template":"","meta":{"_acf_changed":false,"footnotes":""},"class_list":["post-2208","page","type-page","status-publish","has-post-thumbnail","hentry"],"acf":[],"_links":{"self":[{"href":"https:\/\/stolavsleden.com\/sv\/wp-json\/wp\/v2\/pages\/2208","targetHints":{"allow":["GET"]}}],"collection":[{"href":"https:\/\/stolavsleden.com\/sv\/wp-json\/wp\/v2\/pages"}],"about":[{"href":"https:\/\/stolavsleden.com\/sv\/wp-json\/wp\/v2\/types\/page"}],"author":[{"embeddable":true,"href":"https:\/\/stolavsleden.com\/sv\/wp-json\/wp\/v2\/users\/3"}],"replies":[{"embeddable":true,"href":"https:\/\/stolavsleden.com\/sv\/wp-json\/wp\/v2\/comments?post=2208"}],"version-history":[{"count":3,"href":"https:\/\/stolavsleden.com\/sv\/wp-json\/wp\/v2\/pages\/2208\/revisions"}],"predecessor-version":[{"id":8843,"href":"https:\/\/stolavsleden.com\/sv\/wp-json\/wp\/v2\/pages\/2208\/revisions\/8843"}],"wp:featuredmedia":[{"embeddable":true,"href":"https:\/\/stolavsleden.com\/sv\/wp-json\/wp\/v2\/media\/3318"}],"wp:attachment":[{"href":"https:\/\/stolavsleden.com\/sv\/wp-json\/wp\/v2\/media?parent=2208"}],"curies":[{"name":"wp","href":"https:\/\/api.w.org\/{rel}","templated":true}]}}